{"id":114,"date":"2025-03-06T00:31:01","date_gmt":"2025-03-05T23:31:01","guid":{"rendered":"https:\/\/gyorteszt.lutheran.hu\/wordpress\/?page_id=114"},"modified":"2025-03-16T19:35:27","modified_gmt":"2025-03-16T18:35:27","slug":"insula-lutherana","status":"publish","type":"page","link":"https:\/\/gyor.lutheran.hu\/?page_id=114","title":{"rendered":"Insula Lutherana"},"content":{"rendered":"\n<h2 class=\"wp-block-heading\">A gy\u0151ri&nbsp;Insula Lutherana \u00e9p\u00fcletegy\u00fcttes<\/h2>\n\n\n\n<figure class=\"wp-block-image size-large\"><img loading=\"lazy\" decoding=\"async\" width=\"1024\" height=\"768\" src=\"https:\/\/gyor.lutheran.hu\/wp-content\/uploads\/2025\/03\/DJI_0205_logo-1024x768.jpg\" alt=\"\" class=\"wp-image-463\" srcset=\"https:\/\/gyor.lutheran.hu\/wp-content\/uploads\/2025\/03\/DJI_0205_logo-1024x768.jpg 1024w, https:\/\/gyor.lutheran.hu\/wp-content\/uploads\/2025\/03\/DJI_0205_logo-300x225.jpg 300w, https:\/\/gyor.lutheran.hu\/wp-content\/uploads\/2025\/03\/DJI_0205_logo-768x576.jpg 768w, https:\/\/gyor.lutheran.hu\/wp-content\/uploads\/2025\/03\/DJI_0205_logo-1536x1151.jpg 1536w, https:\/\/gyor.lutheran.hu\/wp-content\/uploads\/2025\/03\/DJI_0205_logo.jpg 2048w\" sizes=\"auto, (max-width: 1024px) 100vw, 1024px\" \/><\/figure>\n\n\n\n<p>Orsz\u00e1gos viszonylatban is egyed\u00fcl\u00e1ll\u00f3nak tekinthet\u0151 a Gy\u0151ri Evang\u00e9likus Egyh\u00e1zk\u00f6zs\u00e9g \u00fajv\u00e1rosi \u00e9p\u00fcletegy\u00fcttese, az Insula Lutherana. K\u00fcl\u00f6nlegess\u00e9g\u00e9t a t\u00fcrelmi rendelet szigor\u00fa el\u0151\u00edr\u00e1sait betartani k\u00e9nytelen \u00e9p\u00edt\u00e9szeti megold\u00e1sokon t\u00fal az az \u00f6sszetett int\u00e9zm\u00e9nyi h\u00e1l\u00f3zat adja, mely a mai napig szolg\u00e1lja az el\u0151d\u00f6k \u00e1ltal kit\u0171z\u00f6tt nemes c\u00e9lokat.<\/p>\n\n\n\n<figure class=\"wp-block-image size-large\"><img loading=\"lazy\" decoding=\"async\" width=\"1024\" height=\"768\" src=\"https:\/\/gyor.lutheran.hu\/wp-content\/uploads\/2025\/03\/DJI_0224_logo-1024x768.jpg\" alt=\"\" class=\"wp-image-465\" srcset=\"https:\/\/gyor.lutheran.hu\/wp-content\/uploads\/2025\/03\/DJI_0224_logo-1024x768.jpg 1024w, https:\/\/gyor.lutheran.hu\/wp-content\/uploads\/2025\/03\/DJI_0224_logo-300x225.jpg 300w, https:\/\/gyor.lutheran.hu\/wp-content\/uploads\/2025\/03\/DJI_0224_logo-768x576.jpg 768w, https:\/\/gyor.lutheran.hu\/wp-content\/uploads\/2025\/03\/DJI_0224_logo-1536x1151.jpg 1536w, https:\/\/gyor.lutheran.hu\/wp-content\/uploads\/2025\/03\/DJI_0224_logo.jpg 2048w\" sizes=\"auto, (max-width: 1024px) 100vw, 1024px\" \/><\/figure>\n\n\n\n<p>Az \u00e9p\u00fcletegy\u00fcttes tervez\u00e9se 1781-ben kezd\u0151dhetett meg az erre a c\u00e9lra kijel\u00f6lt \u00fajv\u00e1rosi telken. A munk\u00e1latok 1784 \u00e1prilis\u00e1ban indulhattak meg. A k\u00fcl\u00f6nb\u00f6z\u0151 munkaf\u00e1zisok elv\u00e9gz\u00e9s\u00e9t z\u00f6m\u00e9ben helybeli iparosmesterekre b\u00edzt\u00e1k, ez al\u00f3l csup\u00e1n n\u00e9h\u00e1ny kiv\u00e9telt tal\u00e1lunk. K\u00f6z\u00fcl\u00fck kiemelkedik Szekl Jakab \u201ek\u00e9p-\u00edr\u00f3\u201d, aki a bels\u0151 d\u00edsz\u00edt\u0151-fest\u0151 munk\u00e1kat kivitelezte. A f\u0151bej\u00e1rat k\u00fcsz\u00f6be al\u00e1 szem\u00e9lyesen Sigmund von Gemmingen cs\u00e1sz\u00e1ri t\u00e1borszernagy helyezte el az alap\u00edt\u00f3 okiratot 1785. j\u00fanius 1-j\u00e9n. A templomban az els\u0151 h\u00e1laad\u00f3 istentiszteletre 1785. november 27-\u00e9n ker\u00fclt sor.<\/p>\n\n\n\n<figure class=\"wp-block-image size-large\"><img loading=\"lazy\" decoding=\"async\" width=\"1024\" height=\"768\" src=\"https:\/\/gyor.lutheran.hu\/wp-content\/uploads\/2025\/03\/DJI_0230_logo-1024x768.jpg\" alt=\"\" class=\"wp-image-466\" srcset=\"https:\/\/gyor.lutheran.hu\/wp-content\/uploads\/2025\/03\/DJI_0230_logo-1024x768.jpg 1024w, https:\/\/gyor.lutheran.hu\/wp-content\/uploads\/2025\/03\/DJI_0230_logo-300x225.jpg 300w, https:\/\/gyor.lutheran.hu\/wp-content\/uploads\/2025\/03\/DJI_0230_logo-768x576.jpg 768w, https:\/\/gyor.lutheran.hu\/wp-content\/uploads\/2025\/03\/DJI_0230_logo-1536x1151.jpg 1536w, https:\/\/gyor.lutheran.hu\/wp-content\/uploads\/2025\/03\/DJI_0230_logo.jpg 2048w\" sizes=\"auto, (max-width: 1024px) 100vw, 1024px\" \/><\/figure>\n\n\n\n<p>Az \u00e9p\u00fcletegy\u00fcttes k\u00f6zponti elem\u00e9t a torony n\u00e9lk\u00fcl \u00e9p\u00fclt templom k\u00e9pezi. T\u00f6mege egyetlen t\u00e9glatestb\u0151l \u00e1ll, amelyet meredek hajl\u00e1s\u00fa, k\u00e9t oldal\u00e1n kontyolt magastet\u0151 koron\u00e1z. A templom\u00e9p\u00fclet magass\u00e1g\u00e1nak nagyobbik fel\u00e9t a tet\u0151 teszi ki, \u00edgy \u00e9rthet\u0151, hogy a lefed\u00e9s hatalmas, g\u00fala form\u00e1j\u00fa, cser\u00e9ppel fedett t\u00f6mege meghat\u00e1roz\u00f3 mot\u00edvuma az eg\u00e9sz \u00e9p\u00fcletnek.<\/p>\n\n\n\n<p>Ami a templom bels\u0151 ter\u00e9t illeti, az h\u00e1romhaj\u00f3s, hatszakaszos, csarnokt\u00e9r elrendez\u00e9s\u0171. A t\u00e9rlefed\u00e9st k\u00e9tszintes pill\u00e9rek hordj\u00e1k. A t\u00fck\u00f6rboltozattal fedett k\u00f6z\u00e9phaj\u00f3 a k\u00e9t mell\u00e9khaj\u00f3hoz k\u00e9pest igen sz\u00e9les, \u00e9s valamivel magasabb is. A mell\u00e9khaj\u00f3k alaprajza ugyanakkor teljes sz\u00e9less\u00e9g\u00e9ben f\u00e9lk\u00f6r\u00edvvel z\u00e1r\u00f3dik. A f\u0151- \u00e9s mell\u00e9khaj\u00f3k ar\u00e1nyai \u00e9s a jellegzetes alaprajzi forma okozza, hogy a t\u00e9r hat\u00e1s\u00e1ban eml\u00e9keztet a k\u00e9s\u0151bbi klassziciz\u00e1l\u00f3 templom\u00e9p\u00fcletek k\u00f6zpontos elrendez\u00e9s\u00e9re.<\/p>\n\n\n\n<p>1871-ben az \u00e9p\u00fcletet sekresty\u00e9vel b\u0151v\u00edtett\u00e9k. Ebben az esztend\u0151ben \u00faj olt\u00e1rk\u00e9pet is k\u00e9sz\u00edttettek a h\u00edvek. A k\u00e9p a Gecsem\u00e1n\u00e9-kertben virraszt\u00f3 \u00e9s im\u00e1dkoz\u00f3 Krisztust \u00e1br\u00e1zolja. A festm\u00e9ny Orlai Petrich Soma alkot\u00e1sa. Mag\u00e1t a sz\u00f3sz\u00e9kkel egyes\u00edtett olt\u00e1rt m\u00e9g 1785-ben v\u00e1s\u00e1rolt\u00e1k Bud\u00e1n, fest\u00e9s\u00e9t a fent eml\u00edtett Szekl Jakabra b\u00edzt\u00e1k. A sz\u00f3sz\u00e9k d\u00edszes hangvet\u0151j\u00e9ben Isten B\u00e1r\u00e1nya farag\u00e1s kapott helyet.<\/p>\n\n\n\n<p>A kor\u00e1bbi f\u00e1b\u00f3l \u00e1csolt keresztel\u0151kutat 1818-ban cser\u00e9lt\u00e9k le \u2013 Czech Gy\u00f6rgy felaj\u00e1nl\u00e1sa nyom\u00e1n \u2013 egy j\u00f3val impoz\u00e1nsabb v\u00f6r\u00f6sm\u00e1rv\u00e1nyb\u00f3l k\u00e9sz\u00fclt k\u00fatra, mely ma is templomunkban \u00e1ll.<\/p>\n\n\n\n<p>A templomban tal\u00e1lhat\u00f3 szakr\u00e1lis t\u00e1rgyak k\u00f6z\u00fcl vitathatatlanul a legr\u00e9gebbiek, s tal\u00e1n egyben a leg\u00e9rt\u00e9kesebbek az olt\u00e1r fesz\u00fclete, gyertyatart\u00f3i \u00e9s eredeti olt\u00e1rter\u00edt\u0151i. Ezeket m\u00e9g Torkos Andr\u00e1s lelk\u00e9szi szolg\u00e1lata idej\u00e9n kapta a gy\u00fclekezet a 18. sz\u00e1zad elej\u00e9n.<\/p>\n\n\n\n<p>A jelenleg haszn\u00e1latos modern, h\u00e1rom manu\u00e1los orgona 1927-ben k\u00e9sz\u00fclt a h\u00edres p\u00e9csi Angster c\u00e9gn\u00e9l. A kor\u00e1bbi hangszert m\u00e9g 1791-ben v\u00e1s\u00e1rolta M\u00fcller Eberhardtn\u00e9 Lehner Zsuzsa. Az ekkor kialak\u00edtott aranyozott feh\u00e9r homlokzatot, rajta az adom\u00e1nyoz\u00f3 c\u00edmer\u00e9vel, a mai orgon\u00e1n is megcsod\u00e1lhatjuk. Ennek k\u00f6sz\u00f6nhet\u0151 az is, hogy a modern hangszer egy\u00e1ltal\u00e1n nem \u00fct el a templom bels\u0151 ter\u00e9nek t\u00f6bbi r\u00e9szlet\u00e9t\u0151l.<\/p>\n\n\n\n<p>Az \u00e9p\u00fcletet a nap\u00f3leoni h\u00e1bor\u00fak id\u0151szak\u00e1ban t\u00f6bb tal\u00e1lat \u00e9rte. Ennek eml\u00e9k\u00e9t ma is \u0151rzik a falakba \u00e1gyazottan l\u00e1that\u00f3 \u00e1gy\u00fagoly\u00f3k.<\/p>\n\n\n\n<p>2016 sor\u00e1n a k\u00f6zelg\u0151 jubileumi \u00e9v tisztelet\u00e9re a templom nagyobb, teljes k\u00f6r\u0171 fel\u00faj\u00edt\u00e1s\u00e1ra ker\u00fclt sor. Ennek sor\u00e1n a k\u00fcls\u0151 \u00e9s bels\u0151 tataroz\u00e1son t\u00fal restaur\u00e1tori munk\u00e1latokat is v\u00e9geztek a sz\u00f3sz\u00e9kolt\u00e1ron, a padozaton \u00e9s az orgon\u00e1n. Emellett fel\u00faj\u00edtott\u00e1k az \u00e9p\u00fclet villamos h\u00e1l\u00f3zat\u00e1t \u00e9s korszer\u0171s\u00edtett\u00e9k a f\u0171t\u00e9si rendszert is.<\/p>\n\n\n\n<p>A templom k\u00f6r\u00fcl fokozatosan j\u00f6ttek l\u00e9tre azok az \u00e9p\u00fcletek, melyek a&nbsp;mai Insula&nbsp;Lutherana&nbsp;\u00e9p\u00fcletegy\u00fcttest alkotj\u00e1k. Els\u0151k\u00e9nt a konvent\u00e9p\u00fclet, mely eredetileg is, s napjainkban is els\u0151sorban gy\u00fclekezeti c\u00e9lokat szolg\u00e1l.<\/p>\n\n\n\n<p>A 18. sz\u00e1zad v\u00e9g\u00e9n csatlakozott ehhez az evang\u00e9likus n\u00e9piskola, mely az \u00e1llamos\u00edt\u00e1s id\u0151szak\u00e1t lesz\u00e1m\u00edtva az\u00f3ta is t\u00f6retlen\u00fcl m\u0171k\u00f6dik, s az elm\u00falt \u00e9vtizedekben jelent\u0151s fejl\u0151d\u00e9sen ment kereszt\u00fcl. M\u00e1ra az \u00e1ltal\u00e1nos iskolai \u00e9vfolyamok mellett nyolc- \u00e9s n\u00e9gyoszt\u00e1lyos gimn\u00e1ziumi tagozatokat is ind\u00edtottak. A gy\u00fclekezet nevel\u00e9si tev\u00e9kenys\u00e9ge azonban itt m\u00e9g nem \u00e9r v\u00e9get, hiszen 1991-t\u0151l kezd\u0151d\u0151en az \u00e9p\u00fcletegy\u00fcttes evang\u00e9likus \u00f3vod\u00e1nak is otthont ny\u00fajt.<\/p>\n\n\n\n<p>A 19. sz\u00e1zad v\u00e9g\u00e9n \u00fajabb munka\u00e1gk\u00e9nt megjelent a szoci\u00e1lis gondoskod\u00e1s is, melynek keret\u00e9ben szereteth\u00e1zat alap\u00edtottak, ahol \u00e1rv\u00e1kat neveltek, id\u0151s r\u00e1szorul\u00f3kat gondoztak. A k\u00e9t vil\u00e1gh\u00e1bor\u00fa k\u00f6z\u00f6tt k\u00fcl\u00f6n\u00f6sen vir\u00e1gz\u00f3 \u00e9s szerte\u00e1gaz\u00f3 tev\u00e9kenys\u00e9g folyt az int\u00e9zm\u00e9ny falain bel\u00fcl. A gy\u0151ri evang\u00e9likus szereteth\u00e1z jelenleg is ell\u00e1tja feladat\u00e1t, mintegy 100 id\u0151s ember \u00e1pol\u00e1s\u00e1t, gondoz\u00e1s\u00e1t v\u00e1llalja \u00e1t az erre ig\u00e9nyt tart\u00f3 csal\u00e1dokt\u00f3l.<\/p>\n\n\n\n<h4 class=\"wp-block-heading\">&nbsp;<\/h4>\n\n\n\n<h4 class=\"wp-block-heading\">Az Insula Lutherana projekt 2015-2019<\/h4>\n\n\n\n<p>A fejleszt\u00e9s keret\u00e9ben tervezett f\u0151bb beavatkoz\u00e1sok \u00e9p\u00fcletenk\u00e9nt:<br>\u2022&nbsp;&nbsp; &nbsp; A&nbsp;<strong>24 oszt\u00e1lyos iskol\u00e1ban<\/strong>&nbsp;a hi\u00e1nyos tantermi strukt\u00fara lehet\u0151s\u00e9gek szerinti kieg\u00e9sz\u00edt\u00e9se, a bels\u0151 alaprajzi elrendez\u00e9s koMfortos\u00edt\u00e1sa, a megl\u00e9v\u0151 meleg\u00edt\u0151-<br>konyha, \u00e9s az \u00e9tkez\u0151 kapacit\u00e1s\u00e1nak megn\u00f6vel\u00e9se, az \u00e9p\u00fclet akad\u00e1lymentes\u00edt\u00e9se, energetikai fel\u00faj\u00edt\u00e1s (ablakcsere, f\u0171t\u00e9s korszer\u0171s\u00edt\u00e9s, vil\u00e1g\u00edt\u00e1s korszer\u0171s\u00edt\u00e9s).<br>\u2022&nbsp;&nbsp; &nbsp; A&nbsp;<strong>R\u00e1t M. t\u00e9r 2. sz. \u00e9p\u00fclet<\/strong>&nbsp;\u00e1talak\u00edt\u00e1sa gy\u0171jtem\u00e9nyi \u00e9p\u00fclett\u00e9, f\u00f6ldszinten k\u00f6nyvt\u00e1r-lev\u00e9lt\u00e1rral, az emelet udvari traktus\u00e1ban gy\u0171jtem\u00e9nyi rakt\u00e1rakkal, az emelet<br>utcai traktus\u00e1ban \u00e9s a tet\u0151t\u00e9rben a DIMENZI\u00d3 Kft b\u00e9rirod\u00e1j\u00e1val.<br>\u2022&nbsp;&nbsp; &nbsp; A&nbsp;<strong>Konvent\u00e9p\u00fclet&nbsp;<\/strong>fel\u00faj\u00edt\u00e1sa-\u00e1talak\u00edt\u00e1sa, a f\u00f6ldszinten egyh\u00e1zk\u00f6zs\u00e9gi hivatali helyis\u00e9gekkel, varrod\u00e1val, cserk\u00e9szklubbal, k\u00f6zponti portaszolg\u00e1lattal, l\u00e1-<br>togat\u00f3k\u00f6zponttal, \u00e9s gy\u00fclekezeti teremmel, az emeleten 33 f\u00e9r\u0151helyes k\u00f6z\u00e9piskolai koll\u00e9giummal, akad\u00e1lymentes kialak\u00edt\u00e1ssal, pinc\u00e9ben di\u00e1kklubbal, ill. ker\u00e9kp\u00e1rt\u00e1rol\u00f3val,<br>a d\u00e9li sz\u00e1rnyban az \u00f3voda r\u00e9szegys\u00e9geivel, az \u00e9p\u00fclet \u00e9szaki v\u00e9g\u00e9ben az emeleten l\u00e9v\u0151, k\u00f6zelm\u00faltban fel\u00faj\u00edtott p\u00fcsp\u00f6ki lak\u00e1s v\u00e1ltozatlanul<br>tart\u00e1s\u00e1val.<br>\u2022&nbsp;&nbsp; &nbsp; A&nbsp;<strong>Kossuth u 16 sz.<\/strong>&nbsp;alatti n\u00e9gylak\u00e1sos lak\u00f3\u00e9p\u00fclet fel\u00faj\u00edt\u00e1sa-\u00e1talak\u00edt\u00e1sa hatlak\u00e1sos lak\u00f3\u00e9p\u00fclett\u00e9, lelk\u00e9szi szolg\u00e1lati lak\u00e1sok c\u00e9lj\u00e1ra.<br>\u2022&nbsp;&nbsp; &nbsp; A jelenleg az \u00e9p\u00fcleten bel\u00fcl bontottan \u00fczemel\u0151&nbsp;<strong>5-foglalkoztat\u00f3s \u00f3voda<\/strong>&nbsp;sz\u00e1m\u00e1ra \u00faj \u00e9p\u00fcletsz\u00e1rny \u00e9p\u00edt\u00e9s\u00e9vel, a Konvent \u00e9p\u00fclet d\u00e9li traktus\u00e1nak felhaszn\u00e1-<br>l\u00e1s\u00e1val \u00faj \u00f3vodai egys\u00e9g l\u00e9trehoz\u00e1sa. Az \u00faj \u00f3voda\u00e9p\u00fclet elk\u00e9sz\u00fclte ut\u00e1n a jelenlegi \u00f3vod\u00e1nak helyet ad\u00f3 volt le\u00e1nyiskola elbont\u00e1sra ker\u00fcl.<br>\u2022&nbsp;&nbsp; &nbsp; Az&nbsp;<strong>\u00faj tornatermi sz\u00e1rny<\/strong>&nbsp;t\u00e9rszint al\u00e1 s\u00fcllyesztett padl\u00f3j\u00fa tornateremmel, \u00f6lt\u00f6z\u0151kkel, az 1. \u00e9s 2. emeleten tantermekkel, \u00e9s szaktantermekkel, az iskola\u00e9p\u00fclet<br>fel\u00e9 f\u00f6ld alatti \u00e1tj\u00e1r\u00f3 folyos\u00f3val.<br>\u2022&nbsp;&nbsp; &nbsp; A megl\u00e9v\u0151&nbsp;<strong>szereteth\u00e1zi \u00e9p\u00fcletek<\/strong>&nbsp;(a F\u0151\u00e9p\u00fclet, \u00e9s a Volt Diakonissza Anyah\u00e1z) ablakcser\u00e9s energetikai fel\u00faj\u00edt\u00e1sa, valamint b\u0151v\u00edt\u00e9se egy \u00faj 50 f\u00e9r\u0151helyes \u00e1pol\u00e1si<br>egys\u00e9ggel, az \u00faj \u00e9p\u00fcletr\u00e9szben f\u0151z\u0151konyha kialak\u00edt\u00e1s\u00e1val, a szereteth\u00e1zi udvar, \u00e9s ker\u00edt\u00e9s fel\u00faj\u00edt\u00e1s\u00e1val.<br>\u2022&nbsp;&nbsp; &nbsp; Az&nbsp;<strong>\u00d6regtemplomban&nbsp;<\/strong>az al\u00e1mosott padl\u00f3szerkezet teljes cser\u00e9je, a padok \u00e9s az olt\u00e1r elt\u00e1vol\u00edt\u00e1sa mellett t\u00f6rt\u00e9n\u0151 restaur\u00e1l\u00e1sa, majd vissza\u00e9p\u00edt\u00e9se, f\u0171t\u00e9s, \u00e9s<br>vil\u00e1g\u00edt\u00e1s korszer\u0171s\u00edt\u00e9se, az orgona fel\u00faj\u00edt\u00e1sa.<br>\u2022&nbsp;&nbsp; &nbsp;&nbsp;<strong>Templomkert<\/strong>&nbsp;kert\u00e9p\u00edt\u00e9szeti fel\u00faj\u00edt\u00e1sa, a R\u00e1ba fel\u0151li ker\u00edt\u00e9s &#8211; f\u00f6ld alatti \u00e1tj\u00e1r\u00f3 folyos\u00f3hoz illeszked\u0151 \u2013 \u00fajj\u00e1\u00e9p\u00edt\u00e9s\u00e9vel.<\/p>\n\n\n\n<h2 class=\"wp-block-heading\"><\/h2>\n\n\n\n<p><\/p>\n","protected":false},"excerpt":{"rendered":"<p>A gy\u0151ri&nbsp;Insula Lutherana \u00e9p\u00fcletegy\u00fcttes Orsz\u00e1gos viszonylatban is egyed\u00fcl\u00e1ll\u00f3nak tekinthet\u0151 a Gy\u0151ri Evang\u00e9likus Egyh\u00e1zk\u00f6zs\u00e9g \u00fajv\u00e1rosi \u00e9p\u00fcletegy\u00fcttese, az Insula Lutherana. K\u00fcl\u00f6nlegess\u00e9g\u00e9t a t\u00fcrelmi rendelet szigor\u00fa el\u0151\u00edr\u00e1sait betartani k\u00e9nytelen \u00e9p\u00edt\u00e9szeti megold\u00e1sokon t\u00fal az az \u00f6sszetett int\u00e9zm\u00e9nyi h\u00e1l\u00f3zat adja, mely a mai napig szolg\u00e1lja az el\u0151d\u00f6k \u00e1ltal kit\u0171z\u00f6tt nemes c\u00e9lokat. Az \u00e9p\u00fcletegy\u00fcttes tervez\u00e9se 1781-ben kezd\u0151dhetett meg az erre a [&hellip;]<\/p>\n","protected":false},"author":1,"featured_media":0,"parent":18,"menu_order":30,"comment_status":"closed","ping_status":"closed","template":"","meta":{"footnotes":""},"class_list":["post-114","page","type-page","status-publish","hentry"],"yoast_head":"<!-- This site is optimized with the Yoast SEO plugin v27.3 - https:\/\/yoast.com\/product\/yoast-seo-wordpress\/ -->\n<title>Insula Lutherana - Gy\u0151ri Evang\u00e9likus Egyh\u00e1zk\u00f6zs\u00e9g<\/title>\n<meta name=\"robots\" content=\"index, follow, max-snippet:-1, max-image-preview:large, max-video-preview:-1\" \/>\n<link rel=\"canonical\" href=\"https:\/\/gyor.lutheran.hu\/?page_id=114\" \/>\n<meta property=\"og:locale\" content=\"hu_HU\" \/>\n<meta property=\"og:type\" content=\"article\" \/>\n<meta property=\"og:title\" content=\"Insula Lutherana - Gy\u0151ri Evang\u00e9likus Egyh\u00e1zk\u00f6zs\u00e9g\" \/>\n<meta property=\"og:description\" content=\"A gy\u0151ri&nbsp;Insula Lutherana \u00e9p\u00fcletegy\u00fcttes Orsz\u00e1gos viszonylatban is egyed\u00fcl\u00e1ll\u00f3nak tekinthet\u0151 a Gy\u0151ri Evang\u00e9likus Egyh\u00e1zk\u00f6zs\u00e9g \u00fajv\u00e1rosi \u00e9p\u00fcletegy\u00fcttese, az Insula Lutherana. K\u00fcl\u00f6nlegess\u00e9g\u00e9t a t\u00fcrelmi rendelet szigor\u00fa el\u0151\u00edr\u00e1sait betartani k\u00e9nytelen \u00e9p\u00edt\u00e9szeti megold\u00e1sokon t\u00fal az az \u00f6sszetett int\u00e9zm\u00e9nyi h\u00e1l\u00f3zat adja, mely a mai napig szolg\u00e1lja az el\u0151d\u00f6k \u00e1ltal kit\u0171z\u00f6tt nemes c\u00e9lokat. Az \u00e9p\u00fcletegy\u00fcttes tervez\u00e9se 1781-ben kezd\u0151dhetett meg az erre a [&hellip;]\" \/>\n<meta property=\"og:url\" content=\"https:\/\/gyor.lutheran.hu\/?page_id=114\" \/>\n<meta property=\"og:site_name\" content=\"Gy\u0151ri Evang\u00e9likus Egyh\u00e1zk\u00f6zs\u00e9g\" \/>\n<meta property=\"article:publisher\" content=\"https:\/\/www.facebook.com\/profile.php?id=100064848424606\" \/>\n<meta property=\"article:modified_time\" content=\"2025-03-16T18:35:27+00:00\" \/>\n<meta property=\"og:image\" content=\"https:\/\/gyor.lutheran.hu\/wp-content\/uploads\/2025\/03\/DJI_0205_logo.jpg\" \/>\n\t<meta property=\"og:image:width\" content=\"2048\" \/>\n\t<meta property=\"og:image:height\" content=\"1535\" \/>\n\t<meta property=\"og:image:type\" content=\"image\/jpeg\" \/>\n<meta name=\"twitter:card\" content=\"summary_large_image\" \/>\n<meta name=\"twitter:label1\" content=\"Becs\u00fclt olvas\u00e1si id\u0151\" \/>\n\t<meta name=\"twitter:data1\" content=\"6 perc\" \/>\n<script type=\"application\/ld+json\" class=\"yoast-schema-graph\">{\"@context\":\"https:\\\/\\\/schema.org\",\"@graph\":[{\"@type\":\"WebPage\",\"@id\":\"https:\\\/\\\/gyor.lutheran.hu\\\/?page_id=114\",\"url\":\"https:\\\/\\\/gyor.lutheran.hu\\\/?page_id=114\",\"name\":\"Insula Lutherana - Gy\u0151ri Evang\u00e9likus Egyh\u00e1zk\u00f6zs\u00e9g\",\"isPartOf\":{\"@id\":\"https:\\\/\\\/gyor.lutheran.hu\\\/#website\"},\"primaryImageOfPage\":{\"@id\":\"https:\\\/\\\/gyor.lutheran.hu\\\/?page_id=114#primaryimage\"},\"image\":{\"@id\":\"https:\\\/\\\/gyor.lutheran.hu\\\/?page_id=114#primaryimage\"},\"thumbnailUrl\":\"https:\\\/\\\/gyor.lutheran.hu\\\/wp-content\\\/uploads\\\/2025\\\/03\\\/DJI_0205_logo-1024x768.jpg\",\"datePublished\":\"2025-03-05T23:31:01+00:00\",\"dateModified\":\"2025-03-16T18:35:27+00:00\",\"breadcrumb\":{\"@id\":\"https:\\\/\\\/gyor.lutheran.hu\\\/?page_id=114#breadcrumb\"},\"inLanguage\":\"hu\",\"potentialAction\":[{\"@type\":\"ReadAction\",\"target\":[\"https:\\\/\\\/gyor.lutheran.hu\\\/?page_id=114\"]}]},{\"@type\":\"ImageObject\",\"inLanguage\":\"hu\",\"@id\":\"https:\\\/\\\/gyor.lutheran.hu\\\/?page_id=114#primaryimage\",\"url\":\"https:\\\/\\\/gyor.lutheran.hu\\\/wp-content\\\/uploads\\\/2025\\\/03\\\/DJI_0205_logo.jpg\",\"contentUrl\":\"https:\\\/\\\/gyor.lutheran.hu\\\/wp-content\\\/uploads\\\/2025\\\/03\\\/DJI_0205_logo.jpg\",\"width\":2048,\"height\":1535},{\"@type\":\"BreadcrumbList\",\"@id\":\"https:\\\/\\\/gyor.lutheran.hu\\\/?page_id=114#breadcrumb\",\"itemListElement\":[{\"@type\":\"ListItem\",\"position\":1,\"name\":\"Home\",\"item\":\"https:\\\/\\\/gyor.lutheran.hu\\\/\"},{\"@type\":\"ListItem\",\"position\":2,\"name\":\"R\u00f3lunk\",\"item\":\"https:\\\/\\\/gyor.lutheran.hu\\\/?page_id=18\"},{\"@type\":\"ListItem\",\"position\":3,\"name\":\"Insula Lutherana\"}]},{\"@type\":\"WebSite\",\"@id\":\"https:\\\/\\\/gyor.lutheran.hu\\\/#website\",\"url\":\"https:\\\/\\\/gyor.lutheran.hu\\\/\",\"name\":\"Gy\u0151ri Evang\u00e9likus Egyh\u00e1zk\u00f6zs\u00e9g\",\"description\":\"\",\"publisher\":{\"@id\":\"https:\\\/\\\/gyor.lutheran.hu\\\/#organization\"},\"potentialAction\":[{\"@type\":\"SearchAction\",\"target\":{\"@type\":\"EntryPoint\",\"urlTemplate\":\"https:\\\/\\\/gyor.lutheran.hu\\\/?s={search_term_string}\"},\"query-input\":{\"@type\":\"PropertyValueSpecification\",\"valueRequired\":true,\"valueName\":\"search_term_string\"}}],\"inLanguage\":\"hu\"},{\"@type\":\"Organization\",\"@id\":\"https:\\\/\\\/gyor.lutheran.hu\\\/#organization\",\"name\":\"Gy\u0151ri Evang\u00e9likus Egyh\u00e1zk\u00f6zs\u00e9g\",\"url\":\"https:\\\/\\\/gyor.lutheran.hu\\\/\",\"logo\":{\"@type\":\"ImageObject\",\"inLanguage\":\"hu\",\"@id\":\"https:\\\/\\\/gyor.lutheran.hu\\\/#\\\/schema\\\/logo\\\/image\\\/\",\"url\":\"https:\\\/\\\/gyor.lutheran.hu\\\/wp-content\\\/uploads\\\/2025\\\/02\\\/logo.jpg\",\"contentUrl\":\"https:\\\/\\\/gyor.lutheran.hu\\\/wp-content\\\/uploads\\\/2025\\\/02\\\/logo.jpg\",\"width\":160,\"height\":160,\"caption\":\"Gy\u0151ri Evang\u00e9likus Egyh\u00e1zk\u00f6zs\u00e9g\"},\"image\":{\"@id\":\"https:\\\/\\\/gyor.lutheran.hu\\\/#\\\/schema\\\/logo\\\/image\\\/\"},\"sameAs\":[\"https:\\\/\\\/www.facebook.com\\\/profile.php?id=100064848424606\"]}]}<\/script>\n<!-- \/ Yoast SEO plugin. -->","yoast_head_json":{"title":"Insula Lutherana - Gy\u0151ri Evang\u00e9likus Egyh\u00e1zk\u00f6zs\u00e9g","robots":{"index":"index","follow":"follow","max-snippet":"max-snippet:-1","max-image-preview":"max-image-preview:large","max-video-preview":"max-video-preview:-1"},"canonical":"https:\/\/gyor.lutheran.hu\/?page_id=114","og_locale":"hu_HU","og_type":"article","og_title":"Insula Lutherana - Gy\u0151ri Evang\u00e9likus Egyh\u00e1zk\u00f6zs\u00e9g","og_description":"A gy\u0151ri&nbsp;Insula Lutherana \u00e9p\u00fcletegy\u00fcttes Orsz\u00e1gos viszonylatban is egyed\u00fcl\u00e1ll\u00f3nak tekinthet\u0151 a Gy\u0151ri Evang\u00e9likus Egyh\u00e1zk\u00f6zs\u00e9g \u00fajv\u00e1rosi \u00e9p\u00fcletegy\u00fcttese, az Insula Lutherana. K\u00fcl\u00f6nlegess\u00e9g\u00e9t a t\u00fcrelmi rendelet szigor\u00fa el\u0151\u00edr\u00e1sait betartani k\u00e9nytelen \u00e9p\u00edt\u00e9szeti megold\u00e1sokon t\u00fal az az \u00f6sszetett int\u00e9zm\u00e9nyi h\u00e1l\u00f3zat adja, mely a mai napig szolg\u00e1lja az el\u0151d\u00f6k \u00e1ltal kit\u0171z\u00f6tt nemes c\u00e9lokat. Az \u00e9p\u00fcletegy\u00fcttes tervez\u00e9se 1781-ben kezd\u0151dhetett meg az erre a [&hellip;]","og_url":"https:\/\/gyor.lutheran.hu\/?page_id=114","og_site_name":"Gy\u0151ri Evang\u00e9likus Egyh\u00e1zk\u00f6zs\u00e9g","article_publisher":"https:\/\/www.facebook.com\/profile.php?id=100064848424606","article_modified_time":"2025-03-16T18:35:27+00:00","og_image":[{"width":2048,"height":1535,"url":"https:\/\/gyor.lutheran.hu\/wp-content\/uploads\/2025\/03\/DJI_0205_logo.jpg","type":"image\/jpeg"}],"twitter_card":"summary_large_image","twitter_misc":{"Becs\u00fclt olvas\u00e1si id\u0151":"6 perc"},"schema":{"@context":"https:\/\/schema.org","@graph":[{"@type":"WebPage","@id":"https:\/\/gyor.lutheran.hu\/?page_id=114","url":"https:\/\/gyor.lutheran.hu\/?page_id=114","name":"Insula Lutherana - Gy\u0151ri Evang\u00e9likus Egyh\u00e1zk\u00f6zs\u00e9g","isPartOf":{"@id":"https:\/\/gyor.lutheran.hu\/#website"},"primaryImageOfPage":{"@id":"https:\/\/gyor.lutheran.hu\/?page_id=114#primaryimage"},"image":{"@id":"https:\/\/gyor.lutheran.hu\/?page_id=114#primaryimage"},"thumbnailUrl":"https:\/\/gyor.lutheran.hu\/wp-content\/uploads\/2025\/03\/DJI_0205_logo-1024x768.jpg","datePublished":"2025-03-05T23:31:01+00:00","dateModified":"2025-03-16T18:35:27+00:00","breadcrumb":{"@id":"https:\/\/gyor.lutheran.hu\/?page_id=114#breadcrumb"},"inLanguage":"hu","potentialAction":[{"@type":"ReadAction","target":["https:\/\/gyor.lutheran.hu\/?page_id=114"]}]},{"@type":"ImageObject","inLanguage":"hu","@id":"https:\/\/gyor.lutheran.hu\/?page_id=114#primaryimage","url":"https:\/\/gyor.lutheran.hu\/wp-content\/uploads\/2025\/03\/DJI_0205_logo.jpg","contentUrl":"https:\/\/gyor.lutheran.hu\/wp-content\/uploads\/2025\/03\/DJI_0205_logo.jpg","width":2048,"height":1535},{"@type":"BreadcrumbList","@id":"https:\/\/gyor.lutheran.hu\/?page_id=114#breadcrumb","itemListElement":[{"@type":"ListItem","position":1,"name":"Home","item":"https:\/\/gyor.lutheran.hu\/"},{"@type":"ListItem","position":2,"name":"R\u00f3lunk","item":"https:\/\/gyor.lutheran.hu\/?page_id=18"},{"@type":"ListItem","position":3,"name":"Insula Lutherana"}]},{"@type":"WebSite","@id":"https:\/\/gyor.lutheran.hu\/#website","url":"https:\/\/gyor.lutheran.hu\/","name":"Gy\u0151ri Evang\u00e9likus Egyh\u00e1zk\u00f6zs\u00e9g","description":"","publisher":{"@id":"https:\/\/gyor.lutheran.hu\/#organization"},"potentialAction":[{"@type":"SearchAction","target":{"@type":"EntryPoint","urlTemplate":"https:\/\/gyor.lutheran.hu\/?s={search_term_string}"},"query-input":{"@type":"PropertyValueSpecification","valueRequired":true,"valueName":"search_term_string"}}],"inLanguage":"hu"},{"@type":"Organization","@id":"https:\/\/gyor.lutheran.hu\/#organization","name":"Gy\u0151ri Evang\u00e9likus Egyh\u00e1zk\u00f6zs\u00e9g","url":"https:\/\/gyor.lutheran.hu\/","logo":{"@type":"ImageObject","inLanguage":"hu","@id":"https:\/\/gyor.lutheran.hu\/#\/schema\/logo\/image\/","url":"https:\/\/gyor.lutheran.hu\/wp-content\/uploads\/2025\/02\/logo.jpg","contentUrl":"https:\/\/gyor.lutheran.hu\/wp-content\/uploads\/2025\/02\/logo.jpg","width":160,"height":160,"caption":"Gy\u0151ri Evang\u00e9likus Egyh\u00e1zk\u00f6zs\u00e9g"},"image":{"@id":"https:\/\/gyor.lutheran.hu\/#\/schema\/logo\/image\/"},"sameAs":["https:\/\/www.facebook.com\/profile.php?id=100064848424606"]}]}},"_links":{"self":[{"href":"https:\/\/gyor.lutheran.hu\/index.php?rest_route=\/wp\/v2\/pages\/114","targetHints":{"allow":["GET"]}}],"collection":[{"href":"https:\/\/gyor.lutheran.hu\/index.php?rest_route=\/wp\/v2\/pages"}],"about":[{"href":"https:\/\/gyor.lutheran.hu\/index.php?rest_route=\/wp\/v2\/types\/page"}],"author":[{"embeddable":true,"href":"https:\/\/gyor.lutheran.hu\/index.php?rest_route=\/wp\/v2\/users\/1"}],"replies":[{"embeddable":true,"href":"https:\/\/gyor.lutheran.hu\/index.php?rest_route=%2Fwp%2Fv2%2Fcomments&post=114"}],"version-history":[{"count":3,"href":"https:\/\/gyor.lutheran.hu\/index.php?rest_route=\/wp\/v2\/pages\/114\/revisions"}],"predecessor-version":[{"id":467,"href":"https:\/\/gyor.lutheran.hu\/index.php?rest_route=\/wp\/v2\/pages\/114\/revisions\/467"}],"up":[{"embeddable":true,"href":"https:\/\/gyor.lutheran.hu\/index.php?rest_route=\/wp\/v2\/pages\/18"}],"wp:attachment":[{"href":"https:\/\/gyor.lutheran.hu\/index.php?rest_route=%2Fwp%2Fv2%2Fmedia&parent=114"}],"curies":[{"name":"wp","href":"https:\/\/api.w.org\/{rel}","templated":true}]}}