{"id":145,"date":"2025-03-06T01:05:38","date_gmt":"2025-03-06T00:05:38","guid":{"rendered":"https:\/\/gyorteszt.lutheran.hu\/wordpress\/?page_id=145"},"modified":"2025-06-16T08:39:43","modified_gmt":"2025-06-16T06:39:43","slug":"rendszeres-alkalmaink","status":"publish","type":"page","link":"https:\/\/gyor.lutheran.hu\/?page_id=145","title":{"rendered":"Rendszeres alkalmaink"},"content":{"rendered":"\n<h2 class=\"wp-block-heading\"><a href=\"https:\/\/gyor.lutheran.hu\/?page_id=29\">\u00d6regtemplom<\/a><\/h2>\n\n\n\n<p><strong>c\u00edm: 9025 Gy\u0151r, Pet\u0151fi t\u00e9r 2.<\/strong><\/p>\n\n\n\n<p><strong>\u00darvacsorai istentiszteletek:<\/strong>&nbsp;minden vas\u00e1rnap 10:00&nbsp;<\/p>\n\n\n\n<p><strong>\u00d3vod\u00e1s istentisztelet:<\/strong>&nbsp;minden h\u00f3nap 1. vas\u00e1rnapj\u00e1n 8:30, tan\u00e9vben<\/p>\n\n\n\n<p><strong>Als\u00f3s istentisztelet:<\/strong> minden h\u00f3nap 2. vas\u00e1rnapj\u00e1n 8:30, tan\u00e9vben<\/p>\n\n\n\n<p><strong>Fels\u0151s istentisztelet:<\/strong> minden h\u00f3nap 4. vas\u00e1rnapj\u00e1n 8:30, tan\u00e9vben <\/p>\n\n\n\n<p><strong>Baba-mama k\u00f6r:<\/strong>&nbsp;k\u00e9thetente szerd\u00e1nk\u00e9nt 9:00-11:00 (meghirdetett napokon), f\u0171t\u00e9si szezonban a koll\u00e9giumban, f\u0171t\u00e9si szezonon k\u00edv\u00fcl a gy\u00fclekezeti teremben<\/p>\n\n\n\n<p><strong>Cserk\u00e9szet:<\/strong> p\u00e9ntekenk\u00e9nt 14:00, cserk\u00e9sz-szoba<\/p>\n\n\n\n<p>&nbsp;<\/p>\n\n\n\n<h2 class=\"wp-block-heading\"><a href=\"https:\/\/gyor.lutheran.hu\/?page_id=34\">N\u00e1dorv\u00e1rosi \u00dajtemplom<\/a><\/h2>\n\n\n\n<p><strong>c\u00edm: 9024 Gy\u0151r, K\u00fcls\u0151-Baross \u00fat 77\/A.<\/strong><\/p>\n\n\n\n<p><strong>\u00darvacsorai istentiszteletek:<\/strong>&nbsp;minden vas\u00e1rnap 10:00<\/p>\n\n\n\n<p><strong>Gimnazista istentisztelet:<\/strong>&nbsp;minden h\u00f3nap 3. vas\u00e1rnapj\u00e1n 10:00, tan\u00e9vben<\/p>\n\n\n\n<p><strong>Csal\u00e1di istentisztelet (CSIT):<\/strong> \u00e1ltal\u00e1ban minden h\u00f3nap 3. vas\u00e1rnap 11:15 (iskolai sz\u00fcnetek \u00e9s egyh\u00e1zi \u00fcnnepek f\u00fcggv\u00e9ny\u00e9ben v\u00e1ltozhat)<\/p>\n\n\n\n<p><strong>Biblia\u00f3ra feln\u0151tteknek:<\/strong>&nbsp; cs\u00fct\u00f6rt\u00f6k\u00f6nk\u00e9nt 15:00 (tan\u00e9vhez \u00e9s egy\u00e9b programokhoz igazodva) a gy\u00fclekezeti teremben<br><br><strong>Alians biblia\u00f3r\u00e1k:<\/strong>&nbsp;minden h\u00f3nap els\u0151 keddj\u00e9n 18:00, a gy\u00fclekezeti teremben<\/p>\n\n\n\n<p><strong>\u00c9nekkar:<\/strong>&nbsp;hetente szerda 17:15 (ny\u00e1ron sz\u00fcnetel)<br><br><strong>Gyermekk\u00f6r:<\/strong>&nbsp;vas\u00e1rnaponk\u00e9nt 10:00 (gy\u00fclekez\u00e9s a templomban)<br><\/p>\n\n\n\n<p><\/p>\n\n\n\n<h2 class=\"wp-block-heading\"><a href=\"https:\/\/gyor.lutheran.hu\/?page_id=379\">Szabadhegyi Imah\u00e1z<\/a><\/h2>\n\n\n\n<p><strong>c\u00edm: 9028 Gy\u0151r, J\u00f3zsef A. u. 26.<\/strong><\/p>\n\n\n\n<p><strong>Istentisztelet:<\/strong>&nbsp;minden h\u00f3nap 2. \u00e9s 4. (esetenk\u00e9n 5.) vas\u00e1rnap 16.00<\/p>\n\n\n\n<p><\/p>\n\n\n\n<h2 class=\"wp-block-heading\"><a href=\"https:\/\/gyor.lutheran.hu\/?page_id=370\">B\u00e1csai Imah\u00e1z<\/a><\/h2>\n\n\n\n<p><strong>c\u00edm:<\/strong> 9029 Gy\u0151r, Szit\u00e1sdomb u. 7.<\/p>\n\n\n\n<p><strong>Istentisztelet:&nbsp;<\/strong>minden h\u00f3nap 3. vas\u00e1rnapj\u00e1n 15:00<\/p>\n\n\n\n<h2 class=\"wp-block-heading\">Szentiv\u00e1ni r\u00f3mai-katolikus templom<\/h2>\n\n\n\n<p><strong>c\u00edm: 9011 Gy\u0151r, V\u00e1ci M. u.<\/strong><\/p>\n\n\n\n<p><strong>Evang\u00e9likus istentisztelet:<\/strong> minden h\u00f3nap 1. vas\u00e1rnapj\u00e1n 15:00<\/p>\n\n\n\n<h2 class=\"wp-block-heading\"><a href=\"https:\/\/gyor.lutheran.hu\/?page_id=372\">B\u00f6rcsi Evang\u00e9likus Templom<\/a><\/h2>\n\n\n\n<p><strong>c\u00edm: 9152 B\u00f6rcs, H\u00e9th\u00e1z k\u00f6z 1.<\/strong><\/p>\n\n\n\n<p><strong>Istentisztelet<\/strong>: minden h\u00f3nap 1. \u00e9s 3. vas\u00e1rnapj\u00e1n 8:30<\/p>\n\n\n\n<p><\/p>\n\n\n\n<h2 class=\"wp-block-heading\"><a href=\"https:\/\/gyor.lutheran.hu\/?page_id=377\">\u00d6ttev\u00e9nyi Evang\u00e9likus Templom<\/a><\/h2>\n\n\n\n<p><strong>c\u00edm: 9153 \u00d6ttev\u00e9ny, Pet\u0151fi S. u. 2.<\/strong><\/p>\n\n\n\n<p><strong>Istentisztelet<\/strong>: minden h\u00f3nap 2. \u00e9s 4. vas\u00e1rnapj\u00e1n 8:30&nbsp;<\/p>\n\n\n\n<p><\/p>\n\n\n\n<h2 class=\"wp-block-heading\"><a href=\"https:\/\/gyor.lutheran.hu\/?page_id=381\">G\u00f6ny\u0171i reform\u00e1tus-evang\u00e9likus templom<\/a><\/h2>\n\n\n\n<p><strong>c\u00edm: 9071 G\u00f6ny\u0171, Kossuth L. u. 147.<\/strong><\/p>\n\n\n\n<p><strong>Istentisztelet:<\/strong>&nbsp;minden 2. \u00e9s 4. vas\u00e1rnapja 8:30<\/p>\n\n\n\n<p><\/p>\n","protected":false},"excerpt":{"rendered":"<p>\u00d6regtemplom c\u00edm: 9025 Gy\u0151r, Pet\u0151fi t\u00e9r 2. \u00darvacsorai istentiszteletek:&nbsp;minden vas\u00e1rnap 10:00&nbsp; \u00d3vod\u00e1s istentisztelet:&nbsp;minden h\u00f3nap 1. vas\u00e1rnapj\u00e1n 8:30, tan\u00e9vben Als\u00f3s istentisztelet: minden h\u00f3nap 2. vas\u00e1rnapj\u00e1n 8:30, tan\u00e9vben Fels\u0151s istentisztelet: minden h\u00f3nap 4. vas\u00e1rnapj\u00e1n 8:30, tan\u00e9vben Baba-mama k\u00f6r:&nbsp;k\u00e9thetente szerd\u00e1nk\u00e9nt 9:00-11:00 (meghirdetett napokon), f\u0171t\u00e9si szezonban a koll\u00e9giumban, f\u0171t\u00e9si szezonon k\u00edv\u00fcl a gy\u00fclekezeti teremben Cserk\u00e9szet: p\u00e9ntekenk\u00e9nt 14:00, cserk\u00e9sz-szoba &nbsp; [&hellip;]<\/p>\n","protected":false},"author":1,"featured_media":0,"parent":140,"menu_order":0,"comment_status":"closed","ping_status":"closed","template":"","meta":{"footnotes":""},"class_list":["post-145","page","type-page","status-publish","hentry"],"yoast_head":"<!-- This site is optimized with the Yoast SEO plugin v27.4 - https:\/\/yoast.com\/product\/yoast-seo-wordpress\/ -->\n<title>Rendszeres alkalmaink - Gy\u0151ri Evang\u00e9likus Egyh\u00e1zk\u00f6zs\u00e9g<\/title>\n<meta name=\"robots\" content=\"index, follow, max-snippet:-1, max-image-preview:large, max-video-preview:-1\" \/>\n<link rel=\"canonical\" href=\"https:\/\/gyor.lutheran.hu\/?page_id=145\" \/>\n<meta property=\"og:locale\" content=\"hu_HU\" \/>\n<meta property=\"og:type\" content=\"article\" \/>\n<meta property=\"og:title\" content=\"Rendszeres alkalmaink - Gy\u0151ri Evang\u00e9likus Egyh\u00e1zk\u00f6zs\u00e9g\" \/>\n<meta property=\"og:description\" content=\"\u00d6regtemplom c\u00edm: 9025 Gy\u0151r, Pet\u0151fi t\u00e9r 2. \u00darvacsorai istentiszteletek:&nbsp;minden vas\u00e1rnap 10:00&nbsp; \u00d3vod\u00e1s istentisztelet:&nbsp;minden h\u00f3nap 1. vas\u00e1rnapj\u00e1n 8:30, tan\u00e9vben Als\u00f3s istentisztelet: minden h\u00f3nap 2. vas\u00e1rnapj\u00e1n 8:30, tan\u00e9vben Fels\u0151s istentisztelet: minden h\u00f3nap 4. vas\u00e1rnapj\u00e1n 8:30, tan\u00e9vben Baba-mama k\u00f6r:&nbsp;k\u00e9thetente szerd\u00e1nk\u00e9nt 9:00-11:00 (meghirdetett napokon), f\u0171t\u00e9si szezonban a koll\u00e9giumban, f\u0171t\u00e9si szezonon k\u00edv\u00fcl a gy\u00fclekezeti teremben Cserk\u00e9szet: p\u00e9ntekenk\u00e9nt 14:00, cserk\u00e9sz-szoba &nbsp; [&hellip;]\" \/>\n<meta property=\"og:url\" content=\"https:\/\/gyor.lutheran.hu\/?page_id=145\" \/>\n<meta property=\"og:site_name\" content=\"Gy\u0151ri Evang\u00e9likus Egyh\u00e1zk\u00f6zs\u00e9g\" \/>\n<meta property=\"article:publisher\" content=\"https:\/\/www.facebook.com\/profile.php?id=100064848424606\" \/>\n<meta property=\"article:modified_time\" content=\"2025-06-16T06:39:43+00:00\" \/>\n<meta name=\"twitter:card\" content=\"summary_large_image\" \/>\n<meta name=\"twitter:label1\" content=\"Becs\u00fclt olvas\u00e1si id\u0151\" \/>\n\t<meta name=\"twitter:data1\" content=\"2 perc\" \/>\n<script type=\"application\/ld+json\" class=\"yoast-schema-graph\">{\"@context\":\"https:\\\/\\\/schema.org\",\"@graph\":[{\"@type\":\"WebPage\",\"@id\":\"https:\\\/\\\/gyor.lutheran.hu\\\/?page_id=145\",\"url\":\"https:\\\/\\\/gyor.lutheran.hu\\\/?page_id=145\",\"name\":\"Rendszeres alkalmaink - Gy\u0151ri Evang\u00e9likus Egyh\u00e1zk\u00f6zs\u00e9g\",\"isPartOf\":{\"@id\":\"https:\\\/\\\/gyor.lutheran.hu\\\/#website\"},\"datePublished\":\"2025-03-06T00:05:38+00:00\",\"dateModified\":\"2025-06-16T06:39:43+00:00\",\"breadcrumb\":{\"@id\":\"https:\\\/\\\/gyor.lutheran.hu\\\/?page_id=145#breadcrumb\"},\"inLanguage\":\"hu\",\"potentialAction\":[{\"@type\":\"ReadAction\",\"target\":[\"https:\\\/\\\/gyor.lutheran.hu\\\/?page_id=145\"]}]},{\"@type\":\"BreadcrumbList\",\"@id\":\"https:\\\/\\\/gyor.lutheran.hu\\\/?page_id=145#breadcrumb\",\"itemListElement\":[{\"@type\":\"ListItem\",\"position\":1,\"name\":\"Home\",\"item\":\"https:\\\/\\\/gyor.lutheran.hu\\\/\"},{\"@type\":\"ListItem\",\"position\":2,\"name\":\"Alkalmaink\",\"item\":\"https:\\\/\\\/gyor.lutheran.hu\\\/?page_id=140\"},{\"@type\":\"ListItem\",\"position\":3,\"name\":\"Rendszeres alkalmaink\"}]},{\"@type\":\"WebSite\",\"@id\":\"https:\\\/\\\/gyor.lutheran.hu\\\/#website\",\"url\":\"https:\\\/\\\/gyor.lutheran.hu\\\/\",\"name\":\"Gy\u0151ri Evang\u00e9likus Egyh\u00e1zk\u00f6zs\u00e9g\",\"description\":\"\",\"publisher\":{\"@id\":\"https:\\\/\\\/gyor.lutheran.hu\\\/#organization\"},\"potentialAction\":[{\"@type\":\"SearchAction\",\"target\":{\"@type\":\"EntryPoint\",\"urlTemplate\":\"https:\\\/\\\/gyor.lutheran.hu\\\/?s={search_term_string}\"},\"query-input\":{\"@type\":\"PropertyValueSpecification\",\"valueRequired\":true,\"valueName\":\"search_term_string\"}}],\"inLanguage\":\"hu\"},{\"@type\":\"Organization\",\"@id\":\"https:\\\/\\\/gyor.lutheran.hu\\\/#organization\",\"name\":\"Gy\u0151ri Evang\u00e9likus Egyh\u00e1zk\u00f6zs\u00e9g\",\"url\":\"https:\\\/\\\/gyor.lutheran.hu\\\/\",\"logo\":{\"@type\":\"ImageObject\",\"inLanguage\":\"hu\",\"@id\":\"https:\\\/\\\/gyor.lutheran.hu\\\/#\\\/schema\\\/logo\\\/image\\\/\",\"url\":\"https:\\\/\\\/gyor.lutheran.hu\\\/wp-content\\\/uploads\\\/2025\\\/02\\\/logo.jpg\",\"contentUrl\":\"https:\\\/\\\/gyor.lutheran.hu\\\/wp-content\\\/uploads\\\/2025\\\/02\\\/logo.jpg\",\"width\":160,\"height\":160,\"caption\":\"Gy\u0151ri Evang\u00e9likus Egyh\u00e1zk\u00f6zs\u00e9g\"},\"image\":{\"@id\":\"https:\\\/\\\/gyor.lutheran.hu\\\/#\\\/schema\\\/logo\\\/image\\\/\"},\"sameAs\":[\"https:\\\/\\\/www.facebook.com\\\/profile.php?id=100064848424606\"]}]}<\/script>\n<!-- \/ Yoast SEO plugin. -->","yoast_head_json":{"title":"Rendszeres alkalmaink - Gy\u0151ri Evang\u00e9likus Egyh\u00e1zk\u00f6zs\u00e9g","robots":{"index":"index","follow":"follow","max-snippet":"max-snippet:-1","max-image-preview":"max-image-preview:large","max-video-preview":"max-video-preview:-1"},"canonical":"https:\/\/gyor.lutheran.hu\/?page_id=145","og_locale":"hu_HU","og_type":"article","og_title":"Rendszeres alkalmaink - Gy\u0151ri Evang\u00e9likus Egyh\u00e1zk\u00f6zs\u00e9g","og_description":"\u00d6regtemplom c\u00edm: 9025 Gy\u0151r, Pet\u0151fi t\u00e9r 2. \u00darvacsorai istentiszteletek:&nbsp;minden vas\u00e1rnap 10:00&nbsp; \u00d3vod\u00e1s istentisztelet:&nbsp;minden h\u00f3nap 1. vas\u00e1rnapj\u00e1n 8:30, tan\u00e9vben Als\u00f3s istentisztelet: minden h\u00f3nap 2. vas\u00e1rnapj\u00e1n 8:30, tan\u00e9vben Fels\u0151s istentisztelet: minden h\u00f3nap 4. vas\u00e1rnapj\u00e1n 8:30, tan\u00e9vben Baba-mama k\u00f6r:&nbsp;k\u00e9thetente szerd\u00e1nk\u00e9nt 9:00-11:00 (meghirdetett napokon), f\u0171t\u00e9si szezonban a koll\u00e9giumban, f\u0171t\u00e9si szezonon k\u00edv\u00fcl a gy\u00fclekezeti teremben Cserk\u00e9szet: p\u00e9ntekenk\u00e9nt 14:00, cserk\u00e9sz-szoba &nbsp; [&hellip;]","og_url":"https:\/\/gyor.lutheran.hu\/?page_id=145","og_site_name":"Gy\u0151ri Evang\u00e9likus Egyh\u00e1zk\u00f6zs\u00e9g","article_publisher":"https:\/\/www.facebook.com\/profile.php?id=100064848424606","article_modified_time":"2025-06-16T06:39:43+00:00","twitter_card":"summary_large_image","twitter_misc":{"Becs\u00fclt olvas\u00e1si id\u0151":"2 perc"},"schema":{"@context":"https:\/\/schema.org","@graph":[{"@type":"WebPage","@id":"https:\/\/gyor.lutheran.hu\/?page_id=145","url":"https:\/\/gyor.lutheran.hu\/?page_id=145","name":"Rendszeres alkalmaink - Gy\u0151ri Evang\u00e9likus Egyh\u00e1zk\u00f6zs\u00e9g","isPartOf":{"@id":"https:\/\/gyor.lutheran.hu\/#website"},"datePublished":"2025-03-06T00:05:38+00:00","dateModified":"2025-06-16T06:39:43+00:00","breadcrumb":{"@id":"https:\/\/gyor.lutheran.hu\/?page_id=145#breadcrumb"},"inLanguage":"hu","potentialAction":[{"@type":"ReadAction","target":["https:\/\/gyor.lutheran.hu\/?page_id=145"]}]},{"@type":"BreadcrumbList","@id":"https:\/\/gyor.lutheran.hu\/?page_id=145#breadcrumb","itemListElement":[{"@type":"ListItem","position":1,"name":"Home","item":"https:\/\/gyor.lutheran.hu\/"},{"@type":"ListItem","position":2,"name":"Alkalmaink","item":"https:\/\/gyor.lutheran.hu\/?page_id=140"},{"@type":"ListItem","position":3,"name":"Rendszeres alkalmaink"}]},{"@type":"WebSite","@id":"https:\/\/gyor.lutheran.hu\/#website","url":"https:\/\/gyor.lutheran.hu\/","name":"Gy\u0151ri Evang\u00e9likus Egyh\u00e1zk\u00f6zs\u00e9g","description":"","publisher":{"@id":"https:\/\/gyor.lutheran.hu\/#organization"},"potentialAction":[{"@type":"SearchAction","target":{"@type":"EntryPoint","urlTemplate":"https:\/\/gyor.lutheran.hu\/?s={search_term_string}"},"query-input":{"@type":"PropertyValueSpecification","valueRequired":true,"valueName":"search_term_string"}}],"inLanguage":"hu"},{"@type":"Organization","@id":"https:\/\/gyor.lutheran.hu\/#organization","name":"Gy\u0151ri Evang\u00e9likus Egyh\u00e1zk\u00f6zs\u00e9g","url":"https:\/\/gyor.lutheran.hu\/","logo":{"@type":"ImageObject","inLanguage":"hu","@id":"https:\/\/gyor.lutheran.hu\/#\/schema\/logo\/image\/","url":"https:\/\/gyor.lutheran.hu\/wp-content\/uploads\/2025\/02\/logo.jpg","contentUrl":"https:\/\/gyor.lutheran.hu\/wp-content\/uploads\/2025\/02\/logo.jpg","width":160,"height":160,"caption":"Gy\u0151ri Evang\u00e9likus Egyh\u00e1zk\u00f6zs\u00e9g"},"image":{"@id":"https:\/\/gyor.lutheran.hu\/#\/schema\/logo\/image\/"},"sameAs":["https:\/\/www.facebook.com\/profile.php?id=100064848424606"]}]}},"_links":{"self":[{"href":"https:\/\/gyor.lutheran.hu\/index.php?rest_route=\/wp\/v2\/pages\/145","targetHints":{"allow":["GET"]}}],"collection":[{"href":"https:\/\/gyor.lutheran.hu\/index.php?rest_route=\/wp\/v2\/pages"}],"about":[{"href":"https:\/\/gyor.lutheran.hu\/index.php?rest_route=\/wp\/v2\/types\/page"}],"author":[{"embeddable":true,"href":"https:\/\/gyor.lutheran.hu\/index.php?rest_route=\/wp\/v2\/users\/1"}],"replies":[{"embeddable":true,"href":"https:\/\/gyor.lutheran.hu\/index.php?rest_route=%2Fwp%2Fv2%2Fcomments&post=145"}],"version-history":[{"count":12,"href":"https:\/\/gyor.lutheran.hu\/index.php?rest_route=\/wp\/v2\/pages\/145\/revisions"}],"predecessor-version":[{"id":695,"href":"https:\/\/gyor.lutheran.hu\/index.php?rest_route=\/wp\/v2\/pages\/145\/revisions\/695"}],"up":[{"embeddable":true,"href":"https:\/\/gyor.lutheran.hu\/index.php?rest_route=\/wp\/v2\/pages\/140"}],"wp:attachment":[{"href":"https:\/\/gyor.lutheran.hu\/index.php?rest_route=%2Fwp%2Fv2%2Fmedia&parent=145"}],"curies":[{"name":"wp","href":"https:\/\/api.w.org\/{rel}","templated":true}]}}