{"id":156,"date":"2025-03-06T01:09:59","date_gmt":"2025-03-06T00:09:59","guid":{"rendered":"https:\/\/gyorteszt.lutheran.hu\/wordpress\/?page_id=156"},"modified":"2026-02-27T13:06:31","modified_gmt":"2026-02-27T12:06:31","slug":"forras-ujsag","status":"publish","type":"page","link":"https:\/\/gyor.lutheran.hu\/?page_id=156","title":{"rendered":"Forr\u00e1s \u00fajs\u00e1g"},"content":{"rendered":"\n<h2 class=\"wp-block-heading\">Let\u00f6lthet\u0151 lapsz\u00e1maink:<\/h2>\n\n\n\n<ul class=\"wp-block-list\">\n<li><a href=\"https:\/\/gyor.lutheran.hu\/wp-content\/uploads\/2026\/02\/forras_2025_december.pdf\" type=\"link\" id=\"https:\/\/gyor.lutheran.hu\/wp-content\/uploads\/2026\/02\/forras_2025_december.pdf\">2025. kar\u00e1csony<\/a><\/li>\n\n\n\n<li><a href=\"https:\/\/gyor.lutheran.hu\/wp-content\/uploads\/2026\/02\/forras_2025_marcius-3.pdf\" type=\"link\" id=\"file:\/\/\/K:\/FORR%C3%81S_%C3%9AJS%C3%81GOK\/forras_2025_marcius.pdf\" target=\"_blank\" rel=\"noreferrer noopener\">2025. h\u00fasv\u00e9t<\/a><\/li>\n\n\n\n<li><a href=\"https:\/\/gyor.lutheran.hu\/wp-content\/uploads\/2025\/03\/forras_2024_december.pdf\" target=\"_blank\" rel=\"noreferrer noopener\">2024. kar\u00e1csony<\/a><\/li>\n\n\n\n<li><a href=\"https:\/\/gyor.lutheran.hu\/wp-content\/uploads\/2025\/03\/forras_2024_marcius.pdf\" target=\"_blank\" rel=\"noreferrer noopener\">2024. h\u00fasv\u00e9t<\/a><\/li>\n\n\n\n<li><a href=\"https:\/\/gyor.lutheran.hu\/wp-content\/uploads\/2025\/03\/forras_2023_december.pdf\" target=\"_blank\" rel=\"noreferrer noopener\">2023. kar\u00e1csony<\/a><\/li>\n\n\n\n<li><a href=\"https:\/\/gyor.lutheran.hu\/wp-content\/uploads\/2025\/03\/forras_2023_husvet.pdf\" target=\"_blank\" rel=\"noreferrer noopener\">2023. h\u00fasv\u00e9t<\/a><\/li>\n\n\n\n<li><a href=\"https:\/\/gyor.lutheran.hu\/wp-content\/uploads\/2025\/03\/forras_2022_karacsony.pdf\" target=\"_blank\" rel=\"noreferrer noopener\">2022. kar\u00e1csony<\/a><\/li>\n\n\n\n<li><a href=\"https:\/\/gyor.lutheran.hu\/wp-content\/uploads\/2025\/03\/forras_2022_hsvt.pdf\" target=\"_blank\" rel=\"noreferrer noopener\">2022. h\u00fasv\u00e9t<\/a><\/li>\n\n\n\n<li><a href=\"https:\/\/gyor.lutheran.hu\/wp-content\/uploads\/2025\/03\/forras_2021_december.pdf\" target=\"_blank\" rel=\"noreferrer noopener\">2021.&nbsp;kar\u00e1csony<\/a><\/li>\n\n\n\n<li><a href=\"https:\/\/gyor.lutheran.hu\/wp-content\/uploads\/2025\/03\/forras_2021_hsvt.pdf\" target=\"_blank\" rel=\"noreferrer noopener\">2021. h\u00fasv\u00e9t<\/a><\/li>\n\n\n\n<li><a href=\"https:\/\/gyor.lutheran.hu\/wp-content\/uploads\/2025\/03\/forras_2020_karacsony.pdf\" target=\"_blank\" rel=\"noreferrer noopener\">2020. kar\u00e1csony<\/a><\/li>\n\n\n\n<li><a href=\"https:\/\/gyor.lutheran.hu\/wp-content\/uploads\/2025\/03\/forras_2020_hsvt.pdf\" target=\"_blank\" rel=\"noreferrer noopener\">2020. h\u00fasv\u00e9t<\/a><\/li>\n\n\n\n<li><a href=\"https:\/\/gyor.lutheran.hu\/wp-content\/uploads\/2025\/03\/forras_2019_december.pdf\" target=\"_blank\" rel=\"noreferrer noopener\">2019. kar\u00e1csony<\/a><\/li>\n\n\n\n<li><a href=\"https:\/\/gyor.lutheran.hu\/wp-content\/uploads\/2025\/03\/forras_2019_husvet.pdf\" target=\"_blank\" rel=\"noreferrer noopener\">2019. h\u00fasv\u00e9t<\/a><\/li>\n\n\n\n<li><a href=\"https:\/\/gyor.lutheran.hu\/wp-content\/uploads\/2025\/03\/forras_2018_karcsony.pdf\" target=\"_blank\" rel=\"noreferrer noopener\">2018. kar\u00e1csony<\/a><\/li>\n\n\n\n<li><a href=\"https:\/\/gyor.lutheran.hu\/wp-content\/uploads\/2025\/03\/forras_2018_husvet.pdf\" target=\"_blank\" rel=\"noreferrer noopener\">2018. h\u00fasv\u00e9t<\/a><\/li>\n\n\n\n<li><a href=\"https:\/\/gyor.lutheran.hu\/wp-content\/uploads\/2025\/03\/forras_2017_december.pdf\" target=\"_blank\" rel=\"noreferrer noopener\">2017. kar\u00e1csony<\/a><\/li>\n\n\n\n<li><a href=\"https:\/\/gyor.lutheran.hu\/wp-content\/uploads\/2025\/03\/forras_2017_marcius.pdf\" target=\"_blank\" rel=\"noreferrer noopener\">2017. h\u00fasv\u00e9t<\/a><\/li>\n\n\n\n<li><a href=\"https:\/\/gyor.lutheran.hu\/wp-content\/uploads\/2025\/03\/forras_2016_12.pdf\" target=\"_blank\" rel=\"noreferrer noopener\">2016. kar\u00e1csony<\/a><\/li>\n\n\n\n<li><a href=\"https:\/\/gyor.lutheran.hu\/wp-content\/uploads\/2025\/03\/forras_2016_husvet.pdf\" target=\"_blank\" rel=\"noreferrer noopener\">2016. h\u00fasv\u00e9t<\/a><\/li>\n\n\n\n<li><a href=\"https:\/\/gyor.lutheran.hu\/wp-content\/uploads\/2025\/03\/forras_2015_punkosd.pdf\" target=\"_blank\" rel=\"noreferrer noopener\">2015. p\u00fcnk\u00f6sd<\/a><\/li>\n\n\n\n<li><a href=\"https:\/\/gyor.lutheran.hu\/wp-content\/uploads\/2025\/03\/forras_2014_karacsony.pdf\" target=\"_blank\" rel=\"noreferrer noopener\">2014. kar\u00e1csony<\/a><\/li>\n\n\n\n<li><a href=\"https:\/\/gyor.lutheran.hu\/wp-content\/uploads\/2025\/03\/forras_2014_osz.pdf\" target=\"_blank\" rel=\"noreferrer noopener\">2014. \u0151sz<\/a><\/li>\n\n\n\n<li><a href=\"https:\/\/gyor.lutheran.hu\/wp-content\/uploads\/2025\/03\/forras_2014_01.pdf\" target=\"_blank\" rel=\"noreferrer noopener\">2014. janu\u00e1r<\/a><\/li>\n\n\n\n<li><a href=\"https:\/\/gyor.lutheran.hu\/wp-content\/uploads\/2025\/03\/forras_2012_12.pdf\" target=\"_blank\" rel=\"noreferrer noopener\">2012. december<\/a><\/li>\n\n\n\n<li><a href=\"https:\/\/gyor.lutheran.hu\/wp-content\/uploads\/2025\/03\/forras_2012_09.pdf\" target=\"_blank\" rel=\"noreferrer noopener\">2012. szeptember<\/a><\/li>\n\n\n\n<li><a href=\"https:\/\/gyor.lutheran.hu\/wp-content\/uploads\/2025\/03\/forras_2011_12.pdf\" target=\"_blank\" rel=\"noreferrer noopener\">2011. december<\/a><\/li>\n\n\n\n<li><a href=\"https:\/\/gyor.lutheran.hu\/wp-content\/uploads\/2025\/03\/forras_2011_09.pdf\" target=\"_blank\" rel=\"noreferrer noopener\">2011. szeptember<\/a><\/li>\n\n\n\n<li><a href=\"https:\/\/gyor.lutheran.hu\/wp-content\/uploads\/2025\/03\/forras_2010_03.pdf\" target=\"_blank\" rel=\"noreferrer noopener\">2010. m\u00e1rcius<\/a><\/li>\n\n\n\n<li><a href=\"https:\/\/gyor.lutheran.hu\/wp-content\/uploads\/2025\/03\/forras_2009_12.pdf\" target=\"_blank\" rel=\"noreferrer noopener\">2009. december<\/a><\/li>\n\n\n\n<li><a href=\"https:\/\/gyor.lutheran.hu\/wp-content\/uploads\/2025\/03\/forras_2009_05.pdf\" target=\"_blank\" rel=\"noreferrer noopener\">2009. m\u00e1jus<\/a><\/li>\n\n\n\n<li><a href=\"https:\/\/gyor.lutheran.hu\/wp-content\/uploads\/2025\/03\/forras_2009_03.pdf\" target=\"_blank\" rel=\"noreferrer noopener\">2009. m\u00e1rcius<\/a><\/li>\n\n\n\n<li><a href=\"https:\/\/gyor.lutheran.hu\/wp-content\/uploads\/2025\/03\/forras_2008_12.pdf\" target=\"_blank\" rel=\"noreferrer noopener\">2008. december<\/a><\/li>\n\n\n\n<li><a href=\"https:\/\/gyor.lutheran.hu\/wp-content\/uploads\/2025\/03\/forras_2008_10.pdf\" target=\"_blank\" rel=\"noreferrer noopener\">2008. okt\u00f3ber<\/a><\/li>\n\n\n\n<li><a href=\"https:\/\/gyor.lutheran.hu\/wp-content\/uploads\/2025\/03\/forras_2008_05.pdf\" target=\"_blank\" rel=\"noreferrer noopener\">2008. m\u00e1jus<\/a><\/li>\n\n\n\n<li><a href=\"https:\/\/gyor.lutheran.hu\/wp-content\/uploads\/2025\/03\/forras_2008_03.pdf\" target=\"_blank\" rel=\"noreferrer noopener\">2008. m\u00e1rcius<\/a><\/li>\n\n\n\n<li><a href=\"https:\/\/gyor.lutheran.hu\/wp-content\/uploads\/2025\/03\/forras_2007_12.pdf\" target=\"_blank\" rel=\"noreferrer noopener\">2007. december<\/a><\/li>\n\n\n\n<li><a href=\"https:\/\/gyor.lutheran.hu\/wp-content\/uploads\/2025\/03\/forras_2007_10.pdf\" target=\"_blank\" rel=\"noreferrer noopener\">2007. okt\u00f3ber<\/a><\/li>\n<\/ul>\n\n\n\n<p><\/p>\n","protected":false},"excerpt":{"rendered":"<p>Let\u00f6lthet\u0151 lapsz\u00e1maink:<\/p>\n","protected":false},"author":1,"featured_media":0,"parent":150,"menu_order":30,"comment_status":"closed","ping_status":"closed","template":"","meta":{"footnotes":""},"class_list":["post-156","page","type-page","status-publish","hentry"],"yoast_head":"<!-- This site is optimized with the Yoast SEO plugin v27.4 - https:\/\/yoast.com\/product\/yoast-seo-wordpress\/ -->\n<title>Forr\u00e1s \u00fajs\u00e1g - Gy\u0151ri Evang\u00e9likus Egyh\u00e1zk\u00f6zs\u00e9g<\/title>\n<meta name=\"robots\" content=\"index, follow, max-snippet:-1, max-image-preview:large, max-video-preview:-1\" \/>\n<link rel=\"canonical\" href=\"https:\/\/gyor.lutheran.hu\/?page_id=156\" \/>\n<meta property=\"og:locale\" content=\"hu_HU\" \/>\n<meta property=\"og:type\" content=\"article\" \/>\n<meta property=\"og:title\" content=\"Forr\u00e1s \u00fajs\u00e1g - Gy\u0151ri Evang\u00e9likus Egyh\u00e1zk\u00f6zs\u00e9g\" \/>\n<meta property=\"og:description\" content=\"Let\u00f6lthet\u0151 lapsz\u00e1maink:\" \/>\n<meta property=\"og:url\" content=\"https:\/\/gyor.lutheran.hu\/?page_id=156\" \/>\n<meta property=\"og:site_name\" content=\"Gy\u0151ri Evang\u00e9likus Egyh\u00e1zk\u00f6zs\u00e9g\" \/>\n<meta property=\"article:publisher\" content=\"https:\/\/www.facebook.com\/profile.php?id=100064848424606\" \/>\n<meta property=\"article:modified_time\" content=\"2026-02-27T12:06:31+00:00\" \/>\n<meta name=\"twitter:card\" content=\"summary_large_image\" \/>\n<meta name=\"twitter:label1\" content=\"Becs\u00fclt olvas\u00e1si id\u0151\" \/>\n\t<meta name=\"twitter:data1\" content=\"1 perc\" \/>\n<script type=\"application\/ld+json\" class=\"yoast-schema-graph\">{\"@context\":\"https:\\\/\\\/schema.org\",\"@graph\":[{\"@type\":\"WebPage\",\"@id\":\"https:\\\/\\\/gyor.lutheran.hu\\\/?page_id=156\",\"url\":\"https:\\\/\\\/gyor.lutheran.hu\\\/?page_id=156\",\"name\":\"Forr\u00e1s \u00fajs\u00e1g - Gy\u0151ri Evang\u00e9likus Egyh\u00e1zk\u00f6zs\u00e9g\",\"isPartOf\":{\"@id\":\"https:\\\/\\\/gyor.lutheran.hu\\\/#website\"},\"datePublished\":\"2025-03-06T00:09:59+00:00\",\"dateModified\":\"2026-02-27T12:06:31+00:00\",\"breadcrumb\":{\"@id\":\"https:\\\/\\\/gyor.lutheran.hu\\\/?page_id=156#breadcrumb\"},\"inLanguage\":\"hu\",\"potentialAction\":[{\"@type\":\"ReadAction\",\"target\":[\"https:\\\/\\\/gyor.lutheran.hu\\\/?page_id=156\"]}]},{\"@type\":\"BreadcrumbList\",\"@id\":\"https:\\\/\\\/gyor.lutheran.hu\\\/?page_id=156#breadcrumb\",\"itemListElement\":[{\"@type\":\"ListItem\",\"position\":1,\"name\":\"Home\",\"item\":\"https:\\\/\\\/gyor.lutheran.hu\\\/\"},{\"@type\":\"ListItem\",\"position\":2,\"name\":\"M\u00e9diat\u00e1r\",\"item\":\"https:\\\/\\\/gyor.lutheran.hu\\\/?page_id=150\"},{\"@type\":\"ListItem\",\"position\":3,\"name\":\"Forr\u00e1s \u00fajs\u00e1g\"}]},{\"@type\":\"WebSite\",\"@id\":\"https:\\\/\\\/gyor.lutheran.hu\\\/#website\",\"url\":\"https:\\\/\\\/gyor.lutheran.hu\\\/\",\"name\":\"Gy\u0151ri Evang\u00e9likus Egyh\u00e1zk\u00f6zs\u00e9g\",\"description\":\"\",\"publisher\":{\"@id\":\"https:\\\/\\\/gyor.lutheran.hu\\\/#organization\"},\"potentialAction\":[{\"@type\":\"SearchAction\",\"target\":{\"@type\":\"EntryPoint\",\"urlTemplate\":\"https:\\\/\\\/gyor.lutheran.hu\\\/?s={search_term_string}\"},\"query-input\":{\"@type\":\"PropertyValueSpecification\",\"valueRequired\":true,\"valueName\":\"search_term_string\"}}],\"inLanguage\":\"hu\"},{\"@type\":\"Organization\",\"@id\":\"https:\\\/\\\/gyor.lutheran.hu\\\/#organization\",\"name\":\"Gy\u0151ri Evang\u00e9likus Egyh\u00e1zk\u00f6zs\u00e9g\",\"url\":\"https:\\\/\\\/gyor.lutheran.hu\\\/\",\"logo\":{\"@type\":\"ImageObject\",\"inLanguage\":\"hu\",\"@id\":\"https:\\\/\\\/gyor.lutheran.hu\\\/#\\\/schema\\\/logo\\\/image\\\/\",\"url\":\"https:\\\/\\\/gyor.lutheran.hu\\\/wp-content\\\/uploads\\\/2025\\\/02\\\/logo.jpg\",\"contentUrl\":\"https:\\\/\\\/gyor.lutheran.hu\\\/wp-content\\\/uploads\\\/2025\\\/02\\\/logo.jpg\",\"width\":160,\"height\":160,\"caption\":\"Gy\u0151ri Evang\u00e9likus Egyh\u00e1zk\u00f6zs\u00e9g\"},\"image\":{\"@id\":\"https:\\\/\\\/gyor.lutheran.hu\\\/#\\\/schema\\\/logo\\\/image\\\/\"},\"sameAs\":[\"https:\\\/\\\/www.facebook.com\\\/profile.php?id=100064848424606\"]}]}<\/script>\n<!-- \/ Yoast SEO plugin. -->","yoast_head_json":{"title":"Forr\u00e1s \u00fajs\u00e1g - Gy\u0151ri Evang\u00e9likus Egyh\u00e1zk\u00f6zs\u00e9g","robots":{"index":"index","follow":"follow","max-snippet":"max-snippet:-1","max-image-preview":"max-image-preview:large","max-video-preview":"max-video-preview:-1"},"canonical":"https:\/\/gyor.lutheran.hu\/?page_id=156","og_locale":"hu_HU","og_type":"article","og_title":"Forr\u00e1s \u00fajs\u00e1g - Gy\u0151ri Evang\u00e9likus Egyh\u00e1zk\u00f6zs\u00e9g","og_description":"Let\u00f6lthet\u0151 lapsz\u00e1maink:","og_url":"https:\/\/gyor.lutheran.hu\/?page_id=156","og_site_name":"Gy\u0151ri Evang\u00e9likus Egyh\u00e1zk\u00f6zs\u00e9g","article_publisher":"https:\/\/www.facebook.com\/profile.php?id=100064848424606","article_modified_time":"2026-02-27T12:06:31+00:00","twitter_card":"summary_large_image","twitter_misc":{"Becs\u00fclt olvas\u00e1si id\u0151":"1 perc"},"schema":{"@context":"https:\/\/schema.org","@graph":[{"@type":"WebPage","@id":"https:\/\/gyor.lutheran.hu\/?page_id=156","url":"https:\/\/gyor.lutheran.hu\/?page_id=156","name":"Forr\u00e1s \u00fajs\u00e1g - Gy\u0151ri Evang\u00e9likus Egyh\u00e1zk\u00f6zs\u00e9g","isPartOf":{"@id":"https:\/\/gyor.lutheran.hu\/#website"},"datePublished":"2025-03-06T00:09:59+00:00","dateModified":"2026-02-27T12:06:31+00:00","breadcrumb":{"@id":"https:\/\/gyor.lutheran.hu\/?page_id=156#breadcrumb"},"inLanguage":"hu","potentialAction":[{"@type":"ReadAction","target":["https:\/\/gyor.lutheran.hu\/?page_id=156"]}]},{"@type":"BreadcrumbList","@id":"https:\/\/gyor.lutheran.hu\/?page_id=156#breadcrumb","itemListElement":[{"@type":"ListItem","position":1,"name":"Home","item":"https:\/\/gyor.lutheran.hu\/"},{"@type":"ListItem","position":2,"name":"M\u00e9diat\u00e1r","item":"https:\/\/gyor.lutheran.hu\/?page_id=150"},{"@type":"ListItem","position":3,"name":"Forr\u00e1s \u00fajs\u00e1g"}]},{"@type":"WebSite","@id":"https:\/\/gyor.lutheran.hu\/#website","url":"https:\/\/gyor.lutheran.hu\/","name":"Gy\u0151ri Evang\u00e9likus Egyh\u00e1zk\u00f6zs\u00e9g","description":"","publisher":{"@id":"https:\/\/gyor.lutheran.hu\/#organization"},"potentialAction":[{"@type":"SearchAction","target":{"@type":"EntryPoint","urlTemplate":"https:\/\/gyor.lutheran.hu\/?s={search_term_string}"},"query-input":{"@type":"PropertyValueSpecification","valueRequired":true,"valueName":"search_term_string"}}],"inLanguage":"hu"},{"@type":"Organization","@id":"https:\/\/gyor.lutheran.hu\/#organization","name":"Gy\u0151ri Evang\u00e9likus Egyh\u00e1zk\u00f6zs\u00e9g","url":"https:\/\/gyor.lutheran.hu\/","logo":{"@type":"ImageObject","inLanguage":"hu","@id":"https:\/\/gyor.lutheran.hu\/#\/schema\/logo\/image\/","url":"https:\/\/gyor.lutheran.hu\/wp-content\/uploads\/2025\/02\/logo.jpg","contentUrl":"https:\/\/gyor.lutheran.hu\/wp-content\/uploads\/2025\/02\/logo.jpg","width":160,"height":160,"caption":"Gy\u0151ri Evang\u00e9likus Egyh\u00e1zk\u00f6zs\u00e9g"},"image":{"@id":"https:\/\/gyor.lutheran.hu\/#\/schema\/logo\/image\/"},"sameAs":["https:\/\/www.facebook.com\/profile.php?id=100064848424606"]}]}},"_links":{"self":[{"href":"https:\/\/gyor.lutheran.hu\/index.php?rest_route=\/wp\/v2\/pages\/156","targetHints":{"allow":["GET"]}}],"collection":[{"href":"https:\/\/gyor.lutheran.hu\/index.php?rest_route=\/wp\/v2\/pages"}],"about":[{"href":"https:\/\/gyor.lutheran.hu\/index.php?rest_route=\/wp\/v2\/types\/page"}],"author":[{"embeddable":true,"href":"https:\/\/gyor.lutheran.hu\/index.php?rest_route=\/wp\/v2\/users\/1"}],"replies":[{"embeddable":true,"href":"https:\/\/gyor.lutheran.hu\/index.php?rest_route=%2Fwp%2Fv2%2Fcomments&post=156"}],"version-history":[{"count":7,"href":"https:\/\/gyor.lutheran.hu\/index.php?rest_route=\/wp\/v2\/pages\/156\/revisions"}],"predecessor-version":[{"id":904,"href":"https:\/\/gyor.lutheran.hu\/index.php?rest_route=\/wp\/v2\/pages\/156\/revisions\/904"}],"up":[{"embeddable":true,"href":"https:\/\/gyor.lutheran.hu\/index.php?rest_route=\/wp\/v2\/pages\/150"}],"wp:attachment":[{"href":"https:\/\/gyor.lutheran.hu\/index.php?rest_route=%2Fwp%2Fv2%2Fmedia&parent=156"}],"curies":[{"name":"wp","href":"https:\/\/api.w.org\/{rel}","templated":true}]}}