{"id":160,"date":"2025-03-06T01:14:03","date_gmt":"2025-03-06T00:14:03","guid":{"rendered":"https:\/\/gyorteszt.lutheran.hu\/wordpress\/?page_id=160"},"modified":"2025-04-04T12:09:16","modified_gmt":"2025-04-04T10:09:16","slug":"konfirmandus-tabor-2023-szeptember-8-10-ekcp-kp-1-2023-2-000237","status":"publish","type":"page","link":"https:\/\/gyor.lutheran.hu\/?page_id=160","title":{"rendered":"Konfirmandus t\u00e1bor &#8211; 2023. szeptember 8-10. EKCP-KP-1-2023\/2-000237"},"content":{"rendered":"\n<p>A 2023. szeptember 8-10. k\u00f6z\u00f6tt megval\u00f3sul\u00f3 v\u00e9neki konfirmandus t\u00e1bor megval\u00f3s\u00edt\u00e1s\u00e1t Magyarorsz\u00e1g Korm\u00e1nya 400.000 Ft \u00f6sszeggel t\u00e1mogatta az \u201cEgyh\u00e1zi k\u00f6z\u00f6ss\u00e9gi c\u00e9l\u00fa programok 2023. \u00e9vi t\u00e1mogat\u00e1sa\u201d c\u00edm\u0171 felh\u00edv\u00e1s keret\u00e9ben.<\/p>\n\n\n\n<figure class=\"wp-block-image size-large\"><img loading=\"lazy\" decoding=\"async\" width=\"724\" height=\"1024\" src=\"https:\/\/gyor.lutheran.hu\/wp-content\/uploads\/2025\/03\/konfitaborplakat_2023_s-724x1024.jpg\" alt=\"\" class=\"wp-image-343\" srcset=\"https:\/\/gyor.lutheran.hu\/wp-content\/uploads\/2025\/03\/konfitaborplakat_2023_s-724x1024.jpg 724w, https:\/\/gyor.lutheran.hu\/wp-content\/uploads\/2025\/03\/konfitaborplakat_2023_s-212x300.jpg 212w, https:\/\/gyor.lutheran.hu\/wp-content\/uploads\/2025\/03\/konfitaborplakat_2023_s-768x1086.jpg 768w, https:\/\/gyor.lutheran.hu\/wp-content\/uploads\/2025\/03\/konfitaborplakat_2023_s.jpg 1061w\" sizes=\"auto, (max-width: 724px) 100vw, 724px\" \/><\/figure>\n","protected":false},"excerpt":{"rendered":"<p>A 2023. szeptember 8-10. k\u00f6z\u00f6tt megval\u00f3sul\u00f3 v\u00e9neki konfirmandus t\u00e1bor megval\u00f3s\u00edt\u00e1s\u00e1t Magyarorsz\u00e1g Korm\u00e1nya 400.000 Ft \u00f6sszeggel t\u00e1mogatta az \u201cEgyh\u00e1zi k\u00f6z\u00f6ss\u00e9gi c\u00e9l\u00fa programok 2023. \u00e9vi t\u00e1mogat\u00e1sa\u201d c\u00edm\u0171 felh\u00edv\u00e1s keret\u00e9ben.<\/p>\n","protected":false},"author":1,"featured_media":0,"parent":147,"menu_order":0,"comment_status":"closed","ping_status":"closed","template":"","meta":{"footnotes":""},"class_list":["post-160","page","type-page","status-publish","hentry"],"yoast_head":"<!-- This site is optimized with the Yoast SEO plugin v27.3 - https:\/\/yoast.com\/product\/yoast-seo-wordpress\/ -->\n<title>Konfirmandus t\u00e1bor - 2023. szeptember 8-10. EKCP-KP-1-2023\/2-000237 - Gy\u0151ri Evang\u00e9likus Egyh\u00e1zk\u00f6zs\u00e9g<\/title>\n<meta name=\"robots\" content=\"index, follow, max-snippet:-1, max-image-preview:large, max-video-preview:-1\" \/>\n<link rel=\"canonical\" href=\"https:\/\/gyor.lutheran.hu\/?page_id=160\" \/>\n<meta property=\"og:locale\" content=\"hu_HU\" \/>\n<meta property=\"og:type\" content=\"article\" \/>\n<meta property=\"og:title\" content=\"Konfirmandus t\u00e1bor - 2023. szeptember 8-10. EKCP-KP-1-2023\/2-000237 - Gy\u0151ri Evang\u00e9likus Egyh\u00e1zk\u00f6zs\u00e9g\" \/>\n<meta property=\"og:description\" content=\"A 2023. szeptember 8-10. k\u00f6z\u00f6tt megval\u00f3sul\u00f3 v\u00e9neki konfirmandus t\u00e1bor megval\u00f3s\u00edt\u00e1s\u00e1t Magyarorsz\u00e1g Korm\u00e1nya 400.000 Ft \u00f6sszeggel t\u00e1mogatta az \u201cEgyh\u00e1zi k\u00f6z\u00f6ss\u00e9gi c\u00e9l\u00fa programok 2023. \u00e9vi t\u00e1mogat\u00e1sa\u201d c\u00edm\u0171 felh\u00edv\u00e1s keret\u00e9ben.\" \/>\n<meta property=\"og:url\" content=\"https:\/\/gyor.lutheran.hu\/?page_id=160\" \/>\n<meta property=\"og:site_name\" content=\"Gy\u0151ri Evang\u00e9likus Egyh\u00e1zk\u00f6zs\u00e9g\" \/>\n<meta property=\"article:publisher\" content=\"https:\/\/www.facebook.com\/profile.php?id=100064848424606\" \/>\n<meta property=\"article:modified_time\" content=\"2025-04-04T10:09:16+00:00\" \/>\n<meta property=\"og:image\" content=\"https:\/\/gyor.lutheran.hu\/wp-content\/uploads\/2025\/03\/konfitaborplakat_2023_s.jpg\" \/>\n\t<meta property=\"og:image:width\" content=\"1061\" \/>\n\t<meta property=\"og:image:height\" content=\"1500\" \/>\n\t<meta property=\"og:image:type\" content=\"image\/jpeg\" \/>\n<meta name=\"twitter:card\" content=\"summary_large_image\" \/>\n<meta name=\"twitter:label1\" content=\"Becs\u00fclt olvas\u00e1si id\u0151\" \/>\n\t<meta name=\"twitter:data1\" content=\"1 perc\" \/>\n<script type=\"application\/ld+json\" class=\"yoast-schema-graph\">{\"@context\":\"https:\\\/\\\/schema.org\",\"@graph\":[{\"@type\":\"WebPage\",\"@id\":\"https:\\\/\\\/gyor.lutheran.hu\\\/?page_id=160\",\"url\":\"https:\\\/\\\/gyor.lutheran.hu\\\/?page_id=160\",\"name\":\"Konfirmandus t\u00e1bor - 2023. szeptember 8-10. EKCP-KP-1-2023\\\/2-000237 - Gy\u0151ri Evang\u00e9likus Egyh\u00e1zk\u00f6zs\u00e9g\",\"isPartOf\":{\"@id\":\"https:\\\/\\\/gyor.lutheran.hu\\\/#website\"},\"primaryImageOfPage\":{\"@id\":\"https:\\\/\\\/gyor.lutheran.hu\\\/?page_id=160#primaryimage\"},\"image\":{\"@id\":\"https:\\\/\\\/gyor.lutheran.hu\\\/?page_id=160#primaryimage\"},\"thumbnailUrl\":\"https:\\\/\\\/gyor.lutheran.hu\\\/wp-content\\\/uploads\\\/2025\\\/03\\\/konfitaborplakat_2023_s-724x1024.jpg\",\"datePublished\":\"2025-03-06T00:14:03+00:00\",\"dateModified\":\"2025-04-04T10:09:16+00:00\",\"breadcrumb\":{\"@id\":\"https:\\\/\\\/gyor.lutheran.hu\\\/?page_id=160#breadcrumb\"},\"inLanguage\":\"hu\",\"potentialAction\":[{\"@type\":\"ReadAction\",\"target\":[\"https:\\\/\\\/gyor.lutheran.hu\\\/?page_id=160\"]}]},{\"@type\":\"ImageObject\",\"inLanguage\":\"hu\",\"@id\":\"https:\\\/\\\/gyor.lutheran.hu\\\/?page_id=160#primaryimage\",\"url\":\"https:\\\/\\\/gyor.lutheran.hu\\\/wp-content\\\/uploads\\\/2025\\\/03\\\/konfitaborplakat_2023_s.jpg\",\"contentUrl\":\"https:\\\/\\\/gyor.lutheran.hu\\\/wp-content\\\/uploads\\\/2025\\\/03\\\/konfitaborplakat_2023_s.jpg\",\"width\":1061,\"height\":1500},{\"@type\":\"BreadcrumbList\",\"@id\":\"https:\\\/\\\/gyor.lutheran.hu\\\/?page_id=160#breadcrumb\",\"itemListElement\":[{\"@type\":\"ListItem\",\"position\":1,\"name\":\"Home\",\"item\":\"https:\\\/\\\/gyor.lutheran.hu\\\/\"},{\"@type\":\"ListItem\",\"position\":2,\"name\":\"P\u00e1ly\u00e1zatok\",\"item\":\"https:\\\/\\\/gyor.lutheran.hu\\\/?page_id=147\"},{\"@type\":\"ListItem\",\"position\":3,\"name\":\"Konfirmandus t\u00e1bor &#8211; 2023. szeptember 8-10. EKCP-KP-1-2023\\\/2-000237\"}]},{\"@type\":\"WebSite\",\"@id\":\"https:\\\/\\\/gyor.lutheran.hu\\\/#website\",\"url\":\"https:\\\/\\\/gyor.lutheran.hu\\\/\",\"name\":\"Gy\u0151ri Evang\u00e9likus Egyh\u00e1zk\u00f6zs\u00e9g\",\"description\":\"\",\"publisher\":{\"@id\":\"https:\\\/\\\/gyor.lutheran.hu\\\/#organization\"},\"potentialAction\":[{\"@type\":\"SearchAction\",\"target\":{\"@type\":\"EntryPoint\",\"urlTemplate\":\"https:\\\/\\\/gyor.lutheran.hu\\\/?s={search_term_string}\"},\"query-input\":{\"@type\":\"PropertyValueSpecification\",\"valueRequired\":true,\"valueName\":\"search_term_string\"}}],\"inLanguage\":\"hu\"},{\"@type\":\"Organization\",\"@id\":\"https:\\\/\\\/gyor.lutheran.hu\\\/#organization\",\"name\":\"Gy\u0151ri Evang\u00e9likus Egyh\u00e1zk\u00f6zs\u00e9g\",\"url\":\"https:\\\/\\\/gyor.lutheran.hu\\\/\",\"logo\":{\"@type\":\"ImageObject\",\"inLanguage\":\"hu\",\"@id\":\"https:\\\/\\\/gyor.lutheran.hu\\\/#\\\/schema\\\/logo\\\/image\\\/\",\"url\":\"https:\\\/\\\/gyor.lutheran.hu\\\/wp-content\\\/uploads\\\/2025\\\/02\\\/logo.jpg\",\"contentUrl\":\"https:\\\/\\\/gyor.lutheran.hu\\\/wp-content\\\/uploads\\\/2025\\\/02\\\/logo.jpg\",\"width\":160,\"height\":160,\"caption\":\"Gy\u0151ri Evang\u00e9likus Egyh\u00e1zk\u00f6zs\u00e9g\"},\"image\":{\"@id\":\"https:\\\/\\\/gyor.lutheran.hu\\\/#\\\/schema\\\/logo\\\/image\\\/\"},\"sameAs\":[\"https:\\\/\\\/www.facebook.com\\\/profile.php?id=100064848424606\"]}]}<\/script>\n<!-- \/ Yoast SEO plugin. -->","yoast_head_json":{"title":"Konfirmandus t\u00e1bor - 2023. szeptember 8-10. EKCP-KP-1-2023\/2-000237 - Gy\u0151ri Evang\u00e9likus Egyh\u00e1zk\u00f6zs\u00e9g","robots":{"index":"index","follow":"follow","max-snippet":"max-snippet:-1","max-image-preview":"max-image-preview:large","max-video-preview":"max-video-preview:-1"},"canonical":"https:\/\/gyor.lutheran.hu\/?page_id=160","og_locale":"hu_HU","og_type":"article","og_title":"Konfirmandus t\u00e1bor - 2023. szeptember 8-10. EKCP-KP-1-2023\/2-000237 - Gy\u0151ri Evang\u00e9likus Egyh\u00e1zk\u00f6zs\u00e9g","og_description":"A 2023. szeptember 8-10. k\u00f6z\u00f6tt megval\u00f3sul\u00f3 v\u00e9neki konfirmandus t\u00e1bor megval\u00f3s\u00edt\u00e1s\u00e1t Magyarorsz\u00e1g Korm\u00e1nya 400.000 Ft \u00f6sszeggel t\u00e1mogatta az \u201cEgyh\u00e1zi k\u00f6z\u00f6ss\u00e9gi c\u00e9l\u00fa programok 2023. \u00e9vi t\u00e1mogat\u00e1sa\u201d c\u00edm\u0171 felh\u00edv\u00e1s keret\u00e9ben.","og_url":"https:\/\/gyor.lutheran.hu\/?page_id=160","og_site_name":"Gy\u0151ri Evang\u00e9likus Egyh\u00e1zk\u00f6zs\u00e9g","article_publisher":"https:\/\/www.facebook.com\/profile.php?id=100064848424606","article_modified_time":"2025-04-04T10:09:16+00:00","og_image":[{"width":1061,"height":1500,"url":"https:\/\/gyor.lutheran.hu\/wp-content\/uploads\/2025\/03\/konfitaborplakat_2023_s.jpg","type":"image\/jpeg"}],"twitter_card":"summary_large_image","twitter_misc":{"Becs\u00fclt olvas\u00e1si id\u0151":"1 perc"},"schema":{"@context":"https:\/\/schema.org","@graph":[{"@type":"WebPage","@id":"https:\/\/gyor.lutheran.hu\/?page_id=160","url":"https:\/\/gyor.lutheran.hu\/?page_id=160","name":"Konfirmandus t\u00e1bor - 2023. szeptember 8-10. EKCP-KP-1-2023\/2-000237 - Gy\u0151ri Evang\u00e9likus Egyh\u00e1zk\u00f6zs\u00e9g","isPartOf":{"@id":"https:\/\/gyor.lutheran.hu\/#website"},"primaryImageOfPage":{"@id":"https:\/\/gyor.lutheran.hu\/?page_id=160#primaryimage"},"image":{"@id":"https:\/\/gyor.lutheran.hu\/?page_id=160#primaryimage"},"thumbnailUrl":"https:\/\/gyor.lutheran.hu\/wp-content\/uploads\/2025\/03\/konfitaborplakat_2023_s-724x1024.jpg","datePublished":"2025-03-06T00:14:03+00:00","dateModified":"2025-04-04T10:09:16+00:00","breadcrumb":{"@id":"https:\/\/gyor.lutheran.hu\/?page_id=160#breadcrumb"},"inLanguage":"hu","potentialAction":[{"@type":"ReadAction","target":["https:\/\/gyor.lutheran.hu\/?page_id=160"]}]},{"@type":"ImageObject","inLanguage":"hu","@id":"https:\/\/gyor.lutheran.hu\/?page_id=160#primaryimage","url":"https:\/\/gyor.lutheran.hu\/wp-content\/uploads\/2025\/03\/konfitaborplakat_2023_s.jpg","contentUrl":"https:\/\/gyor.lutheran.hu\/wp-content\/uploads\/2025\/03\/konfitaborplakat_2023_s.jpg","width":1061,"height":1500},{"@type":"BreadcrumbList","@id":"https:\/\/gyor.lutheran.hu\/?page_id=160#breadcrumb","itemListElement":[{"@type":"ListItem","position":1,"name":"Home","item":"https:\/\/gyor.lutheran.hu\/"},{"@type":"ListItem","position":2,"name":"P\u00e1ly\u00e1zatok","item":"https:\/\/gyor.lutheran.hu\/?page_id=147"},{"@type":"ListItem","position":3,"name":"Konfirmandus t\u00e1bor &#8211; 2023. szeptember 8-10. EKCP-KP-1-2023\/2-000237"}]},{"@type":"WebSite","@id":"https:\/\/gyor.lutheran.hu\/#website","url":"https:\/\/gyor.lutheran.hu\/","name":"Gy\u0151ri Evang\u00e9likus Egyh\u00e1zk\u00f6zs\u00e9g","description":"","publisher":{"@id":"https:\/\/gyor.lutheran.hu\/#organization"},"potentialAction":[{"@type":"SearchAction","target":{"@type":"EntryPoint","urlTemplate":"https:\/\/gyor.lutheran.hu\/?s={search_term_string}"},"query-input":{"@type":"PropertyValueSpecification","valueRequired":true,"valueName":"search_term_string"}}],"inLanguage":"hu"},{"@type":"Organization","@id":"https:\/\/gyor.lutheran.hu\/#organization","name":"Gy\u0151ri Evang\u00e9likus Egyh\u00e1zk\u00f6zs\u00e9g","url":"https:\/\/gyor.lutheran.hu\/","logo":{"@type":"ImageObject","inLanguage":"hu","@id":"https:\/\/gyor.lutheran.hu\/#\/schema\/logo\/image\/","url":"https:\/\/gyor.lutheran.hu\/wp-content\/uploads\/2025\/02\/logo.jpg","contentUrl":"https:\/\/gyor.lutheran.hu\/wp-content\/uploads\/2025\/02\/logo.jpg","width":160,"height":160,"caption":"Gy\u0151ri Evang\u00e9likus Egyh\u00e1zk\u00f6zs\u00e9g"},"image":{"@id":"https:\/\/gyor.lutheran.hu\/#\/schema\/logo\/image\/"},"sameAs":["https:\/\/www.facebook.com\/profile.php?id=100064848424606"]}]}},"_links":{"self":[{"href":"https:\/\/gyor.lutheran.hu\/index.php?rest_route=\/wp\/v2\/pages\/160","targetHints":{"allow":["GET"]}}],"collection":[{"href":"https:\/\/gyor.lutheran.hu\/index.php?rest_route=\/wp\/v2\/pages"}],"about":[{"href":"https:\/\/gyor.lutheran.hu\/index.php?rest_route=\/wp\/v2\/types\/page"}],"author":[{"embeddable":true,"href":"https:\/\/gyor.lutheran.hu\/index.php?rest_route=\/wp\/v2\/users\/1"}],"replies":[{"embeddable":true,"href":"https:\/\/gyor.lutheran.hu\/index.php?rest_route=%2Fwp%2Fv2%2Fcomments&post=160"}],"version-history":[{"count":3,"href":"https:\/\/gyor.lutheran.hu\/index.php?rest_route=\/wp\/v2\/pages\/160\/revisions"}],"predecessor-version":[{"id":535,"href":"https:\/\/gyor.lutheran.hu\/index.php?rest_route=\/wp\/v2\/pages\/160\/revisions\/535"}],"up":[{"embeddable":true,"href":"https:\/\/gyor.lutheran.hu\/index.php?rest_route=\/wp\/v2\/pages\/147"}],"wp:attachment":[{"href":"https:\/\/gyor.lutheran.hu\/index.php?rest_route=%2Fwp%2Fv2%2Fmedia&parent=160"}],"curies":[{"name":"wp","href":"https:\/\/api.w.org\/{rel}","templated":true}]}}