{"id":171,"date":"2025-03-06T01:16:01","date_gmt":"2025-03-06T00:16:01","guid":{"rendered":"https:\/\/gyorteszt.lutheran.hu\/wordpress\/?page_id=171"},"modified":"2026-01-15T10:01:03","modified_gmt":"2026-01-15T09:01:03","slug":"hivatal","status":"publish","type":"page","link":"https:\/\/gyor.lutheran.hu\/?page_id=171","title":{"rendered":"Hivatal"},"content":{"rendered":"\n<p><strong>\u00d6regtemplom k\u00f6zponti lelk\u00e9szi hivatal<\/strong>:<br>c\u00edm: <a href=\"https:\/\/www.google.com\/maps\/place\/Insula+Lutherana\/@47.686458,17.6265352,19.75z\/data=!4m15!1m8!3m7!1s0x476bbfe387489587:0x42f13981ae5d4dbd!2zR3nFkXIsIFBldMWRZmkgdMOpciAyLCA5MDI1!3b1!8m2!3d47.6862922!4d17.626923!16s%2Fg%2F11qn7v59y2!3m5!1s0x476bbfe38b1dcc09:0x4856e94a701bd5ba!8m2!3d47.686237!4d17.626929!16s%2Fg%2F11g455hbh2?entry=ttu&amp;g_ep=EgoyMDI1MDMwOC4wIKXMDSoASAFQAw%3D%3D\" target=\"_blank\" rel=\"noreferrer noopener\">9025 Gy\u0151r, Pet\u0151fi t\u00e9r 2.<\/a><br>mobil: 20\/824-8101<\/p>\n\n\n\n<p>e-mail: &#x67;&#x79;&#111;&#114;&#64;&#x6c;&#x75;&#x74;&#104;er&#x61;&#x6e;&#46;&#104;u<\/p>\n\n\n\n<p><strong>Ad\u00f3sz\u00e1m:<\/strong>&nbsp;19884684-2-08<\/p>\n\n\n\n<p><strong>Nyitvatart\u00e1s<\/strong>:<br>H\u00e9tf\u0151, kedd, szerda, cs\u00fct\u00f6rt\u00f6k, p\u00e9ntek: 8 &#8211; 14<br>&nbsp;<\/p>\n\n\n\n<h3 class=\"wp-block-heading\"><strong>Egyh\u00e1zfenntart\u00f3i j\u00e1rul\u00e9k az al\u00e1bbi sz\u00e1mlasz\u00e1mra utalhat\u00f3:<\/strong><\/h3>\n\n\n\n<h3 class=\"wp-block-heading\"><strong>CIB 10700031-25055203-51100005 &#8211; Gy\u0151ri Evang\u00e9likus Egyh\u00e1zk\u00f6zs\u00e9g<\/strong><\/h3>\n\n\n\n<h3 class=\"wp-block-heading\"><strong>A presbit\u00e9rium \u00e1ltal aj\u00e1nlott minimum \u00f6sszege: 16.000 Ft\/\u00e9v<\/strong><\/h3>\n\n\n\n<h3 class=\"wp-block-heading\">&nbsp;<\/h3>\n\n\n\n<p><strong>Munkat\u00e1rsak:<\/strong><\/p>\n\n\n\n<p>Vancsai J\u00f3zsef: igazgat\u00f3 lelk\u00e9sz<\/p>\n\n\n\n<p>Szab\u00f3 M\u00e1rkus Erika: gazdas\u00e1gi \u00fcgyint\u00e9z\u0151<\/p>\n\n\n\n<p>Dob\u00f3 Eszter: kultur\u00e1lis \u00fcgyek, kommunik\u00e1ci\u00f3<\/p>\n","protected":false},"excerpt":{"rendered":"<p>\u00d6regtemplom k\u00f6zponti lelk\u00e9szi hivatal:c\u00edm: 9025 Gy\u0151r, Pet\u0151fi t\u00e9r 2.mobil: 20\/824-8101 e-mail: &#x67;&#x79;&#111;&#114;&#64;l&#x75;&#x74;&#x68;&#101;&#114;an&#x2e;&#x68;&#x75; Ad\u00f3sz\u00e1m:&nbsp;19884684-2-08 Nyitvatart\u00e1s:H\u00e9tf\u0151, kedd, szerda, cs\u00fct\u00f6rt\u00f6k, p\u00e9ntek: 8 &#8211; 14&nbsp; Egyh\u00e1zfenntart\u00f3i j\u00e1rul\u00e9k az al\u00e1bbi sz\u00e1mlasz\u00e1mra utalhat\u00f3: CIB 10700031-25055203-51100005 &#8211; Gy\u0151ri Evang\u00e9likus Egyh\u00e1zk\u00f6zs\u00e9g A presbit\u00e9rium \u00e1ltal aj\u00e1nlott minimum \u00f6sszege: 16.000 Ft\/\u00e9v &nbsp; Munkat\u00e1rsak: Vancsai J\u00f3zsef: igazgat\u00f3 lelk\u00e9sz Szab\u00f3 M\u00e1rkus Erika: gazdas\u00e1gi \u00fcgyint\u00e9z\u0151 Dob\u00f3 Eszter: kultur\u00e1lis [&hellip;]<\/p>\n","protected":false},"author":1,"featured_media":0,"parent":39,"menu_order":20,"comment_status":"closed","ping_status":"closed","template":"","meta":{"footnotes":""},"class_list":["post-171","page","type-page","status-publish","hentry"],"yoast_head":"<!-- This site is optimized with the Yoast SEO plugin v27.3 - https:\/\/yoast.com\/product\/yoast-seo-wordpress\/ -->\n<title>Hivatal - Gy\u0151ri Evang\u00e9likus Egyh\u00e1zk\u00f6zs\u00e9g<\/title>\n<meta name=\"robots\" content=\"index, follow, max-snippet:-1, max-image-preview:large, max-video-preview:-1\" \/>\n<link rel=\"canonical\" href=\"https:\/\/gyor.lutheran.hu\/?page_id=171\" \/>\n<meta property=\"og:locale\" content=\"hu_HU\" \/>\n<meta property=\"og:type\" content=\"article\" \/>\n<meta property=\"og:title\" content=\"Hivatal - Gy\u0151ri Evang\u00e9likus Egyh\u00e1zk\u00f6zs\u00e9g\" \/>\n<meta property=\"og:description\" content=\"\u00d6regtemplom k\u00f6zponti lelk\u00e9szi hivatal:c\u00edm: 9025 Gy\u0151r, Pet\u0151fi t\u00e9r 2.mobil: 20\/824-8101 e-mail: &#x67;&#x79;&#111;r&#x40;&#x6c;&#117;th&#x65;&#x72;&#097;n&#x2e;&#x68;&#117; Ad\u00f3sz\u00e1m:&nbsp;19884684-2-08 Nyitvatart\u00e1s:H\u00e9tf\u0151, kedd, szerda, cs\u00fct\u00f6rt\u00f6k, p\u00e9ntek: 8 &#8211; 14&nbsp; Egyh\u00e1zfenntart\u00f3i j\u00e1rul\u00e9k az al\u00e1bbi sz\u00e1mlasz\u00e1mra utalhat\u00f3: CIB 10700031-25055203-51100005 &#8211; Gy\u0151ri Evang\u00e9likus Egyh\u00e1zk\u00f6zs\u00e9g A presbit\u00e9rium \u00e1ltal aj\u00e1nlott minimum \u00f6sszege: 16.000 Ft\/\u00e9v &nbsp; Munkat\u00e1rsak: Vancsai J\u00f3zsef: igazgat\u00f3 lelk\u00e9sz Szab\u00f3 M\u00e1rkus Erika: gazdas\u00e1gi \u00fcgyint\u00e9z\u0151 Dob\u00f3 Eszter: kultur\u00e1lis [&hellip;]\" \/>\n<meta property=\"og:url\" content=\"https:\/\/gyor.lutheran.hu\/?page_id=171\" \/>\n<meta property=\"og:site_name\" content=\"Gy\u0151ri Evang\u00e9likus Egyh\u00e1zk\u00f6zs\u00e9g\" \/>\n<meta property=\"article:publisher\" content=\"https:\/\/www.facebook.com\/profile.php?id=100064848424606\" \/>\n<meta property=\"article:modified_time\" content=\"2026-01-15T09:01:03+00:00\" \/>\n<meta name=\"twitter:card\" content=\"summary_large_image\" \/>\n<meta name=\"twitter:label1\" content=\"Becs\u00fclt olvas\u00e1si id\u0151\" \/>\n\t<meta name=\"twitter:data1\" content=\"1 perc\" \/>\n<script type=\"application\/ld+json\" class=\"yoast-schema-graph\">{\"@context\":\"https:\\\/\\\/schema.org\",\"@graph\":[{\"@type\":\"WebPage\",\"@id\":\"https:\\\/\\\/gyor.lutheran.hu\\\/?page_id=171\",\"url\":\"https:\\\/\\\/gyor.lutheran.hu\\\/?page_id=171\",\"name\":\"Hivatal - Gy\u0151ri Evang\u00e9likus Egyh\u00e1zk\u00f6zs\u00e9g\",\"isPartOf\":{\"@id\":\"https:\\\/\\\/gyor.lutheran.hu\\\/#website\"},\"datePublished\":\"2025-03-06T00:16:01+00:00\",\"dateModified\":\"2026-01-15T09:01:03+00:00\",\"breadcrumb\":{\"@id\":\"https:\\\/\\\/gyor.lutheran.hu\\\/?page_id=171#breadcrumb\"},\"inLanguage\":\"hu\",\"potentialAction\":[{\"@type\":\"ReadAction\",\"target\":[\"https:\\\/\\\/gyor.lutheran.hu\\\/?page_id=171\"]}]},{\"@type\":\"BreadcrumbList\",\"@id\":\"https:\\\/\\\/gyor.lutheran.hu\\\/?page_id=171#breadcrumb\",\"itemListElement\":[{\"@type\":\"ListItem\",\"position\":1,\"name\":\"Home\",\"item\":\"https:\\\/\\\/gyor.lutheran.hu\\\/\"},{\"@type\":\"ListItem\",\"position\":2,\"name\":\"Kapcsolat\",\"item\":\"https:\\\/\\\/gyor.lutheran.hu\\\/?page_id=39\"},{\"@type\":\"ListItem\",\"position\":3,\"name\":\"Hivatal\"}]},{\"@type\":\"WebSite\",\"@id\":\"https:\\\/\\\/gyor.lutheran.hu\\\/#website\",\"url\":\"https:\\\/\\\/gyor.lutheran.hu\\\/\",\"name\":\"Gy\u0151ri Evang\u00e9likus Egyh\u00e1zk\u00f6zs\u00e9g\",\"description\":\"\",\"publisher\":{\"@id\":\"https:\\\/\\\/gyor.lutheran.hu\\\/#organization\"},\"potentialAction\":[{\"@type\":\"SearchAction\",\"target\":{\"@type\":\"EntryPoint\",\"urlTemplate\":\"https:\\\/\\\/gyor.lutheran.hu\\\/?s={search_term_string}\"},\"query-input\":{\"@type\":\"PropertyValueSpecification\",\"valueRequired\":true,\"valueName\":\"search_term_string\"}}],\"inLanguage\":\"hu\"},{\"@type\":\"Organization\",\"@id\":\"https:\\\/\\\/gyor.lutheran.hu\\\/#organization\",\"name\":\"Gy\u0151ri Evang\u00e9likus Egyh\u00e1zk\u00f6zs\u00e9g\",\"url\":\"https:\\\/\\\/gyor.lutheran.hu\\\/\",\"logo\":{\"@type\":\"ImageObject\",\"inLanguage\":\"hu\",\"@id\":\"https:\\\/\\\/gyor.lutheran.hu\\\/#\\\/schema\\\/logo\\\/image\\\/\",\"url\":\"https:\\\/\\\/gyor.lutheran.hu\\\/wp-content\\\/uploads\\\/2025\\\/02\\\/logo.jpg\",\"contentUrl\":\"https:\\\/\\\/gyor.lutheran.hu\\\/wp-content\\\/uploads\\\/2025\\\/02\\\/logo.jpg\",\"width\":160,\"height\":160,\"caption\":\"Gy\u0151ri Evang\u00e9likus Egyh\u00e1zk\u00f6zs\u00e9g\"},\"image\":{\"@id\":\"https:\\\/\\\/gyor.lutheran.hu\\\/#\\\/schema\\\/logo\\\/image\\\/\"},\"sameAs\":[\"https:\\\/\\\/www.facebook.com\\\/profile.php?id=100064848424606\"]}]}<\/script>\n<!-- \/ Yoast SEO plugin. -->","yoast_head_json":{"title":"Hivatal - Gy\u0151ri Evang\u00e9likus Egyh\u00e1zk\u00f6zs\u00e9g","robots":{"index":"index","follow":"follow","max-snippet":"max-snippet:-1","max-image-preview":"max-image-preview:large","max-video-preview":"max-video-preview:-1"},"canonical":"https:\/\/gyor.lutheran.hu\/?page_id=171","og_locale":"hu_HU","og_type":"article","og_title":"Hivatal - Gy\u0151ri Evang\u00e9likus Egyh\u00e1zk\u00f6zs\u00e9g","og_description":"\u00d6regtemplom k\u00f6zponti lelk\u00e9szi hivatal:c\u00edm: 9025 Gy\u0151r, Pet\u0151fi t\u00e9r 2.mobil: 20\/824-8101 e-mail: &#x67;&#x79;&#111;r&#x40;&#x6c;&#117;th&#x65;&#x72;&#97;n&#x2e;&#x68;&#117; Ad\u00f3sz\u00e1m:&nbsp;19884684-2-08 Nyitvatart\u00e1s:H\u00e9tf\u0151, kedd, szerda, cs\u00fct\u00f6rt\u00f6k, p\u00e9ntek: 8 &#8211; 14&nbsp; Egyh\u00e1zfenntart\u00f3i j\u00e1rul\u00e9k az al\u00e1bbi sz\u00e1mlasz\u00e1mra utalhat\u00f3: CIB 10700031-25055203-51100005 &#8211; Gy\u0151ri Evang\u00e9likus Egyh\u00e1zk\u00f6zs\u00e9g A presbit\u00e9rium \u00e1ltal aj\u00e1nlott minimum \u00f6sszege: 16.000 Ft\/\u00e9v &nbsp; Munkat\u00e1rsak: Vancsai J\u00f3zsef: igazgat\u00f3 lelk\u00e9sz Szab\u00f3 M\u00e1rkus Erika: gazdas\u00e1gi \u00fcgyint\u00e9z\u0151 Dob\u00f3 Eszter: kultur\u00e1lis [&hellip;]","og_url":"https:\/\/gyor.lutheran.hu\/?page_id=171","og_site_name":"Gy\u0151ri Evang\u00e9likus Egyh\u00e1zk\u00f6zs\u00e9g","article_publisher":"https:\/\/www.facebook.com\/profile.php?id=100064848424606","article_modified_time":"2026-01-15T09:01:03+00:00","twitter_card":"summary_large_image","twitter_misc":{"Becs\u00fclt olvas\u00e1si id\u0151":"1 perc"},"schema":{"@context":"https:\/\/schema.org","@graph":[{"@type":"WebPage","@id":"https:\/\/gyor.lutheran.hu\/?page_id=171","url":"https:\/\/gyor.lutheran.hu\/?page_id=171","name":"Hivatal - Gy\u0151ri Evang\u00e9likus Egyh\u00e1zk\u00f6zs\u00e9g","isPartOf":{"@id":"https:\/\/gyor.lutheran.hu\/#website"},"datePublished":"2025-03-06T00:16:01+00:00","dateModified":"2026-01-15T09:01:03+00:00","breadcrumb":{"@id":"https:\/\/gyor.lutheran.hu\/?page_id=171#breadcrumb"},"inLanguage":"hu","potentialAction":[{"@type":"ReadAction","target":["https:\/\/gyor.lutheran.hu\/?page_id=171"]}]},{"@type":"BreadcrumbList","@id":"https:\/\/gyor.lutheran.hu\/?page_id=171#breadcrumb","itemListElement":[{"@type":"ListItem","position":1,"name":"Home","item":"https:\/\/gyor.lutheran.hu\/"},{"@type":"ListItem","position":2,"name":"Kapcsolat","item":"https:\/\/gyor.lutheran.hu\/?page_id=39"},{"@type":"ListItem","position":3,"name":"Hivatal"}]},{"@type":"WebSite","@id":"https:\/\/gyor.lutheran.hu\/#website","url":"https:\/\/gyor.lutheran.hu\/","name":"Gy\u0151ri Evang\u00e9likus Egyh\u00e1zk\u00f6zs\u00e9g","description":"","publisher":{"@id":"https:\/\/gyor.lutheran.hu\/#organization"},"potentialAction":[{"@type":"SearchAction","target":{"@type":"EntryPoint","urlTemplate":"https:\/\/gyor.lutheran.hu\/?s={search_term_string}"},"query-input":{"@type":"PropertyValueSpecification","valueRequired":true,"valueName":"search_term_string"}}],"inLanguage":"hu"},{"@type":"Organization","@id":"https:\/\/gyor.lutheran.hu\/#organization","name":"Gy\u0151ri Evang\u00e9likus Egyh\u00e1zk\u00f6zs\u00e9g","url":"https:\/\/gyor.lutheran.hu\/","logo":{"@type":"ImageObject","inLanguage":"hu","@id":"https:\/\/gyor.lutheran.hu\/#\/schema\/logo\/image\/","url":"https:\/\/gyor.lutheran.hu\/wp-content\/uploads\/2025\/02\/logo.jpg","contentUrl":"https:\/\/gyor.lutheran.hu\/wp-content\/uploads\/2025\/02\/logo.jpg","width":160,"height":160,"caption":"Gy\u0151ri Evang\u00e9likus Egyh\u00e1zk\u00f6zs\u00e9g"},"image":{"@id":"https:\/\/gyor.lutheran.hu\/#\/schema\/logo\/image\/"},"sameAs":["https:\/\/www.facebook.com\/profile.php?id=100064848424606"]}]}},"_links":{"self":[{"href":"https:\/\/gyor.lutheran.hu\/index.php?rest_route=\/wp\/v2\/pages\/171","targetHints":{"allow":["GET"]}}],"collection":[{"href":"https:\/\/gyor.lutheran.hu\/index.php?rest_route=\/wp\/v2\/pages"}],"about":[{"href":"https:\/\/gyor.lutheran.hu\/index.php?rest_route=\/wp\/v2\/types\/page"}],"author":[{"embeddable":true,"href":"https:\/\/gyor.lutheran.hu\/index.php?rest_route=\/wp\/v2\/users\/1"}],"replies":[{"embeddable":true,"href":"https:\/\/gyor.lutheran.hu\/index.php?rest_route=%2Fwp%2Fv2%2Fcomments&post=171"}],"version-history":[{"count":5,"href":"https:\/\/gyor.lutheran.hu\/index.php?rest_route=\/wp\/v2\/pages\/171\/revisions"}],"predecessor-version":[{"id":844,"href":"https:\/\/gyor.lutheran.hu\/index.php?rest_route=\/wp\/v2\/pages\/171\/revisions\/844"}],"up":[{"embeddable":true,"href":"https:\/\/gyor.lutheran.hu\/index.php?rest_route=\/wp\/v2\/pages\/39"}],"wp:attachment":[{"href":"https:\/\/gyor.lutheran.hu\/index.php?rest_route=%2Fwp%2Fv2%2Fmedia&parent=171"}],"curies":[{"name":"wp","href":"https:\/\/api.w.org\/{rel}","templated":true}]}}