{"id":226,"date":"2025-03-08T22:25:29","date_gmt":"2025-03-08T21:25:29","guid":{"rendered":"https:\/\/gyorteszt.lutheran.hu\/wordpress\/?page_id=226"},"modified":"2025-09-26T11:52:54","modified_gmt":"2025-09-26T09:52:54","slug":"fenntartoi-dokumentumok","status":"publish","type":"page","link":"https:\/\/gyor.lutheran.hu\/?page_id=226","title":{"rendered":"Fenntart\u00f3i dokumentumok"},"content":{"rendered":"\n<h2 class=\"wp-block-heading\">2025.<\/h2>\n\n\n\n<p>Fenntart\u00f3i \u00e9rt\u00e9kel\u00e9s 2025. <\/p>\n\n\n\n<div data-wp-interactive=\"core\/file\" class=\"wp-block-file\"><object data-wp-bind--hidden=\"!state.hasPdfPreview\" hidden class=\"wp-block-file__embed\" data=\"https:\/\/gyor.lutheran.hu\/wp-content\/uploads\/2025\/09\/Peterfy_Gyor_fenntartoi_ertekeles_honlapra_2025_PR.pdf\" type=\"application\/pdf\" style=\"width:100%;height:600px\" aria-label=\"P\u00e9terfy_Gy\u0151r_fenntartoi_ertekeles_honlapra_2025_PR be\u00e1gyaz\u00e1sa\"><\/object><a id=\"wp-block-file--media-da7fa985-fcf9-4db3-b7a4-7181c76da34f\" href=\"https:\/\/gyor.lutheran.hu\/wp-content\/uploads\/2025\/09\/Peterfy_Gyor_fenntartoi_ertekeles_honlapra_2025_PR.pdf\">P\u00e9terfy_Gy\u0151r_fenntartoi_ertekeles_honlapra_2025_PR<\/a><a href=\"https:\/\/gyor.lutheran.hu\/wp-content\/uploads\/2025\/09\/Peterfy_Gyor_fenntartoi_ertekeles_honlapra_2025_PR.pdf\" class=\"wp-block-file__button wp-element-button\" download aria-describedby=\"wp-block-file--media-da7fa985-fcf9-4db3-b7a4-7181c76da34f\">Let\u00f6lt\u00e9s<\/a><\/div>\n\n\n\n<p>MEE t\u00e1j\u00e9koztat\u00f3 elfogad\u00e1sr\u00f3l 2025.<\/p>\n\n\n\n<div data-wp-interactive=\"core\/file\" class=\"wp-block-file\"><object data-wp-bind--hidden=\"!state.hasPdfPreview\" hidden class=\"wp-block-file__embed\" data=\"https:\/\/gyor.lutheran.hu\/wp-content\/uploads\/2025\/09\/2025.09.26.-Szakertoi-ertekeles-Gyulekezeti.pdf\" type=\"application\/pdf\" style=\"width:100%;height:600px\" aria-label=\"2025.09.26.-Szak\u00e9rt\u0151i \u00e9rt\u00e9kel\u00e9s-Gy\u00fclekezeti be\u00e1gyaz\u00e1sa\"><\/object><a id=\"wp-block-file--media-fcda1f5e-82fa-400b-99e6-bead70a728da\" href=\"https:\/\/gyor.lutheran.hu\/wp-content\/uploads\/2025\/09\/2025.09.26.-Szakertoi-ertekeles-Gyulekezeti.pdf\">2025.09.26.-Szak\u00e9rt\u0151i \u00e9rt\u00e9kel\u00e9s-Gy\u00fclekezeti<\/a><a href=\"https:\/\/gyor.lutheran.hu\/wp-content\/uploads\/2025\/09\/2025.09.26.-Szakertoi-ertekeles-Gyulekezeti.pdf\" class=\"wp-block-file__button wp-element-button\" download aria-describedby=\"wp-block-file--media-fcda1f5e-82fa-400b-99e6-bead70a728da\">Let\u00f6lt\u00e9s<\/a><\/div>\n\n\n\n<p>NOB hat\u00e1rozat 2025.<\/p>\n\n\n\n<div data-wp-interactive=\"core\/file\" class=\"wp-block-file\"><object data-wp-bind--hidden=\"!state.hasPdfPreview\" hidden class=\"wp-block-file__embed\" data=\"https:\/\/gyor.lutheran.hu\/wp-content\/uploads\/2025\/09\/133_2_2025-Jegyzokonyvi-kivonat-a-beszamolok-jovahagyasarol_gyulekezeti.pdf\" type=\"application\/pdf\" style=\"width:100%;height:600px\" aria-label=\"133_2_2025 - Jegyz\u0151k\u00f6nyvi kivonat a besz\u00e1mol\u00f3k j\u00f3v\u00e1hagy\u00e1s\u00e1r\u00f3l_gy\u00fclekezeti be\u00e1gyaz\u00e1sa\"><\/object><a id=\"wp-block-file--media-3d83e869-9e44-4f66-9715-97ea87afaf32\" href=\"https:\/\/gyor.lutheran.hu\/wp-content\/uploads\/2025\/09\/133_2_2025-Jegyzokonyvi-kivonat-a-beszamolok-jovahagyasarol_gyulekezeti.pdf\">133_2_2025 &#8211; Jegyz\u0151k\u00f6nyvi kivonat a besz\u00e1mol\u00f3k j\u00f3v\u00e1hagy\u00e1s\u00e1r\u00f3l_gy\u00fclekezeti<\/a><a href=\"https:\/\/gyor.lutheran.hu\/wp-content\/uploads\/2025\/09\/133_2_2025-Jegyzokonyvi-kivonat-a-beszamolok-jovahagyasarol_gyulekezeti.pdf\" class=\"wp-block-file__button wp-element-button\" download aria-describedby=\"wp-block-file--media-3d83e869-9e44-4f66-9715-97ea87afaf32\">Let\u00f6lt\u00e9s<\/a><\/div>\n\n\n\n<h2 class=\"wp-block-heading\">2024.<\/h2>\n\n\n\n<ul class=\"wp-block-list\">\n<li><a href=\"https:\/\/gyor.lutheran.hu\/wp-content\/uploads\/2025\/03\/Gyor_Peterfy_fenntartoi_ertekeles_honlapra_PR.pdf\" target=\"_blank\" rel=\"noreferrer noopener\">Fenntart\u00f3i \u00e9rt\u00e9kel\u00e9s<\/a><\/li>\n\n\n\n<li><a href=\"https:\/\/gyor.lutheran.hu\/wp-content\/uploads\/2025\/03\/2024.10.15.-Szakertoi_ertekeles-Gyulekezeti_fenntartasu_intezmenyek.pdf\" target=\"_blank\" rel=\"noreferrer noopener\">MEE t\u00e1j\u00e9koztat\u00f3 elfogad\u00e1s\u00e1r\u00f3l<\/a><\/li>\n\n\n\n<li><a href=\"https:\/\/gyor.lutheran.hu\/wp-content\/uploads\/2025\/03\/191_2_2024_-_Jegyzokonyvi_kivonat_a_gyulekezeti_intezmenyek_beszamoloinak_elfogadasarol.pdf\" target=\"_blank\" rel=\"noreferrer noopener\">NOB hat\u00e1rozat<\/a><\/li>\n<\/ul>\n\n\n\n<h4 class=\"wp-block-heading\">&nbsp;<\/h4>\n\n\n\n<h2 class=\"wp-block-heading\">2023.<\/h2>\n\n\n\n<ul class=\"wp-block-list\">\n<li><a href=\"https:\/\/gyor.lutheran.hu\/wp-content\/uploads\/2025\/03\/Fenntartoi-ertekeles.pdf\" target=\"_blank\" rel=\"noreferrer noopener\">Fenntart\u00f3i \u00e9rt\u00e9kel\u00e9s<\/a><\/li>\n\n\n\n<li><a href=\"https:\/\/gyor.lutheran.hu\/wp-content\/uploads\/2025\/03\/MEE-tajekoztato-elfogadasrol.pdf\" target=\"_blank\" rel=\"noreferrer noopener\">MEE t\u00e1j\u00e9koztat\u00f3 elfogad\u00e1s\u00e1r\u00f3l<\/a><\/li>\n\n\n\n<li><a href=\"https:\/\/gyor.lutheran.hu\/wp-content\/uploads\/2025\/03\/NOB-hatarozat.pdf\" target=\"_blank\" rel=\"noreferrer noopener\">NOB hat\u00e1rozat<\/a><\/li>\n<\/ul>\n\n\n\n<p><\/p>\n","protected":false},"excerpt":{"rendered":"<p>2025. Fenntart\u00f3i \u00e9rt\u00e9kel\u00e9s 2025. MEE t\u00e1j\u00e9koztat\u00f3 elfogad\u00e1sr\u00f3l 2025. NOB hat\u00e1rozat 2025. 2024. &nbsp; 2023.<\/p>\n","protected":false},"author":1,"featured_media":0,"parent":224,"menu_order":0,"comment_status":"closed","ping_status":"closed","template":"","meta":{"footnotes":""},"class_list":["post-226","page","type-page","status-publish","hentry"],"yoast_head":"<!-- This site is optimized with the Yoast SEO plugin v27.4 - https:\/\/yoast.com\/product\/yoast-seo-wordpress\/ -->\n<title>Fenntart\u00f3i dokumentumok - Gy\u0151ri Evang\u00e9likus Egyh\u00e1zk\u00f6zs\u00e9g<\/title>\n<meta name=\"robots\" content=\"index, follow, max-snippet:-1, max-image-preview:large, max-video-preview:-1\" \/>\n<link rel=\"canonical\" href=\"https:\/\/gyor.lutheran.hu\/?page_id=226\" \/>\n<meta property=\"og:locale\" content=\"hu_HU\" \/>\n<meta property=\"og:type\" content=\"article\" \/>\n<meta property=\"og:title\" content=\"Fenntart\u00f3i dokumentumok - Gy\u0151ri Evang\u00e9likus Egyh\u00e1zk\u00f6zs\u00e9g\" \/>\n<meta property=\"og:description\" content=\"2025. Fenntart\u00f3i \u00e9rt\u00e9kel\u00e9s 2025. MEE t\u00e1j\u00e9koztat\u00f3 elfogad\u00e1sr\u00f3l 2025. NOB hat\u00e1rozat 2025. 2024. &nbsp; 2023.\" \/>\n<meta property=\"og:url\" content=\"https:\/\/gyor.lutheran.hu\/?page_id=226\" \/>\n<meta property=\"og:site_name\" content=\"Gy\u0151ri Evang\u00e9likus Egyh\u00e1zk\u00f6zs\u00e9g\" \/>\n<meta property=\"article:publisher\" content=\"https:\/\/www.facebook.com\/profile.php?id=100064848424606\" \/>\n<meta property=\"article:modified_time\" content=\"2025-09-26T09:52:54+00:00\" \/>\n<meta name=\"twitter:card\" content=\"summary_large_image\" \/>\n<meta name=\"twitter:label1\" content=\"Becs\u00fclt olvas\u00e1si id\u0151\" \/>\n\t<meta name=\"twitter:data1\" content=\"1 perc\" \/>\n<script type=\"application\/ld+json\" class=\"yoast-schema-graph\">{\"@context\":\"https:\\\/\\\/schema.org\",\"@graph\":[{\"@type\":\"WebPage\",\"@id\":\"https:\\\/\\\/gyor.lutheran.hu\\\/?page_id=226\",\"url\":\"https:\\\/\\\/gyor.lutheran.hu\\\/?page_id=226\",\"name\":\"Fenntart\u00f3i dokumentumok - Gy\u0151ri Evang\u00e9likus Egyh\u00e1zk\u00f6zs\u00e9g\",\"isPartOf\":{\"@id\":\"https:\\\/\\\/gyor.lutheran.hu\\\/#website\"},\"datePublished\":\"2025-03-08T21:25:29+00:00\",\"dateModified\":\"2025-09-26T09:52:54+00:00\",\"breadcrumb\":{\"@id\":\"https:\\\/\\\/gyor.lutheran.hu\\\/?page_id=226#breadcrumb\"},\"inLanguage\":\"hu\",\"potentialAction\":[{\"@type\":\"ReadAction\",\"target\":[\"https:\\\/\\\/gyor.lutheran.hu\\\/?page_id=226\"]}]},{\"@type\":\"BreadcrumbList\",\"@id\":\"https:\\\/\\\/gyor.lutheran.hu\\\/?page_id=226#breadcrumb\",\"itemListElement\":[{\"@type\":\"ListItem\",\"position\":1,\"name\":\"Home\",\"item\":\"https:\\\/\\\/gyor.lutheran.hu\\\/\"},{\"@type\":\"ListItem\",\"position\":2,\"name\":\"Int\u00e9zm\u00e9nyeink\",\"item\":\"https:\\\/\\\/gyor.lutheran.hu\\\/?page_id=135\"},{\"@type\":\"ListItem\",\"position\":3,\"name\":\"Iskola &#8211; \u00f3voda\",\"item\":\"https:\\\/\\\/gyor.lutheran.hu\\\/?page_id=224\"},{\"@type\":\"ListItem\",\"position\":4,\"name\":\"Fenntart\u00f3i dokumentumok\"}]},{\"@type\":\"WebSite\",\"@id\":\"https:\\\/\\\/gyor.lutheran.hu\\\/#website\",\"url\":\"https:\\\/\\\/gyor.lutheran.hu\\\/\",\"name\":\"Gy\u0151ri Evang\u00e9likus Egyh\u00e1zk\u00f6zs\u00e9g\",\"description\":\"\",\"publisher\":{\"@id\":\"https:\\\/\\\/gyor.lutheran.hu\\\/#organization\"},\"potentialAction\":[{\"@type\":\"SearchAction\",\"target\":{\"@type\":\"EntryPoint\",\"urlTemplate\":\"https:\\\/\\\/gyor.lutheran.hu\\\/?s={search_term_string}\"},\"query-input\":{\"@type\":\"PropertyValueSpecification\",\"valueRequired\":true,\"valueName\":\"search_term_string\"}}],\"inLanguage\":\"hu\"},{\"@type\":\"Organization\",\"@id\":\"https:\\\/\\\/gyor.lutheran.hu\\\/#organization\",\"name\":\"Gy\u0151ri Evang\u00e9likus Egyh\u00e1zk\u00f6zs\u00e9g\",\"url\":\"https:\\\/\\\/gyor.lutheran.hu\\\/\",\"logo\":{\"@type\":\"ImageObject\",\"inLanguage\":\"hu\",\"@id\":\"https:\\\/\\\/gyor.lutheran.hu\\\/#\\\/schema\\\/logo\\\/image\\\/\",\"url\":\"https:\\\/\\\/gyor.lutheran.hu\\\/wp-content\\\/uploads\\\/2025\\\/02\\\/logo.jpg\",\"contentUrl\":\"https:\\\/\\\/gyor.lutheran.hu\\\/wp-content\\\/uploads\\\/2025\\\/02\\\/logo.jpg\",\"width\":160,\"height\":160,\"caption\":\"Gy\u0151ri Evang\u00e9likus Egyh\u00e1zk\u00f6zs\u00e9g\"},\"image\":{\"@id\":\"https:\\\/\\\/gyor.lutheran.hu\\\/#\\\/schema\\\/logo\\\/image\\\/\"},\"sameAs\":[\"https:\\\/\\\/www.facebook.com\\\/profile.php?id=100064848424606\"]}]}<\/script>\n<!-- \/ Yoast SEO plugin. -->","yoast_head_json":{"title":"Fenntart\u00f3i dokumentumok - Gy\u0151ri Evang\u00e9likus Egyh\u00e1zk\u00f6zs\u00e9g","robots":{"index":"index","follow":"follow","max-snippet":"max-snippet:-1","max-image-preview":"max-image-preview:large","max-video-preview":"max-video-preview:-1"},"canonical":"https:\/\/gyor.lutheran.hu\/?page_id=226","og_locale":"hu_HU","og_type":"article","og_title":"Fenntart\u00f3i dokumentumok - Gy\u0151ri Evang\u00e9likus Egyh\u00e1zk\u00f6zs\u00e9g","og_description":"2025. Fenntart\u00f3i \u00e9rt\u00e9kel\u00e9s 2025. MEE t\u00e1j\u00e9koztat\u00f3 elfogad\u00e1sr\u00f3l 2025. NOB hat\u00e1rozat 2025. 2024. &nbsp; 2023.","og_url":"https:\/\/gyor.lutheran.hu\/?page_id=226","og_site_name":"Gy\u0151ri Evang\u00e9likus Egyh\u00e1zk\u00f6zs\u00e9g","article_publisher":"https:\/\/www.facebook.com\/profile.php?id=100064848424606","article_modified_time":"2025-09-26T09:52:54+00:00","twitter_card":"summary_large_image","twitter_misc":{"Becs\u00fclt olvas\u00e1si id\u0151":"1 perc"},"schema":{"@context":"https:\/\/schema.org","@graph":[{"@type":"WebPage","@id":"https:\/\/gyor.lutheran.hu\/?page_id=226","url":"https:\/\/gyor.lutheran.hu\/?page_id=226","name":"Fenntart\u00f3i dokumentumok - Gy\u0151ri Evang\u00e9likus Egyh\u00e1zk\u00f6zs\u00e9g","isPartOf":{"@id":"https:\/\/gyor.lutheran.hu\/#website"},"datePublished":"2025-03-08T21:25:29+00:00","dateModified":"2025-09-26T09:52:54+00:00","breadcrumb":{"@id":"https:\/\/gyor.lutheran.hu\/?page_id=226#breadcrumb"},"inLanguage":"hu","potentialAction":[{"@type":"ReadAction","target":["https:\/\/gyor.lutheran.hu\/?page_id=226"]}]},{"@type":"BreadcrumbList","@id":"https:\/\/gyor.lutheran.hu\/?page_id=226#breadcrumb","itemListElement":[{"@type":"ListItem","position":1,"name":"Home","item":"https:\/\/gyor.lutheran.hu\/"},{"@type":"ListItem","position":2,"name":"Int\u00e9zm\u00e9nyeink","item":"https:\/\/gyor.lutheran.hu\/?page_id=135"},{"@type":"ListItem","position":3,"name":"Iskola &#8211; \u00f3voda","item":"https:\/\/gyor.lutheran.hu\/?page_id=224"},{"@type":"ListItem","position":4,"name":"Fenntart\u00f3i dokumentumok"}]},{"@type":"WebSite","@id":"https:\/\/gyor.lutheran.hu\/#website","url":"https:\/\/gyor.lutheran.hu\/","name":"Gy\u0151ri Evang\u00e9likus Egyh\u00e1zk\u00f6zs\u00e9g","description":"","publisher":{"@id":"https:\/\/gyor.lutheran.hu\/#organization"},"potentialAction":[{"@type":"SearchAction","target":{"@type":"EntryPoint","urlTemplate":"https:\/\/gyor.lutheran.hu\/?s={search_term_string}"},"query-input":{"@type":"PropertyValueSpecification","valueRequired":true,"valueName":"search_term_string"}}],"inLanguage":"hu"},{"@type":"Organization","@id":"https:\/\/gyor.lutheran.hu\/#organization","name":"Gy\u0151ri Evang\u00e9likus Egyh\u00e1zk\u00f6zs\u00e9g","url":"https:\/\/gyor.lutheran.hu\/","logo":{"@type":"ImageObject","inLanguage":"hu","@id":"https:\/\/gyor.lutheran.hu\/#\/schema\/logo\/image\/","url":"https:\/\/gyor.lutheran.hu\/wp-content\/uploads\/2025\/02\/logo.jpg","contentUrl":"https:\/\/gyor.lutheran.hu\/wp-content\/uploads\/2025\/02\/logo.jpg","width":160,"height":160,"caption":"Gy\u0151ri Evang\u00e9likus Egyh\u00e1zk\u00f6zs\u00e9g"},"image":{"@id":"https:\/\/gyor.lutheran.hu\/#\/schema\/logo\/image\/"},"sameAs":["https:\/\/www.facebook.com\/profile.php?id=100064848424606"]}]}},"_links":{"self":[{"href":"https:\/\/gyor.lutheran.hu\/index.php?rest_route=\/wp\/v2\/pages\/226","targetHints":{"allow":["GET"]}}],"collection":[{"href":"https:\/\/gyor.lutheran.hu\/index.php?rest_route=\/wp\/v2\/pages"}],"about":[{"href":"https:\/\/gyor.lutheran.hu\/index.php?rest_route=\/wp\/v2\/types\/page"}],"author":[{"embeddable":true,"href":"https:\/\/gyor.lutheran.hu\/index.php?rest_route=\/wp\/v2\/users\/1"}],"replies":[{"embeddable":true,"href":"https:\/\/gyor.lutheran.hu\/index.php?rest_route=%2Fwp%2Fv2%2Fcomments&post=226"}],"version-history":[{"count":13,"href":"https:\/\/gyor.lutheran.hu\/index.php?rest_route=\/wp\/v2\/pages\/226\/revisions"}],"predecessor-version":[{"id":748,"href":"https:\/\/gyor.lutheran.hu\/index.php?rest_route=\/wp\/v2\/pages\/226\/revisions\/748"}],"up":[{"embeddable":true,"href":"https:\/\/gyor.lutheran.hu\/index.php?rest_route=\/wp\/v2\/pages\/224"}],"wp:attachment":[{"href":"https:\/\/gyor.lutheran.hu\/index.php?rest_route=%2Fwp%2Fv2%2Fmedia&parent=226"}],"curies":[{"name":"wp","href":"https:\/\/api.w.org\/{rel}","templated":true}]}}