{"id":381,"date":"2025-03-11T22:35:34","date_gmt":"2025-03-11T21:35:34","guid":{"rendered":"https:\/\/gyorteszt.lutheran.hu\/wordpress\/?page_id=381"},"modified":"2025-03-16T22:39:35","modified_gmt":"2025-03-16T21:39:35","slug":"gyonyui-reformatus-evangelikus-templom","status":"publish","type":"page","link":"https:\/\/gyor.lutheran.hu\/?page_id=381","title":{"rendered":"Gy\u00f6ny\u00fci Reform\u00e1tus-Evang\u00e9likus Templom"},"content":{"rendered":"\n<p><img loading=\"lazy\" decoding=\"async\" width=\"500\" height=\"482\" class=\"wp-image-430\" style=\"width: 500px;\" src=\"https:\/\/gyor.lutheran.hu\/wp-content\/uploads\/2025\/03\/DSC_9904.jpg\" alt=\"\" srcset=\"https:\/\/gyor.lutheran.hu\/wp-content\/uploads\/2025\/03\/DSC_9904.jpg 1825w, https:\/\/gyor.lutheran.hu\/wp-content\/uploads\/2025\/03\/DSC_9904-300x289.jpg 300w, https:\/\/gyor.lutheran.hu\/wp-content\/uploads\/2025\/03\/DSC_9904-1024x988.jpg 1024w, https:\/\/gyor.lutheran.hu\/wp-content\/uploads\/2025\/03\/DSC_9904-768x741.jpg 768w, https:\/\/gyor.lutheran.hu\/wp-content\/uploads\/2025\/03\/DSC_9904-1536x1481.jpg 1536w\" sizes=\"auto, (max-width: 500px) 100vw, 500px\" \/><\/p>\n\n\n\n<p><strong>C\u00edm:<\/strong> <a href=\"https:\/\/www.google.com\/maps\/place\/G%C3%B6ny%C5%B1i+evang%C3%A9likus-reform%C3%A1tus+templom\/@47.7380266,17.8338908,19.5z\/data=!4m15!1m8!3m7!1s0x476bba3416002905:0xcc83110d8c71422e!2sG%C3%B6ny%C5%B1,+Kossuth+Lajos+u.+137,+9071!3b1!8m2!3d47.7381045!4d17.833954!16s%2Fg%2F11c5pv_dxn!3m5!1s0x476bbb13c584f771:0x7b31f626accc8c01!8m2!3d47.7380037!4d17.833758!16s%2Fg%2F11s5jxfrd7?entry=ttu&amp;g_ep=EgoyMDI1MDMwOC4wIKXMDSoASAFQAw%3D%3D\" target=\"_blank\" rel=\"noreferrer noopener\">G\u00f6ny\u0171, Kossuth Lajos u. 137.<\/a> <\/p>\n\n\n\n<p><strong>Irodai el\u00e9rhet\u0151s\u00e9g:<\/strong> Gy\u0151ri Evang\u00e9likus Egyh\u00e1zk\u00f6zs\u00e9g 9025 Gy\u0151r, Pet\u0151fi t\u00e9r 2.&nbsp; &#8211;&nbsp; 06\/20\/824-8101<\/p>\n\n\n\n<p><strong>Istentisztelet:<\/strong> minden h\u00f3nap 2. \u00e9s 4. vas\u00e1rnapj\u00e1n 8:30<\/p>\n\n\n\n<p><\/p>\n\n\n\n<p>A Gy\u0151ri Evang\u00e9likus Egyh\u00e1zk\u00f6zs\u00e9g \u00e9s a B\u0151nyi Reform\u00e1tus Egyh\u00e1zk\u00f6zs\u00e9g \u2013 a g\u00f6ny\u0171i evang\u00e9likus \u00e9s reform\u00e1tus sz\u00f3rv\u00e1ny gy\u00fclekezetek h\u00edveinek k\u00edv\u00e1ns\u00e1g\u00e1ra \u2013 k\u00f6z\u00f6s akarattal elhat\u00e1rozta, hogy <a href=\"https:\/\/www.google.com\/maps\/place\/G%C3%B6ny%C5%B1i+evang%C3%A9likus-reform%C3%A1tus+templom\/@47.7380266,17.8338908,19.5z\/data=!4m15!1m8!3m7!1s0x476bba3416002905:0xcc83110d8c71422e!2sG%C3%B6ny%C5%B1,+Kossuth+Lajos+u.+137,+9071!3b1!8m2!3d47.7381045!4d17.833954!16s%2Fg%2F11c5pv_dxn!3m5!1s0x476bbb13c584f771:0x7b31f626accc8c01!8m2!3d47.7380037!4d17.833758!16s%2Fg%2F11s5jxfrd7?entry=ttu&amp;g_ep=EgoyMDI1MDMwOC4wIKXMDSoASAFQAw%3D%3D\" target=\"_blank\" rel=\"noreferrer noopener\">G\u00f6ny\u0171n, a Kossuth Lajos u. 137.<\/a> sz. alatt fel\u00e9p\u00edti Isten H\u00e1z\u00e1t.<\/p>\n\n\n\n<p>A kis templom \u00e9p\u00edt\u00e9s\u00e9nek c\u00e9lja az volt, hogy a k\u00f6zs\u00e9g reform\u00e1tus \u00e9s evang\u00e9likus k\u00f6z\u00f6ss\u00e9geinek hit\u00e9leti alkalmai \u00fcnnepi, m\u00e9lt\u00f3 k\u00f6rnyezetben folyjanak, a telep\u00fcl\u00e9sen \u00e9l\u0151, vall\u00e1sukat nem, vagy csak ritk\u00e1n gyakorl\u00f3 h\u00edveket testv\u00e9ri k\u00f6z\u00f6ss\u00e9gg\u00e9 form\u00e1lja. Az elhat\u00e1roz\u00e1st t\u00e1mogatta a Magyarorsz\u00e1gi Evang\u00e9likus Egyh\u00e1z, Ittz\u00e9s J\u00e1nos, a Nyugati (Dun\u00e1nt\u00fali) Evang\u00e9likus Egyh\u00e1zker\u00fclet p\u00fcsp\u00f6ke, a Magyarorsz\u00e1gi Reform\u00e1tus Egyh\u00e1z, Dr. M\u00e1rkus Mih\u00e1ly, a Dun\u00e1nt\u00fali Reform\u00e1tus Egyh\u00e1zker\u00fclet p\u00fcsp\u00f6ke, Jankovits B\u00e9la, a Gy\u0151r-Sopron megyei Egyh\u00e1zmegye esperese. Lentulai Attila, a P\u00e1pai Reform\u00e1tus Egyh\u00e1zmegye esperese, G\u00f6ny\u0171 k\u00f6zs\u00e9g \u00d6nkorm\u00e1nyzata \u00e9s K\u00e9pvisel\u0151test\u00fclete, testv\u00e9rgy\u00fclekezetek, a h\u00edvek \u00e9s p\u00e1rtol\u00f3k sokas\u00e1ga.<\/p>\n\n\n\n<p>A templom \u00e9p\u00edt\u00e9s\u00e9nek tervez\u00e9s\u00e9ben \u00e9s szervez\u00e9s\u00e9ben kimagasl\u00f3 szerepet j\u00e1tszott a kezdetekt\u0151l Jakab Zsigmond reform\u00e1tus \u00e9s B\u00f6decs Barna evang\u00e9likus lelk\u00e9sz \u00far. Az \u00e9p\u00edt\u00e9si telket t\u00e9r\u00edt\u00e9s n\u00e9lk\u00fcl kapta a k\u00e9t egyh\u00e1zk\u00f6zs\u00e9g a Gy\u0151r-B\u00e1csai Kossuth Lajos termel\u0151sz\u00f6vetkezett\u0151l. Az \u00e9p\u00fclet terveit Varga J\u00f3zsef \u00e9s Bukovics J\u00e1nos \u00e9p\u00edt\u00e9szm\u00e9rn\u00f6k\u00f6k k\u00e9sz\u00edtett\u00e9k t\u00e9r\u00edt\u00e9s n\u00e9lk\u00fcl. A kivitelez\u00e9st a kom\u00e1romi HONT ORIGO \u00c9p\u00edt\u0151ipari \u00e9s Ingatlanforgalmaz\u00f3i Kft. v\u00e9gezte. 2003 augusztus\u00e1ban indult az \u00e9p\u00edtkez\u00e9s, a h\u00f3nap v\u00e9g\u00e9re elk\u00e9sz\u00fcltek az \u00e9p\u00fclet alapjai, majd augusztus 30-\u00e1n Ittz\u00e9s J\u00e1nos \u00e9s Dr. M\u00e1rkus Mih\u00e1ly p\u00fcsp\u00f6k urak \u00e1ld\u00e1s\u00e1val megt\u00f6rt\u00e9nt az alapk\u0151-let\u00e9tel.<\/p>\n","protected":false},"excerpt":{"rendered":"<p>C\u00edm: G\u00f6ny\u0171, Kossuth Lajos u. 137. Irodai el\u00e9rhet\u0151s\u00e9g: Gy\u0151ri Evang\u00e9likus Egyh\u00e1zk\u00f6zs\u00e9g 9025 Gy\u0151r, Pet\u0151fi t\u00e9r 2.&nbsp; &#8211;&nbsp; 06\/20\/824-8101 Istentisztelet: minden h\u00f3nap 2. \u00e9s 4. vas\u00e1rnapj\u00e1n 8:30 A Gy\u0151ri Evang\u00e9likus Egyh\u00e1zk\u00f6zs\u00e9g \u00e9s a B\u0151nyi Reform\u00e1tus Egyh\u00e1zk\u00f6zs\u00e9g \u2013 a g\u00f6ny\u0171i evang\u00e9likus \u00e9s reform\u00e1tus sz\u00f3rv\u00e1ny gy\u00fclekezetek h\u00edveinek k\u00edv\u00e1ns\u00e1g\u00e1ra \u2013 k\u00f6z\u00f6s akarattal elhat\u00e1rozta, hogy G\u00f6ny\u0171n, a Kossuth Lajos u. [&hellip;]<\/p>\n","protected":false},"author":1,"featured_media":0,"parent":26,"menu_order":0,"comment_status":"closed","ping_status":"closed","template":"","meta":{"footnotes":""},"class_list":["post-381","page","type-page","status-publish","hentry"],"yoast_head":"<!-- This site is optimized with the Yoast SEO plugin v27.3 - https:\/\/yoast.com\/product\/yoast-seo-wordpress\/ -->\n<title>Gy\u00f6ny\u00fci Reform\u00e1tus-Evang\u00e9likus Templom - Gy\u0151ri Evang\u00e9likus Egyh\u00e1zk\u00f6zs\u00e9g<\/title>\n<meta name=\"robots\" content=\"index, follow, max-snippet:-1, max-image-preview:large, max-video-preview:-1\" \/>\n<link rel=\"canonical\" href=\"https:\/\/gyor.lutheran.hu\/?page_id=381\" \/>\n<meta property=\"og:locale\" content=\"hu_HU\" \/>\n<meta property=\"og:type\" content=\"article\" \/>\n<meta property=\"og:title\" content=\"Gy\u00f6ny\u00fci Reform\u00e1tus-Evang\u00e9likus Templom - Gy\u0151ri Evang\u00e9likus Egyh\u00e1zk\u00f6zs\u00e9g\" \/>\n<meta property=\"og:description\" content=\"C\u00edm: G\u00f6ny\u0171, Kossuth Lajos u. 137. Irodai el\u00e9rhet\u0151s\u00e9g: Gy\u0151ri Evang\u00e9likus Egyh\u00e1zk\u00f6zs\u00e9g 9025 Gy\u0151r, Pet\u0151fi t\u00e9r 2.&nbsp; &#8211;&nbsp; 06\/20\/824-8101 Istentisztelet: minden h\u00f3nap 2. \u00e9s 4. vas\u00e1rnapj\u00e1n 8:30 A Gy\u0151ri Evang\u00e9likus Egyh\u00e1zk\u00f6zs\u00e9g \u00e9s a B\u0151nyi Reform\u00e1tus Egyh\u00e1zk\u00f6zs\u00e9g \u2013 a g\u00f6ny\u0171i evang\u00e9likus \u00e9s reform\u00e1tus sz\u00f3rv\u00e1ny gy\u00fclekezetek h\u00edveinek k\u00edv\u00e1ns\u00e1g\u00e1ra \u2013 k\u00f6z\u00f6s akarattal elhat\u00e1rozta, hogy G\u00f6ny\u0171n, a Kossuth Lajos u. [&hellip;]\" \/>\n<meta property=\"og:url\" content=\"https:\/\/gyor.lutheran.hu\/?page_id=381\" \/>\n<meta property=\"og:site_name\" content=\"Gy\u0151ri Evang\u00e9likus Egyh\u00e1zk\u00f6zs\u00e9g\" \/>\n<meta property=\"article:publisher\" content=\"https:\/\/www.facebook.com\/profile.php?id=100064848424606\" \/>\n<meta property=\"article:modified_time\" content=\"2025-03-16T21:39:35+00:00\" \/>\n<meta property=\"og:image\" content=\"https:\/\/gyor.lutheran.hu\/wp-content\/uploads\/2025\/03\/DSC_9904.jpg\" \/>\n\t<meta property=\"og:image:width\" content=\"1825\" \/>\n\t<meta property=\"og:image:height\" content=\"1760\" \/>\n\t<meta property=\"og:image:type\" content=\"image\/jpeg\" \/>\n<meta name=\"twitter:card\" content=\"summary_large_image\" \/>\n<meta name=\"twitter:label1\" content=\"Becs\u00fclt olvas\u00e1si id\u0151\" \/>\n\t<meta name=\"twitter:data1\" content=\"2 perc\" \/>\n<script type=\"application\/ld+json\" class=\"yoast-schema-graph\">{\"@context\":\"https:\\\/\\\/schema.org\",\"@graph\":[{\"@type\":\"WebPage\",\"@id\":\"https:\\\/\\\/gyor.lutheran.hu\\\/?page_id=381\",\"url\":\"https:\\\/\\\/gyor.lutheran.hu\\\/?page_id=381\",\"name\":\"Gy\u00f6ny\u00fci Reform\u00e1tus-Evang\u00e9likus Templom - Gy\u0151ri Evang\u00e9likus Egyh\u00e1zk\u00f6zs\u00e9g\",\"isPartOf\":{\"@id\":\"https:\\\/\\\/gyor.lutheran.hu\\\/#website\"},\"primaryImageOfPage\":{\"@id\":\"https:\\\/\\\/gyor.lutheran.hu\\\/?page_id=381#primaryimage\"},\"image\":{\"@id\":\"https:\\\/\\\/gyor.lutheran.hu\\\/?page_id=381#primaryimage\"},\"thumbnailUrl\":\"https:\\\/\\\/gyor.lutheran.hu\\\/wp-content\\\/uploads\\\/2025\\\/03\\\/DSC_9904.jpg\",\"datePublished\":\"2025-03-11T21:35:34+00:00\",\"dateModified\":\"2025-03-16T21:39:35+00:00\",\"breadcrumb\":{\"@id\":\"https:\\\/\\\/gyor.lutheran.hu\\\/?page_id=381#breadcrumb\"},\"inLanguage\":\"hu\",\"potentialAction\":[{\"@type\":\"ReadAction\",\"target\":[\"https:\\\/\\\/gyor.lutheran.hu\\\/?page_id=381\"]}]},{\"@type\":\"ImageObject\",\"inLanguage\":\"hu\",\"@id\":\"https:\\\/\\\/gyor.lutheran.hu\\\/?page_id=381#primaryimage\",\"url\":\"https:\\\/\\\/gyor.lutheran.hu\\\/wp-content\\\/uploads\\\/2025\\\/03\\\/DSC_9904.jpg\",\"contentUrl\":\"https:\\\/\\\/gyor.lutheran.hu\\\/wp-content\\\/uploads\\\/2025\\\/03\\\/DSC_9904.jpg\",\"width\":1825,\"height\":1760},{\"@type\":\"BreadcrumbList\",\"@id\":\"https:\\\/\\\/gyor.lutheran.hu\\\/?page_id=381#breadcrumb\",\"itemListElement\":[{\"@type\":\"ListItem\",\"position\":1,\"name\":\"Home\",\"item\":\"https:\\\/\\\/gyor.lutheran.hu\\\/\"},{\"@type\":\"ListItem\",\"position\":2,\"name\":\"R\u00f3lunk\",\"item\":\"https:\\\/\\\/gyor.lutheran.hu\\\/?page_id=18\"},{\"@type\":\"ListItem\",\"position\":3,\"name\":\"Templomaink\",\"item\":\"https:\\\/\\\/gyor.lutheran.hu\\\/?page_id=26\"},{\"@type\":\"ListItem\",\"position\":4,\"name\":\"Gy\u00f6ny\u00fci Reform\u00e1tus-Evang\u00e9likus Templom\"}]},{\"@type\":\"WebSite\",\"@id\":\"https:\\\/\\\/gyor.lutheran.hu\\\/#website\",\"url\":\"https:\\\/\\\/gyor.lutheran.hu\\\/\",\"name\":\"Gy\u0151ri Evang\u00e9likus Egyh\u00e1zk\u00f6zs\u00e9g\",\"description\":\"\",\"publisher\":{\"@id\":\"https:\\\/\\\/gyor.lutheran.hu\\\/#organization\"},\"potentialAction\":[{\"@type\":\"SearchAction\",\"target\":{\"@type\":\"EntryPoint\",\"urlTemplate\":\"https:\\\/\\\/gyor.lutheran.hu\\\/?s={search_term_string}\"},\"query-input\":{\"@type\":\"PropertyValueSpecification\",\"valueRequired\":true,\"valueName\":\"search_term_string\"}}],\"inLanguage\":\"hu\"},{\"@type\":\"Organization\",\"@id\":\"https:\\\/\\\/gyor.lutheran.hu\\\/#organization\",\"name\":\"Gy\u0151ri Evang\u00e9likus Egyh\u00e1zk\u00f6zs\u00e9g\",\"url\":\"https:\\\/\\\/gyor.lutheran.hu\\\/\",\"logo\":{\"@type\":\"ImageObject\",\"inLanguage\":\"hu\",\"@id\":\"https:\\\/\\\/gyor.lutheran.hu\\\/#\\\/schema\\\/logo\\\/image\\\/\",\"url\":\"https:\\\/\\\/gyor.lutheran.hu\\\/wp-content\\\/uploads\\\/2025\\\/02\\\/logo.jpg\",\"contentUrl\":\"https:\\\/\\\/gyor.lutheran.hu\\\/wp-content\\\/uploads\\\/2025\\\/02\\\/logo.jpg\",\"width\":160,\"height\":160,\"caption\":\"Gy\u0151ri Evang\u00e9likus Egyh\u00e1zk\u00f6zs\u00e9g\"},\"image\":{\"@id\":\"https:\\\/\\\/gyor.lutheran.hu\\\/#\\\/schema\\\/logo\\\/image\\\/\"},\"sameAs\":[\"https:\\\/\\\/www.facebook.com\\\/profile.php?id=100064848424606\"]}]}<\/script>\n<!-- \/ Yoast SEO plugin. -->","yoast_head_json":{"title":"Gy\u00f6ny\u00fci Reform\u00e1tus-Evang\u00e9likus Templom - Gy\u0151ri Evang\u00e9likus Egyh\u00e1zk\u00f6zs\u00e9g","robots":{"index":"index","follow":"follow","max-snippet":"max-snippet:-1","max-image-preview":"max-image-preview:large","max-video-preview":"max-video-preview:-1"},"canonical":"https:\/\/gyor.lutheran.hu\/?page_id=381","og_locale":"hu_HU","og_type":"article","og_title":"Gy\u00f6ny\u00fci Reform\u00e1tus-Evang\u00e9likus Templom - Gy\u0151ri Evang\u00e9likus Egyh\u00e1zk\u00f6zs\u00e9g","og_description":"C\u00edm: G\u00f6ny\u0171, Kossuth Lajos u. 137. Irodai el\u00e9rhet\u0151s\u00e9g: Gy\u0151ri Evang\u00e9likus Egyh\u00e1zk\u00f6zs\u00e9g 9025 Gy\u0151r, Pet\u0151fi t\u00e9r 2.&nbsp; &#8211;&nbsp; 06\/20\/824-8101 Istentisztelet: minden h\u00f3nap 2. \u00e9s 4. vas\u00e1rnapj\u00e1n 8:30 A Gy\u0151ri Evang\u00e9likus Egyh\u00e1zk\u00f6zs\u00e9g \u00e9s a B\u0151nyi Reform\u00e1tus Egyh\u00e1zk\u00f6zs\u00e9g \u2013 a g\u00f6ny\u0171i evang\u00e9likus \u00e9s reform\u00e1tus sz\u00f3rv\u00e1ny gy\u00fclekezetek h\u00edveinek k\u00edv\u00e1ns\u00e1g\u00e1ra \u2013 k\u00f6z\u00f6s akarattal elhat\u00e1rozta, hogy G\u00f6ny\u0171n, a Kossuth Lajos u. [&hellip;]","og_url":"https:\/\/gyor.lutheran.hu\/?page_id=381","og_site_name":"Gy\u0151ri Evang\u00e9likus Egyh\u00e1zk\u00f6zs\u00e9g","article_publisher":"https:\/\/www.facebook.com\/profile.php?id=100064848424606","article_modified_time":"2025-03-16T21:39:35+00:00","og_image":[{"width":1825,"height":1760,"url":"https:\/\/gyor.lutheran.hu\/wp-content\/uploads\/2025\/03\/DSC_9904.jpg","type":"image\/jpeg"}],"twitter_card":"summary_large_image","twitter_misc":{"Becs\u00fclt olvas\u00e1si id\u0151":"2 perc"},"schema":{"@context":"https:\/\/schema.org","@graph":[{"@type":"WebPage","@id":"https:\/\/gyor.lutheran.hu\/?page_id=381","url":"https:\/\/gyor.lutheran.hu\/?page_id=381","name":"Gy\u00f6ny\u00fci Reform\u00e1tus-Evang\u00e9likus Templom - Gy\u0151ri Evang\u00e9likus Egyh\u00e1zk\u00f6zs\u00e9g","isPartOf":{"@id":"https:\/\/gyor.lutheran.hu\/#website"},"primaryImageOfPage":{"@id":"https:\/\/gyor.lutheran.hu\/?page_id=381#primaryimage"},"image":{"@id":"https:\/\/gyor.lutheran.hu\/?page_id=381#primaryimage"},"thumbnailUrl":"https:\/\/gyor.lutheran.hu\/wp-content\/uploads\/2025\/03\/DSC_9904.jpg","datePublished":"2025-03-11T21:35:34+00:00","dateModified":"2025-03-16T21:39:35+00:00","breadcrumb":{"@id":"https:\/\/gyor.lutheran.hu\/?page_id=381#breadcrumb"},"inLanguage":"hu","potentialAction":[{"@type":"ReadAction","target":["https:\/\/gyor.lutheran.hu\/?page_id=381"]}]},{"@type":"ImageObject","inLanguage":"hu","@id":"https:\/\/gyor.lutheran.hu\/?page_id=381#primaryimage","url":"https:\/\/gyor.lutheran.hu\/wp-content\/uploads\/2025\/03\/DSC_9904.jpg","contentUrl":"https:\/\/gyor.lutheran.hu\/wp-content\/uploads\/2025\/03\/DSC_9904.jpg","width":1825,"height":1760},{"@type":"BreadcrumbList","@id":"https:\/\/gyor.lutheran.hu\/?page_id=381#breadcrumb","itemListElement":[{"@type":"ListItem","position":1,"name":"Home","item":"https:\/\/gyor.lutheran.hu\/"},{"@type":"ListItem","position":2,"name":"R\u00f3lunk","item":"https:\/\/gyor.lutheran.hu\/?page_id=18"},{"@type":"ListItem","position":3,"name":"Templomaink","item":"https:\/\/gyor.lutheran.hu\/?page_id=26"},{"@type":"ListItem","position":4,"name":"Gy\u00f6ny\u00fci Reform\u00e1tus-Evang\u00e9likus Templom"}]},{"@type":"WebSite","@id":"https:\/\/gyor.lutheran.hu\/#website","url":"https:\/\/gyor.lutheran.hu\/","name":"Gy\u0151ri Evang\u00e9likus Egyh\u00e1zk\u00f6zs\u00e9g","description":"","publisher":{"@id":"https:\/\/gyor.lutheran.hu\/#organization"},"potentialAction":[{"@type":"SearchAction","target":{"@type":"EntryPoint","urlTemplate":"https:\/\/gyor.lutheran.hu\/?s={search_term_string}"},"query-input":{"@type":"PropertyValueSpecification","valueRequired":true,"valueName":"search_term_string"}}],"inLanguage":"hu"},{"@type":"Organization","@id":"https:\/\/gyor.lutheran.hu\/#organization","name":"Gy\u0151ri Evang\u00e9likus Egyh\u00e1zk\u00f6zs\u00e9g","url":"https:\/\/gyor.lutheran.hu\/","logo":{"@type":"ImageObject","inLanguage":"hu","@id":"https:\/\/gyor.lutheran.hu\/#\/schema\/logo\/image\/","url":"https:\/\/gyor.lutheran.hu\/wp-content\/uploads\/2025\/02\/logo.jpg","contentUrl":"https:\/\/gyor.lutheran.hu\/wp-content\/uploads\/2025\/02\/logo.jpg","width":160,"height":160,"caption":"Gy\u0151ri Evang\u00e9likus Egyh\u00e1zk\u00f6zs\u00e9g"},"image":{"@id":"https:\/\/gyor.lutheran.hu\/#\/schema\/logo\/image\/"},"sameAs":["https:\/\/www.facebook.com\/profile.php?id=100064848424606"]}]}},"_links":{"self":[{"href":"https:\/\/gyor.lutheran.hu\/index.php?rest_route=\/wp\/v2\/pages\/381","targetHints":{"allow":["GET"]}}],"collection":[{"href":"https:\/\/gyor.lutheran.hu\/index.php?rest_route=\/wp\/v2\/pages"}],"about":[{"href":"https:\/\/gyor.lutheran.hu\/index.php?rest_route=\/wp\/v2\/types\/page"}],"author":[{"embeddable":true,"href":"https:\/\/gyor.lutheran.hu\/index.php?rest_route=\/wp\/v2\/users\/1"}],"replies":[{"embeddable":true,"href":"https:\/\/gyor.lutheran.hu\/index.php?rest_route=%2Fwp%2Fv2%2Fcomments&post=381"}],"version-history":[{"count":5,"href":"https:\/\/gyor.lutheran.hu\/index.php?rest_route=\/wp\/v2\/pages\/381\/revisions"}],"predecessor-version":[{"id":503,"href":"https:\/\/gyor.lutheran.hu\/index.php?rest_route=\/wp\/v2\/pages\/381\/revisions\/503"}],"up":[{"embeddable":true,"href":"https:\/\/gyor.lutheran.hu\/index.php?rest_route=\/wp\/v2\/pages\/26"}],"wp:attachment":[{"href":"https:\/\/gyor.lutheran.hu\/index.php?rest_route=%2Fwp%2Fv2%2Fmedia&parent=381"}],"curies":[{"name":"wp","href":"https:\/\/api.w.org\/{rel}","templated":true}]}}