{"id":42,"date":"2025-02-25T23:01:50","date_gmt":"2025-02-25T23:01:50","guid":{"rendered":"https:\/\/gyorteszt.lutheran.hu\/wordpress\/?page_id=42"},"modified":"2025-11-18T08:56:21","modified_gmt":"2025-11-18T07:56:21","slug":"lelkeszek","status":"publish","type":"page","link":"https:\/\/gyor.lutheran.hu\/?page_id=42","title":{"rendered":"Lelk\u00e9szek"},"content":{"rendered":"\n<h4 class=\"wp-block-heading\">SZEMEREI J\u00c1NOS<\/h4>\n\n\n\n<figure class=\"wp-block-image size-large is-resized\"><img loading=\"lazy\" decoding=\"async\" width=\"678\" height=\"1024\" src=\"https:\/\/gyor.lutheran.hu\/wp-content\/uploads\/2025\/02\/szemerei3-678x1024.jpg\" alt=\"\" class=\"wp-image-43\" style=\"width:278px;height:auto\" srcset=\"https:\/\/gyor.lutheran.hu\/wp-content\/uploads\/2025\/02\/szemerei3-678x1024.jpg 678w, https:\/\/gyor.lutheran.hu\/wp-content\/uploads\/2025\/02\/szemerei3-199x300.jpg 199w, https:\/\/gyor.lutheran.hu\/wp-content\/uploads\/2025\/02\/szemerei3-768x1160.jpg 768w, https:\/\/gyor.lutheran.hu\/wp-content\/uploads\/2025\/02\/szemerei3.jpg 800w\" sizes=\"auto, (max-width: 678px) 100vw, 678px\" \/><\/figure>\n\n\n\n<p>A Nyugati Egyh\u00e1zker\u00fclet p\u00fcsp\u00f6ke, a Gy\u0151ri Evang\u00e9likus Egyh\u00e1zk\u00f6zs\u00e9g lelk\u00e9sze.<\/p>\n\n\n\n<p>&nbsp;El\u00e9rhet\u0151s\u00e9g: P\u00fcsp\u00f6ki Hivatal, 9021 Gy\u0151r, Bajcsy Zsilinszky \u00fat 26.&nbsp;<\/p>\n\n\n\n<p>&nbsp;Telefon: 96\/516-160<\/p>\n\n\n\n<p><\/p>\n\n\n\n<h4 class=\"wp-block-heading\">&nbsp;<\/h4>\n\n\n\n<h4 class=\"wp-block-heading\">CSORBA J\u00c1NOS<\/h4>\n\n\n\n<figure class=\"wp-block-image size-full is-resized\"><img loading=\"lazy\" decoding=\"async\" width=\"100\" height=\"133\" src=\"https:\/\/gyor.lutheran.hu\/wp-content\/uploads\/2025\/02\/csorba.jpg\" alt=\"\" class=\"wp-image-44\" style=\"width:300px;height:auto\"\/><\/figure>\n\n\n\n<p>A Gy\u0151ri Evang\u00e9likus Egyh\u00e1zk\u00f6zs\u00e9g par\u00f3kus lelk\u00e9sze. <\/p>\n\n\n\n<p>Az \u00d6regtemplom lelk\u00e9sze; a P\u00e9terfy S\u00e1ndor Evang\u00e9likus Gimn\u00e1zium, \u00c1ltal\u00e1nos Iskola, \u00d3voda, Alapfok\u00fa M\u0171v\u00e9szeti Iskola \u00e9s Koll\u00e9gium iskolalelk\u00e9sze<\/p>\n\n\n\n<p>(K\u00f6rzetei: \u00dajv\u00e1ros, Sziget, Pinny\u00e9d, Belv\u00e1ros, R\u00e9vfalu, B\u00e1csa, V\u00e1mosszabadi, Lik\u00f3cs).<\/p>\n\n\n\n<p>El\u00e9rhet\u0151s\u00e9g: &nbsp;06\/20\/824-6247<\/p>\n\n\n\n<p><\/p>\n\n\n\n<h4 class=\"wp-block-heading\">&nbsp;<\/h4>\n\n\n\n<h4 class=\"wp-block-heading\">MESTERH\u00c1ZY ZSUZSANNA<\/h4>\n\n\n\n<figure class=\"wp-block-image size-full is-resized\"><img loading=\"lazy\" decoding=\"async\" width=\"100\" height=\"123\" src=\"https:\/\/gyor.lutheran.hu\/wp-content\/uploads\/2025\/02\/berenyine.jpg\" alt=\"\" class=\"wp-image-45\" style=\"width:332px;height:auto\"\/><\/figure>\n\n\n\n<p>A Gy\u0151ri Evang\u00e9likus Egyh\u00e1zk\u00f6zs\u00e9g par\u00f3kus lelk\u00e9sze. <\/p>\n\n\n\n<p>A Gy\u0151r-n\u00e1dorv\u00e1rosi evang\u00e9likus templom lelk\u00e9sze.\u00a0<\/p>\n\n\n\n<p>(K\u00f6rzetei: 9028 \u00e9s a 9023 ir\u00e1ny\u00edt\u00f3sz\u00e1m a Feh\u00e9rv\u00e1ri \u00fat, Szigethy Attila \u00fat \u00e9s a Szent Imre \u00fat \u00e1ltal hat\u00e1rolt r\u00e9szen; Gy\u0151rszentiv\u00e1n, Gy\u00e1rv\u00e1ros)<\/p>\n\n\n\n<p>El\u00e9rhet\u0151s\u00e9g: &nbsp; 06\/20\/416-3501<\/p>\n\n\n\n<p><\/p>\n\n\n\n<h4 class=\"wp-block-heading\">&nbsp;<\/h4>\n\n\n\n<h4 class=\"wp-block-heading\">VANCSAI J\u00d3ZSEF<\/h4>\n\n\n\n<figure class=\"wp-block-image size-large is-resized\"><img loading=\"lazy\" decoding=\"async\" width=\"741\" height=\"1024\" src=\"https:\/\/gyor.lutheran.hu\/wp-content\/uploads\/2025\/02\/VJ-741x1024.jpg\" alt=\"\" class=\"wp-image-46\" style=\"width:360px;height:auto\" srcset=\"https:\/\/gyor.lutheran.hu\/wp-content\/uploads\/2025\/02\/VJ-741x1024.jpg 741w, https:\/\/gyor.lutheran.hu\/wp-content\/uploads\/2025\/02\/VJ-217x300.jpg 217w, https:\/\/gyor.lutheran.hu\/wp-content\/uploads\/2025\/02\/VJ-768x1062.jpg 768w, https:\/\/gyor.lutheran.hu\/wp-content\/uploads\/2025\/02\/VJ.jpg 962w\" sizes=\"auto, (max-width: 741px) 100vw, 741px\" \/><\/figure>\n\n\n\n<p>A Gy\u0151ri Evang\u00e9likus Egyh\u00e1zk\u00f6zs\u00e9g igazgat\u00f3 lelk\u00e9sze. <\/p>\n\n\n\n<p>A Gy\u0151r-n\u00e1dorv\u00e1rosi evang\u00e9likus templom lelk\u00e9sze; az Evang\u00e9likus Szereteth\u00e1z lelk\u00e9sze; a P\u00e9terfy S\u00e1ndor Evang\u00e9likus Gimn\u00e1zium, \u00c1ltal\u00e1nos Iskola, \u00d3voda, Alapfok\u00fa M\u0171v\u00e9szeti Iskola \u00e9s Koll\u00e9gium iskolalelk\u00e9sze<\/p>\n\n\n\n<p>(K\u00f6rzetei: 9024 \u00e9s a 9023 ir\u00e1ny\u00edt\u00f3sz\u00e1m, kiv\u00e9ve a Feh\u00e9rv\u00e1ri \u00fat, Szigethy Attila \u00fat \u00e9s a Szent Imre \u00fat \u00e1ltal hat\u00e1rolt r\u00e9sz; G\u00f6ny\u0171, B\u00f6rcs, Abda, \u00d6ttev\u00e9ny)<\/p>\n\n\n\n<p>A P\u00e9terfy S\u00e1ndor Evang\u00e9likus Oktat\u00e1si K\u00f6zpont iskola lelk\u00e9sze.<\/p>\n\n\n\n<p>El\u00e9rhet\u0151s\u00e9g: 06\/20\/824-2248<\/p>\n\n\n\n<p><\/p>\n\n\n\n<h4 class=\"wp-block-heading\">&nbsp;<\/h4>\n\n\n\n<h4 class=\"wp-block-heading\">CSORB\u00c1N\u00c9 FARKAS ZS\u00d3FIA<\/h4>\n\n\n\n<figure class=\"wp-block-image size-full is-resized\"><img loading=\"lazy\" decoding=\"async\" width=\"100\" height=\"132\" src=\"https:\/\/gyor.lutheran.hu\/wp-content\/uploads\/2025\/02\/csorbane.jpg\" alt=\"\" class=\"wp-image-47\" style=\"width:333px;height:auto\"\/><\/figure>\n\n\n\n<p>A P\u00e9terfy S\u00e1ndor Evang\u00e9likus Gimn\u00e1zium, \u00c1ltal\u00e1nos Iskola, \u00d3voda, Alapfok\u00fa M\u0171v\u00e9szeti Iskola \u00e9s Koll\u00e9gium iskolalelk\u00e9sze.<\/p>\n\n\n\n<p>El\u00e9rhet\u0151s\u00e9g: &nbsp;06\/20\/824-8765<\/p>\n\n\n\n<p><\/p>\n\n\n\n<p>&nbsp;F\u0151\u00e1ll\u00e1s\u00fa hitoktat\u00f3k:<\/p>\n\n\n\n<p><strong>DE\u00c1K \u00c1GOTA&nbsp;<\/strong><\/p>\n\n\n\n<p><strong>JERABEK-CSEREPES CSILLA<\/strong><\/p>\n\n\n\n<p><strong>BENEDEK NO\u00c9MI<\/strong><\/p>\n\n\n\n<p><strong>KOCH SZILVIA<\/strong><\/p>\n","protected":false},"excerpt":{"rendered":"<p>SZEMEREI J\u00c1NOS A Nyugati Egyh\u00e1zker\u00fclet p\u00fcsp\u00f6ke, a Gy\u0151ri Evang\u00e9likus Egyh\u00e1zk\u00f6zs\u00e9g lelk\u00e9sze. &nbsp;El\u00e9rhet\u0151s\u00e9g: P\u00fcsp\u00f6ki Hivatal, 9021 Gy\u0151r, Bajcsy Zsilinszky \u00fat 26.&nbsp; &nbsp;Telefon: 96\/516-160 &nbsp; CSORBA J\u00c1NOS A Gy\u0151ri Evang\u00e9likus Egyh\u00e1zk\u00f6zs\u00e9g par\u00f3kus lelk\u00e9sze. Az \u00d6regtemplom lelk\u00e9sze; a P\u00e9terfy S\u00e1ndor Evang\u00e9likus Gimn\u00e1zium, \u00c1ltal\u00e1nos Iskola, \u00d3voda, Alapfok\u00fa M\u0171v\u00e9szeti Iskola \u00e9s Koll\u00e9gium iskolalelk\u00e9sze (K\u00f6rzetei: \u00dajv\u00e1ros, Sziget, Pinny\u00e9d, Belv\u00e1ros, R\u00e9vfalu, B\u00e1csa, [&hellip;]<\/p>\n","protected":false},"author":1,"featured_media":0,"parent":39,"menu_order":10,"comment_status":"closed","ping_status":"closed","template":"","meta":{"footnotes":""},"class_list":["post-42","page","type-page","status-publish","hentry"],"yoast_head":"<!-- This site is optimized with the Yoast SEO plugin v27.3 - https:\/\/yoast.com\/product\/yoast-seo-wordpress\/ -->\n<title>Lelk\u00e9szek - Gy\u0151ri Evang\u00e9likus Egyh\u00e1zk\u00f6zs\u00e9g<\/title>\n<meta name=\"robots\" content=\"index, follow, max-snippet:-1, max-image-preview:large, max-video-preview:-1\" \/>\n<link rel=\"canonical\" href=\"https:\/\/gyor.lutheran.hu\/?page_id=42\" \/>\n<meta property=\"og:locale\" content=\"hu_HU\" \/>\n<meta property=\"og:type\" content=\"article\" \/>\n<meta property=\"og:title\" content=\"Lelk\u00e9szek - Gy\u0151ri Evang\u00e9likus Egyh\u00e1zk\u00f6zs\u00e9g\" \/>\n<meta property=\"og:description\" content=\"SZEMEREI J\u00c1NOS A Nyugati Egyh\u00e1zker\u00fclet p\u00fcsp\u00f6ke, a Gy\u0151ri Evang\u00e9likus Egyh\u00e1zk\u00f6zs\u00e9g lelk\u00e9sze. &nbsp;El\u00e9rhet\u0151s\u00e9g: P\u00fcsp\u00f6ki Hivatal, 9021 Gy\u0151r, Bajcsy Zsilinszky \u00fat 26.&nbsp; &nbsp;Telefon: 96\/516-160 &nbsp; CSORBA J\u00c1NOS A Gy\u0151ri Evang\u00e9likus Egyh\u00e1zk\u00f6zs\u00e9g par\u00f3kus lelk\u00e9sze. Az \u00d6regtemplom lelk\u00e9sze; a P\u00e9terfy S\u00e1ndor Evang\u00e9likus Gimn\u00e1zium, \u00c1ltal\u00e1nos Iskola, \u00d3voda, Alapfok\u00fa M\u0171v\u00e9szeti Iskola \u00e9s Koll\u00e9gium iskolalelk\u00e9sze (K\u00f6rzetei: \u00dajv\u00e1ros, Sziget, Pinny\u00e9d, Belv\u00e1ros, R\u00e9vfalu, B\u00e1csa, [&hellip;]\" \/>\n<meta property=\"og:url\" content=\"https:\/\/gyor.lutheran.hu\/?page_id=42\" \/>\n<meta property=\"og:site_name\" content=\"Gy\u0151ri Evang\u00e9likus Egyh\u00e1zk\u00f6zs\u00e9g\" \/>\n<meta property=\"article:publisher\" content=\"https:\/\/www.facebook.com\/profile.php?id=100064848424606\" \/>\n<meta property=\"article:modified_time\" content=\"2025-11-18T07:56:21+00:00\" \/>\n<meta property=\"og:image\" content=\"https:\/\/gyor.lutheran.hu\/wp-content\/uploads\/2025\/02\/szemerei3.jpg\" \/>\n\t<meta property=\"og:image:width\" content=\"800\" \/>\n\t<meta property=\"og:image:height\" content=\"1208\" \/>\n\t<meta property=\"og:image:type\" content=\"image\/jpeg\" \/>\n<meta name=\"twitter:card\" content=\"summary_large_image\" \/>\n<meta name=\"twitter:label1\" content=\"Becs\u00fclt olvas\u00e1si id\u0151\" \/>\n\t<meta name=\"twitter:data1\" content=\"3 perc\" \/>\n<script type=\"application\/ld+json\" class=\"yoast-schema-graph\">{\"@context\":\"https:\\\/\\\/schema.org\",\"@graph\":[{\"@type\":\"WebPage\",\"@id\":\"https:\\\/\\\/gyor.lutheran.hu\\\/?page_id=42\",\"url\":\"https:\\\/\\\/gyor.lutheran.hu\\\/?page_id=42\",\"name\":\"Lelk\u00e9szek - Gy\u0151ri Evang\u00e9likus Egyh\u00e1zk\u00f6zs\u00e9g\",\"isPartOf\":{\"@id\":\"https:\\\/\\\/gyor.lutheran.hu\\\/#website\"},\"primaryImageOfPage\":{\"@id\":\"https:\\\/\\\/gyor.lutheran.hu\\\/?page_id=42#primaryimage\"},\"image\":{\"@id\":\"https:\\\/\\\/gyor.lutheran.hu\\\/?page_id=42#primaryimage\"},\"thumbnailUrl\":\"https:\\\/\\\/gyor.lutheran.hu\\\/wp-content\\\/uploads\\\/2025\\\/02\\\/szemerei3-678x1024.jpg\",\"datePublished\":\"2025-02-25T23:01:50+00:00\",\"dateModified\":\"2025-11-18T07:56:21+00:00\",\"breadcrumb\":{\"@id\":\"https:\\\/\\\/gyor.lutheran.hu\\\/?page_id=42#breadcrumb\"},\"inLanguage\":\"hu\",\"potentialAction\":[{\"@type\":\"ReadAction\",\"target\":[\"https:\\\/\\\/gyor.lutheran.hu\\\/?page_id=42\"]}]},{\"@type\":\"ImageObject\",\"inLanguage\":\"hu\",\"@id\":\"https:\\\/\\\/gyor.lutheran.hu\\\/?page_id=42#primaryimage\",\"url\":\"https:\\\/\\\/gyor.lutheran.hu\\\/wp-content\\\/uploads\\\/2025\\\/02\\\/szemerei3.jpg\",\"contentUrl\":\"https:\\\/\\\/gyor.lutheran.hu\\\/wp-content\\\/uploads\\\/2025\\\/02\\\/szemerei3.jpg\",\"width\":800,\"height\":1208},{\"@type\":\"BreadcrumbList\",\"@id\":\"https:\\\/\\\/gyor.lutheran.hu\\\/?page_id=42#breadcrumb\",\"itemListElement\":[{\"@type\":\"ListItem\",\"position\":1,\"name\":\"Home\",\"item\":\"https:\\\/\\\/gyor.lutheran.hu\\\/\"},{\"@type\":\"ListItem\",\"position\":2,\"name\":\"Kapcsolat\",\"item\":\"https:\\\/\\\/gyor.lutheran.hu\\\/?page_id=39\"},{\"@type\":\"ListItem\",\"position\":3,\"name\":\"Lelk\u00e9szek\"}]},{\"@type\":\"WebSite\",\"@id\":\"https:\\\/\\\/gyor.lutheran.hu\\\/#website\",\"url\":\"https:\\\/\\\/gyor.lutheran.hu\\\/\",\"name\":\"Gy\u0151ri Evang\u00e9likus Egyh\u00e1zk\u00f6zs\u00e9g\",\"description\":\"\",\"publisher\":{\"@id\":\"https:\\\/\\\/gyor.lutheran.hu\\\/#organization\"},\"potentialAction\":[{\"@type\":\"SearchAction\",\"target\":{\"@type\":\"EntryPoint\",\"urlTemplate\":\"https:\\\/\\\/gyor.lutheran.hu\\\/?s={search_term_string}\"},\"query-input\":{\"@type\":\"PropertyValueSpecification\",\"valueRequired\":true,\"valueName\":\"search_term_string\"}}],\"inLanguage\":\"hu\"},{\"@type\":\"Organization\",\"@id\":\"https:\\\/\\\/gyor.lutheran.hu\\\/#organization\",\"name\":\"Gy\u0151ri Evang\u00e9likus Egyh\u00e1zk\u00f6zs\u00e9g\",\"url\":\"https:\\\/\\\/gyor.lutheran.hu\\\/\",\"logo\":{\"@type\":\"ImageObject\",\"inLanguage\":\"hu\",\"@id\":\"https:\\\/\\\/gyor.lutheran.hu\\\/#\\\/schema\\\/logo\\\/image\\\/\",\"url\":\"https:\\\/\\\/gyor.lutheran.hu\\\/wp-content\\\/uploads\\\/2025\\\/02\\\/logo.jpg\",\"contentUrl\":\"https:\\\/\\\/gyor.lutheran.hu\\\/wp-content\\\/uploads\\\/2025\\\/02\\\/logo.jpg\",\"width\":160,\"height\":160,\"caption\":\"Gy\u0151ri Evang\u00e9likus Egyh\u00e1zk\u00f6zs\u00e9g\"},\"image\":{\"@id\":\"https:\\\/\\\/gyor.lutheran.hu\\\/#\\\/schema\\\/logo\\\/image\\\/\"},\"sameAs\":[\"https:\\\/\\\/www.facebook.com\\\/profile.php?id=100064848424606\"]}]}<\/script>\n<!-- \/ Yoast SEO plugin. -->","yoast_head_json":{"title":"Lelk\u00e9szek - Gy\u0151ri Evang\u00e9likus Egyh\u00e1zk\u00f6zs\u00e9g","robots":{"index":"index","follow":"follow","max-snippet":"max-snippet:-1","max-image-preview":"max-image-preview:large","max-video-preview":"max-video-preview:-1"},"canonical":"https:\/\/gyor.lutheran.hu\/?page_id=42","og_locale":"hu_HU","og_type":"article","og_title":"Lelk\u00e9szek - Gy\u0151ri Evang\u00e9likus Egyh\u00e1zk\u00f6zs\u00e9g","og_description":"SZEMEREI J\u00c1NOS A Nyugati Egyh\u00e1zker\u00fclet p\u00fcsp\u00f6ke, a Gy\u0151ri Evang\u00e9likus Egyh\u00e1zk\u00f6zs\u00e9g lelk\u00e9sze. &nbsp;El\u00e9rhet\u0151s\u00e9g: P\u00fcsp\u00f6ki Hivatal, 9021 Gy\u0151r, Bajcsy Zsilinszky \u00fat 26.&nbsp; &nbsp;Telefon: 96\/516-160 &nbsp; CSORBA J\u00c1NOS A Gy\u0151ri Evang\u00e9likus Egyh\u00e1zk\u00f6zs\u00e9g par\u00f3kus lelk\u00e9sze. Az \u00d6regtemplom lelk\u00e9sze; a P\u00e9terfy S\u00e1ndor Evang\u00e9likus Gimn\u00e1zium, \u00c1ltal\u00e1nos Iskola, \u00d3voda, Alapfok\u00fa M\u0171v\u00e9szeti Iskola \u00e9s Koll\u00e9gium iskolalelk\u00e9sze (K\u00f6rzetei: \u00dajv\u00e1ros, Sziget, Pinny\u00e9d, Belv\u00e1ros, R\u00e9vfalu, B\u00e1csa, [&hellip;]","og_url":"https:\/\/gyor.lutheran.hu\/?page_id=42","og_site_name":"Gy\u0151ri Evang\u00e9likus Egyh\u00e1zk\u00f6zs\u00e9g","article_publisher":"https:\/\/www.facebook.com\/profile.php?id=100064848424606","article_modified_time":"2025-11-18T07:56:21+00:00","og_image":[{"width":800,"height":1208,"url":"https:\/\/gyor.lutheran.hu\/wp-content\/uploads\/2025\/02\/szemerei3.jpg","type":"image\/jpeg"}],"twitter_card":"summary_large_image","twitter_misc":{"Becs\u00fclt olvas\u00e1si id\u0151":"3 perc"},"schema":{"@context":"https:\/\/schema.org","@graph":[{"@type":"WebPage","@id":"https:\/\/gyor.lutheran.hu\/?page_id=42","url":"https:\/\/gyor.lutheran.hu\/?page_id=42","name":"Lelk\u00e9szek - Gy\u0151ri Evang\u00e9likus Egyh\u00e1zk\u00f6zs\u00e9g","isPartOf":{"@id":"https:\/\/gyor.lutheran.hu\/#website"},"primaryImageOfPage":{"@id":"https:\/\/gyor.lutheran.hu\/?page_id=42#primaryimage"},"image":{"@id":"https:\/\/gyor.lutheran.hu\/?page_id=42#primaryimage"},"thumbnailUrl":"https:\/\/gyor.lutheran.hu\/wp-content\/uploads\/2025\/02\/szemerei3-678x1024.jpg","datePublished":"2025-02-25T23:01:50+00:00","dateModified":"2025-11-18T07:56:21+00:00","breadcrumb":{"@id":"https:\/\/gyor.lutheran.hu\/?page_id=42#breadcrumb"},"inLanguage":"hu","potentialAction":[{"@type":"ReadAction","target":["https:\/\/gyor.lutheran.hu\/?page_id=42"]}]},{"@type":"ImageObject","inLanguage":"hu","@id":"https:\/\/gyor.lutheran.hu\/?page_id=42#primaryimage","url":"https:\/\/gyor.lutheran.hu\/wp-content\/uploads\/2025\/02\/szemerei3.jpg","contentUrl":"https:\/\/gyor.lutheran.hu\/wp-content\/uploads\/2025\/02\/szemerei3.jpg","width":800,"height":1208},{"@type":"BreadcrumbList","@id":"https:\/\/gyor.lutheran.hu\/?page_id=42#breadcrumb","itemListElement":[{"@type":"ListItem","position":1,"name":"Home","item":"https:\/\/gyor.lutheran.hu\/"},{"@type":"ListItem","position":2,"name":"Kapcsolat","item":"https:\/\/gyor.lutheran.hu\/?page_id=39"},{"@type":"ListItem","position":3,"name":"Lelk\u00e9szek"}]},{"@type":"WebSite","@id":"https:\/\/gyor.lutheran.hu\/#website","url":"https:\/\/gyor.lutheran.hu\/","name":"Gy\u0151ri Evang\u00e9likus Egyh\u00e1zk\u00f6zs\u00e9g","description":"","publisher":{"@id":"https:\/\/gyor.lutheran.hu\/#organization"},"potentialAction":[{"@type":"SearchAction","target":{"@type":"EntryPoint","urlTemplate":"https:\/\/gyor.lutheran.hu\/?s={search_term_string}"},"query-input":{"@type":"PropertyValueSpecification","valueRequired":true,"valueName":"search_term_string"}}],"inLanguage":"hu"},{"@type":"Organization","@id":"https:\/\/gyor.lutheran.hu\/#organization","name":"Gy\u0151ri Evang\u00e9likus Egyh\u00e1zk\u00f6zs\u00e9g","url":"https:\/\/gyor.lutheran.hu\/","logo":{"@type":"ImageObject","inLanguage":"hu","@id":"https:\/\/gyor.lutheran.hu\/#\/schema\/logo\/image\/","url":"https:\/\/gyor.lutheran.hu\/wp-content\/uploads\/2025\/02\/logo.jpg","contentUrl":"https:\/\/gyor.lutheran.hu\/wp-content\/uploads\/2025\/02\/logo.jpg","width":160,"height":160,"caption":"Gy\u0151ri Evang\u00e9likus Egyh\u00e1zk\u00f6zs\u00e9g"},"image":{"@id":"https:\/\/gyor.lutheran.hu\/#\/schema\/logo\/image\/"},"sameAs":["https:\/\/www.facebook.com\/profile.php?id=100064848424606"]}]}},"_links":{"self":[{"href":"https:\/\/gyor.lutheran.hu\/index.php?rest_route=\/wp\/v2\/pages\/42","targetHints":{"allow":["GET"]}}],"collection":[{"href":"https:\/\/gyor.lutheran.hu\/index.php?rest_route=\/wp\/v2\/pages"}],"about":[{"href":"https:\/\/gyor.lutheran.hu\/index.php?rest_route=\/wp\/v2\/types\/page"}],"author":[{"embeddable":true,"href":"https:\/\/gyor.lutheran.hu\/index.php?rest_route=\/wp\/v2\/users\/1"}],"replies":[{"embeddable":true,"href":"https:\/\/gyor.lutheran.hu\/index.php?rest_route=%2Fwp%2Fv2%2Fcomments&post=42"}],"version-history":[{"count":5,"href":"https:\/\/gyor.lutheran.hu\/index.php?rest_route=\/wp\/v2\/pages\/42\/revisions"}],"predecessor-version":[{"id":796,"href":"https:\/\/gyor.lutheran.hu\/index.php?rest_route=\/wp\/v2\/pages\/42\/revisions\/796"}],"up":[{"embeddable":true,"href":"https:\/\/gyor.lutheran.hu\/index.php?rest_route=\/wp\/v2\/pages\/39"}],"wp:attachment":[{"href":"https:\/\/gyor.lutheran.hu\/index.php?rest_route=%2Fwp%2Fv2%2Fmedia&parent=42"}],"curies":[{"name":"wp","href":"https:\/\/api.w.org\/{rel}","templated":true}]}}