{"id":707,"date":"2025-07-25T08:03:23","date_gmt":"2025-07-25T06:03:23","guid":{"rendered":"https:\/\/gyor.lutheran.hu\/?page_id=707"},"modified":"2025-07-25T08:07:06","modified_gmt":"2025-07-25T06:07:06","slug":"testvergyulekezeteink","status":"publish","type":"page","link":"https:\/\/gyor.lutheran.hu\/?page_id=707","title":{"rendered":"Testv\u00e9rgy\u00fclekezeteink"},"content":{"rendered":"\n<p><strong>Krizbai Evang\u00e9likus Egyh\u00e1zk\u00f6zs\u00e9g<\/strong><\/p>\n\n\n\n<p>lek\u00e9sz: Koszta Istv\u00e1n<br><br>C\u00edm: Ro-507081 Crizbav str. Principala nr. 388 jud. Bra\u00baov<\/p>\n\n\n\n<p>Telefon: +40-268-481718 &#8211; <a href=\"&#x6d;&#x61;&#x69;&#x6c;&#x74;&#x6f;&#x3a;&#x6b;&#x72;&#x69;&#x7a;&#98;&#97;&#64;&#108;&#117;&#116;&#104;eran&#46;r&#x6f;\">&#x6b;&#x72;&#105;&#122;&#98;a&#x40;&#x6c;&#x75;&#116;&#104;er&#x61;&#x6e;&#x2e;&#114;&#111;<\/a><\/p>\n\n\n\n<p><\/p>\n\n\n\n<p><strong>Kuopion Tuomiokirkko<\/strong><\/p>\n\n\n\n<p>C\u00edm: 70101 Kuopio PL 1064 Finland<\/p>\n\n\n\n<p><\/p>\n\n\n\n<p class=\"has-medium-font-size\"><strong>Evangelische Pfarrgemeinde A. u. H. B. Wiener Neustadt<\/strong><\/p>\n\n\n\n<p>Ferdinand-Porsche-Ring 4,<\/p>\n\n\n\n<p>2700 Wiener Neustadt<\/p>\n\n\n\n<p>\u00d6sterreich<\/p>\n\n\n\n<p><\/p>\n\n\n\n<p><strong>Evangelische Kirchengemeinde Gaimersheim<\/strong><\/p>\n\n\n\n<p>Ulrich Eckert, Pfarrer<\/p>\n\n\n\n<p>Kraiberg 40a<\/p>\n\n\n\n<p>85080 GAIMERSHEIM \/ Germany<\/p>\n\n\n\n<p><\/p>\n","protected":false},"excerpt":{"rendered":"<p>Krizbai Evang\u00e9likus Egyh\u00e1zk\u00f6zs\u00e9g lek\u00e9sz: Koszta Istv\u00e1n C\u00edm: Ro-507081 Crizbav str. Principala nr. 388 jud. Bra\u00baov Telefon: +40-268-481718 &#8211; &#x6b;&#114;i&#x7a;&#x62;&#97;&#64;&#x6c;&#x75;&#116;h&#x65;&#x72;&#97;n&#x2e;&#x72;&#111; Kuopion Tuomiokirkko C\u00edm: 70101 Kuopio PL 1064 Finland Evangelische Pfarrgemeinde A. u. H. B. Wiener Neustadt Ferdinand-Porsche-Ring 4, 2700 Wiener Neustadt \u00d6sterreich Evangelische Kirchengemeinde Gaimersheim Ulrich Eckert, Pfarrer Kraiberg 40a 85080 GAIMERSHEIM \/ Germany<\/p>\n","protected":false},"author":2,"featured_media":0,"parent":18,"menu_order":0,"comment_status":"closed","ping_status":"closed","template":"","meta":{"footnotes":""},"class_list":["post-707","page","type-page","status-publish","hentry"],"yoast_head":"<!-- This site is optimized with the Yoast SEO plugin v27.6 - https:\/\/yoast.com\/product\/yoast-seo-wordpress\/ -->\n<title>Testv\u00e9rgy\u00fclekezeteink - Gy\u0151ri Evang\u00e9likus Egyh\u00e1zk\u00f6zs\u00e9g<\/title>\n<meta name=\"robots\" content=\"index, follow, max-snippet:-1, max-image-preview:large, max-video-preview:-1\" \/>\n<link rel=\"canonical\" href=\"https:\/\/gyor.lutheran.hu\/?page_id=707\" \/>\n<meta property=\"og:locale\" content=\"hu_HU\" \/>\n<meta property=\"og:type\" content=\"article\" \/>\n<meta property=\"og:title\" content=\"Testv\u00e9rgy\u00fclekezeteink - Gy\u0151ri Evang\u00e9likus Egyh\u00e1zk\u00f6zs\u00e9g\" \/>\n<meta property=\"og:description\" content=\"Krizbai Evang\u00e9likus Egyh\u00e1zk\u00f6zs\u00e9g lek\u00e9sz: Koszta Istv\u00e1n C\u00edm: Ro-507081 Crizbav str. Principala nr. 388 jud. Bra\u00baov Telefon: +40-268-481718 &#8211; &#107;r&#105;z&#098;a&#x40;l&#x75;t&#x68;e&#x72;a&#x6e;&#046;&#x72;o Kuopion Tuomiokirkko C\u00edm: 70101 Kuopio PL 1064 Finland Evangelische Pfarrgemeinde A. u. H. B. Wiener Neustadt Ferdinand-Porsche-Ring 4, 2700 Wiener Neustadt \u00d6sterreich Evangelische Kirchengemeinde Gaimersheim Ulrich Eckert, Pfarrer Kraiberg 40a 85080 GAIMERSHEIM \/ Germany\" \/>\n<meta property=\"og:url\" content=\"https:\/\/gyor.lutheran.hu\/?page_id=707\" \/>\n<meta property=\"og:site_name\" content=\"Gy\u0151ri Evang\u00e9likus Egyh\u00e1zk\u00f6zs\u00e9g\" \/>\n<meta property=\"article:publisher\" content=\"https:\/\/www.facebook.com\/profile.php?id=100064848424606\" \/>\n<meta property=\"article:modified_time\" content=\"2025-07-25T06:07:06+00:00\" \/>\n<meta name=\"twitter:card\" content=\"summary_large_image\" \/>\n<meta name=\"twitter:label1\" content=\"Becs\u00fclt olvas\u00e1si id\u0151\" \/>\n\t<meta name=\"twitter:data1\" content=\"1 perc\" \/>\n<script type=\"application\/ld+json\" class=\"yoast-schema-graph\">{\"@context\":\"https:\\\/\\\/schema.org\",\"@graph\":[{\"@type\":\"WebPage\",\"@id\":\"https:\\\/\\\/gyor.lutheran.hu\\\/?page_id=707\",\"url\":\"https:\\\/\\\/gyor.lutheran.hu\\\/?page_id=707\",\"name\":\"Testv\u00e9rgy\u00fclekezeteink - Gy\u0151ri Evang\u00e9likus Egyh\u00e1zk\u00f6zs\u00e9g\",\"isPartOf\":{\"@id\":\"https:\\\/\\\/gyor.lutheran.hu\\\/#website\"},\"datePublished\":\"2025-07-25T06:03:23+00:00\",\"dateModified\":\"2025-07-25T06:07:06+00:00\",\"breadcrumb\":{\"@id\":\"https:\\\/\\\/gyor.lutheran.hu\\\/?page_id=707#breadcrumb\"},\"inLanguage\":\"hu\",\"potentialAction\":[{\"@type\":\"ReadAction\",\"target\":[\"https:\\\/\\\/gyor.lutheran.hu\\\/?page_id=707\"]}]},{\"@type\":\"BreadcrumbList\",\"@id\":\"https:\\\/\\\/gyor.lutheran.hu\\\/?page_id=707#breadcrumb\",\"itemListElement\":[{\"@type\":\"ListItem\",\"position\":1,\"name\":\"Home\",\"item\":\"https:\\\/\\\/gyor.lutheran.hu\\\/\"},{\"@type\":\"ListItem\",\"position\":2,\"name\":\"R\u00f3lunk\",\"item\":\"https:\\\/\\\/gyor.lutheran.hu\\\/?page_id=18\"},{\"@type\":\"ListItem\",\"position\":3,\"name\":\"Testv\u00e9rgy\u00fclekezeteink\"}]},{\"@type\":\"WebSite\",\"@id\":\"https:\\\/\\\/gyor.lutheran.hu\\\/#website\",\"url\":\"https:\\\/\\\/gyor.lutheran.hu\\\/\",\"name\":\"Gy\u0151ri Evang\u00e9likus Egyh\u00e1zk\u00f6zs\u00e9g\",\"description\":\"\",\"publisher\":{\"@id\":\"https:\\\/\\\/gyor.lutheran.hu\\\/#organization\"},\"potentialAction\":[{\"@type\":\"SearchAction\",\"target\":{\"@type\":\"EntryPoint\",\"urlTemplate\":\"https:\\\/\\\/gyor.lutheran.hu\\\/?s={search_term_string}\"},\"query-input\":{\"@type\":\"PropertyValueSpecification\",\"valueRequired\":true,\"valueName\":\"search_term_string\"}}],\"inLanguage\":\"hu\"},{\"@type\":\"Organization\",\"@id\":\"https:\\\/\\\/gyor.lutheran.hu\\\/#organization\",\"name\":\"Gy\u0151ri Evang\u00e9likus Egyh\u00e1zk\u00f6zs\u00e9g\",\"url\":\"https:\\\/\\\/gyor.lutheran.hu\\\/\",\"logo\":{\"@type\":\"ImageObject\",\"inLanguage\":\"hu\",\"@id\":\"https:\\\/\\\/gyor.lutheran.hu\\\/#\\\/schema\\\/logo\\\/image\\\/\",\"url\":\"https:\\\/\\\/gyor.lutheran.hu\\\/wp-content\\\/uploads\\\/2025\\\/02\\\/logo.jpg\",\"contentUrl\":\"https:\\\/\\\/gyor.lutheran.hu\\\/wp-content\\\/uploads\\\/2025\\\/02\\\/logo.jpg\",\"width\":160,\"height\":160,\"caption\":\"Gy\u0151ri Evang\u00e9likus Egyh\u00e1zk\u00f6zs\u00e9g\"},\"image\":{\"@id\":\"https:\\\/\\\/gyor.lutheran.hu\\\/#\\\/schema\\\/logo\\\/image\\\/\"},\"sameAs\":[\"https:\\\/\\\/www.facebook.com\\\/profile.php?id=100064848424606\"]}]}<\/script>\n<!-- \/ Yoast SEO plugin. -->","yoast_head_json":{"title":"Testv\u00e9rgy\u00fclekezeteink - Gy\u0151ri Evang\u00e9likus Egyh\u00e1zk\u00f6zs\u00e9g","robots":{"index":"index","follow":"follow","max-snippet":"max-snippet:-1","max-image-preview":"max-image-preview:large","max-video-preview":"max-video-preview:-1"},"canonical":"https:\/\/gyor.lutheran.hu\/?page_id=707","og_locale":"hu_HU","og_type":"article","og_title":"Testv\u00e9rgy\u00fclekezeteink - Gy\u0151ri Evang\u00e9likus Egyh\u00e1zk\u00f6zs\u00e9g","og_description":"Krizbai Evang\u00e9likus Egyh\u00e1zk\u00f6zs\u00e9g lek\u00e9sz: Koszta Istv\u00e1n C\u00edm: Ro-507081 Crizbav str. Principala nr. 388 jud. Bra\u00baov Telefon: +40-268-481718 &#8211; &#107;r&#105;z&#98;a&#x40;l&#x75;t&#x68;e&#x72;a&#x6e;&#46;&#x72;o Kuopion Tuomiokirkko C\u00edm: 70101 Kuopio PL 1064 Finland Evangelische Pfarrgemeinde A. u. H. B. Wiener Neustadt Ferdinand-Porsche-Ring 4, 2700 Wiener Neustadt \u00d6sterreich Evangelische Kirchengemeinde Gaimersheim Ulrich Eckert, Pfarrer Kraiberg 40a 85080 GAIMERSHEIM \/ Germany","og_url":"https:\/\/gyor.lutheran.hu\/?page_id=707","og_site_name":"Gy\u0151ri Evang\u00e9likus Egyh\u00e1zk\u00f6zs\u00e9g","article_publisher":"https:\/\/www.facebook.com\/profile.php?id=100064848424606","article_modified_time":"2025-07-25T06:07:06+00:00","twitter_card":"summary_large_image","twitter_misc":{"Becs\u00fclt olvas\u00e1si id\u0151":"1 perc"},"schema":{"@context":"https:\/\/schema.org","@graph":[{"@type":"WebPage","@id":"https:\/\/gyor.lutheran.hu\/?page_id=707","url":"https:\/\/gyor.lutheran.hu\/?page_id=707","name":"Testv\u00e9rgy\u00fclekezeteink - Gy\u0151ri Evang\u00e9likus Egyh\u00e1zk\u00f6zs\u00e9g","isPartOf":{"@id":"https:\/\/gyor.lutheran.hu\/#website"},"datePublished":"2025-07-25T06:03:23+00:00","dateModified":"2025-07-25T06:07:06+00:00","breadcrumb":{"@id":"https:\/\/gyor.lutheran.hu\/?page_id=707#breadcrumb"},"inLanguage":"hu","potentialAction":[{"@type":"ReadAction","target":["https:\/\/gyor.lutheran.hu\/?page_id=707"]}]},{"@type":"BreadcrumbList","@id":"https:\/\/gyor.lutheran.hu\/?page_id=707#breadcrumb","itemListElement":[{"@type":"ListItem","position":1,"name":"Home","item":"https:\/\/gyor.lutheran.hu\/"},{"@type":"ListItem","position":2,"name":"R\u00f3lunk","item":"https:\/\/gyor.lutheran.hu\/?page_id=18"},{"@type":"ListItem","position":3,"name":"Testv\u00e9rgy\u00fclekezeteink"}]},{"@type":"WebSite","@id":"https:\/\/gyor.lutheran.hu\/#website","url":"https:\/\/gyor.lutheran.hu\/","name":"Gy\u0151ri Evang\u00e9likus Egyh\u00e1zk\u00f6zs\u00e9g","description":"","publisher":{"@id":"https:\/\/gyor.lutheran.hu\/#organization"},"potentialAction":[{"@type":"SearchAction","target":{"@type":"EntryPoint","urlTemplate":"https:\/\/gyor.lutheran.hu\/?s={search_term_string}"},"query-input":{"@type":"PropertyValueSpecification","valueRequired":true,"valueName":"search_term_string"}}],"inLanguage":"hu"},{"@type":"Organization","@id":"https:\/\/gyor.lutheran.hu\/#organization","name":"Gy\u0151ri Evang\u00e9likus Egyh\u00e1zk\u00f6zs\u00e9g","url":"https:\/\/gyor.lutheran.hu\/","logo":{"@type":"ImageObject","inLanguage":"hu","@id":"https:\/\/gyor.lutheran.hu\/#\/schema\/logo\/image\/","url":"https:\/\/gyor.lutheran.hu\/wp-content\/uploads\/2025\/02\/logo.jpg","contentUrl":"https:\/\/gyor.lutheran.hu\/wp-content\/uploads\/2025\/02\/logo.jpg","width":160,"height":160,"caption":"Gy\u0151ri Evang\u00e9likus Egyh\u00e1zk\u00f6zs\u00e9g"},"image":{"@id":"https:\/\/gyor.lutheran.hu\/#\/schema\/logo\/image\/"},"sameAs":["https:\/\/www.facebook.com\/profile.php?id=100064848424606"]}]}},"_links":{"self":[{"href":"https:\/\/gyor.lutheran.hu\/index.php?rest_route=\/wp\/v2\/pages\/707","targetHints":{"allow":["GET"]}}],"collection":[{"href":"https:\/\/gyor.lutheran.hu\/index.php?rest_route=\/wp\/v2\/pages"}],"about":[{"href":"https:\/\/gyor.lutheran.hu\/index.php?rest_route=\/wp\/v2\/types\/page"}],"author":[{"embeddable":true,"href":"https:\/\/gyor.lutheran.hu\/index.php?rest_route=\/wp\/v2\/users\/2"}],"replies":[{"embeddable":true,"href":"https:\/\/gyor.lutheran.hu\/index.php?rest_route=%2Fwp%2Fv2%2Fcomments&post=707"}],"version-history":[{"count":1,"href":"https:\/\/gyor.lutheran.hu\/index.php?rest_route=\/wp\/v2\/pages\/707\/revisions"}],"predecessor-version":[{"id":708,"href":"https:\/\/gyor.lutheran.hu\/index.php?rest_route=\/wp\/v2\/pages\/707\/revisions\/708"}],"up":[{"embeddable":true,"href":"https:\/\/gyor.lutheran.hu\/index.php?rest_route=\/wp\/v2\/pages\/18"}],"wp:attachment":[{"href":"https:\/\/gyor.lutheran.hu\/index.php?rest_route=%2Fwp%2Fv2%2Fmedia&parent=707"}],"curies":[{"name":"wp","href":"https:\/\/api.w.org\/{rel}","templated":true}]}}