{"id":891,"date":"2026-02-27T12:32:13","date_gmt":"2026-02-27T11:32:13","guid":{"rendered":"https:\/\/gyor.lutheran.hu\/?page_id=891"},"modified":"2026-02-27T12:35:17","modified_gmt":"2026-02-27T11:35:17","slug":"konfirmandus-tabor-2025-majus-30-junius-1-ekcp-kp-1-2025_2-000197","status":"publish","type":"page","link":"https:\/\/gyor.lutheran.hu\/?page_id=891","title":{"rendered":"Konfirmandus t\u00e1bor &#8211; 2025. m\u00e1jus 30.- j\u00fanius 1.  EKCP-KP-1-2025\/2-000197"},"content":{"rendered":"","protected":false},"excerpt":{"rendered":"","protected":false},"author":2,"featured_media":0,"parent":147,"menu_order":6,"comment_status":"closed","ping_status":"closed","template":"","meta":{"footnotes":""},"class_list":["post-891","page","type-page","status-publish","hentry"],"yoast_head":"<!-- This site is optimized with the Yoast SEO plugin v27.3 - https:\/\/yoast.com\/product\/yoast-seo-wordpress\/ -->\n<title>Konfirmandus t\u00e1bor - 2025. m\u00e1jus 30.- j\u00fanius 1. EKCP-KP-1-2025\/2-000197 - Gy\u0151ri Evang\u00e9likus Egyh\u00e1zk\u00f6zs\u00e9g<\/title>\n<meta name=\"robots\" content=\"index, follow, max-snippet:-1, max-image-preview:large, max-video-preview:-1\" \/>\n<link rel=\"canonical\" href=\"https:\/\/gyor.lutheran.hu\/?page_id=891\" \/>\n<meta property=\"og:locale\" content=\"hu_HU\" \/>\n<meta property=\"og:type\" content=\"article\" \/>\n<meta property=\"og:title\" content=\"Konfirmandus t\u00e1bor - 2025. m\u00e1jus 30.- j\u00fanius 1. EKCP-KP-1-2025\/2-000197 - Gy\u0151ri Evang\u00e9likus Egyh\u00e1zk\u00f6zs\u00e9g\" \/>\n<meta property=\"og:url\" content=\"https:\/\/gyor.lutheran.hu\/?page_id=891\" \/>\n<meta property=\"og:site_name\" content=\"Gy\u0151ri Evang\u00e9likus Egyh\u00e1zk\u00f6zs\u00e9g\" \/>\n<meta property=\"article:publisher\" content=\"https:\/\/www.facebook.com\/profile.php?id=100064848424606\" \/>\n<meta property=\"article:modified_time\" content=\"2026-02-27T11:35:17+00:00\" \/>\n<meta name=\"twitter:card\" content=\"summary_large_image\" \/>\n<script type=\"application\/ld+json\" class=\"yoast-schema-graph\">{\"@context\":\"https:\\\/\\\/schema.org\",\"@graph\":[{\"@type\":\"WebPage\",\"@id\":\"https:\\\/\\\/gyor.lutheran.hu\\\/?page_id=891\",\"url\":\"https:\\\/\\\/gyor.lutheran.hu\\\/?page_id=891\",\"name\":\"Konfirmandus t\u00e1bor - 2025. m\u00e1jus 30.- j\u00fanius 1. EKCP-KP-1-2025\\\/2-000197 - Gy\u0151ri Evang\u00e9likus Egyh\u00e1zk\u00f6zs\u00e9g\",\"isPartOf\":{\"@id\":\"https:\\\/\\\/gyor.lutheran.hu\\\/#website\"},\"datePublished\":\"2026-02-27T11:32:13+00:00\",\"dateModified\":\"2026-02-27T11:35:17+00:00\",\"breadcrumb\":{\"@id\":\"https:\\\/\\\/gyor.lutheran.hu\\\/?page_id=891#breadcrumb\"},\"inLanguage\":\"hu\",\"potentialAction\":[{\"@type\":\"ReadAction\",\"target\":[\"https:\\\/\\\/gyor.lutheran.hu\\\/?page_id=891\"]}]},{\"@type\":\"BreadcrumbList\",\"@id\":\"https:\\\/\\\/gyor.lutheran.hu\\\/?page_id=891#breadcrumb\",\"itemListElement\":[{\"@type\":\"ListItem\",\"position\":1,\"name\":\"Home\",\"item\":\"https:\\\/\\\/gyor.lutheran.hu\\\/\"},{\"@type\":\"ListItem\",\"position\":2,\"name\":\"P\u00e1ly\u00e1zatok\",\"item\":\"https:\\\/\\\/gyor.lutheran.hu\\\/?page_id=147\"},{\"@type\":\"ListItem\",\"position\":3,\"name\":\"Konfirmandus t\u00e1bor &#8211; 2025. m\u00e1jus 30.- j\u00fanius 1. EKCP-KP-1-2025\\\/2-000197\"}]},{\"@type\":\"WebSite\",\"@id\":\"https:\\\/\\\/gyor.lutheran.hu\\\/#website\",\"url\":\"https:\\\/\\\/gyor.lutheran.hu\\\/\",\"name\":\"Gy\u0151ri Evang\u00e9likus Egyh\u00e1zk\u00f6zs\u00e9g\",\"description\":\"\",\"publisher\":{\"@id\":\"https:\\\/\\\/gyor.lutheran.hu\\\/#organization\"},\"potentialAction\":[{\"@type\":\"SearchAction\",\"target\":{\"@type\":\"EntryPoint\",\"urlTemplate\":\"https:\\\/\\\/gyor.lutheran.hu\\\/?s={search_term_string}\"},\"query-input\":{\"@type\":\"PropertyValueSpecification\",\"valueRequired\":true,\"valueName\":\"search_term_string\"}}],\"inLanguage\":\"hu\"},{\"@type\":\"Organization\",\"@id\":\"https:\\\/\\\/gyor.lutheran.hu\\\/#organization\",\"name\":\"Gy\u0151ri Evang\u00e9likus Egyh\u00e1zk\u00f6zs\u00e9g\",\"url\":\"https:\\\/\\\/gyor.lutheran.hu\\\/\",\"logo\":{\"@type\":\"ImageObject\",\"inLanguage\":\"hu\",\"@id\":\"https:\\\/\\\/gyor.lutheran.hu\\\/#\\\/schema\\\/logo\\\/image\\\/\",\"url\":\"https:\\\/\\\/gyor.lutheran.hu\\\/wp-content\\\/uploads\\\/2025\\\/02\\\/logo.jpg\",\"contentUrl\":\"https:\\\/\\\/gyor.lutheran.hu\\\/wp-content\\\/uploads\\\/2025\\\/02\\\/logo.jpg\",\"width\":160,\"height\":160,\"caption\":\"Gy\u0151ri Evang\u00e9likus Egyh\u00e1zk\u00f6zs\u00e9g\"},\"image\":{\"@id\":\"https:\\\/\\\/gyor.lutheran.hu\\\/#\\\/schema\\\/logo\\\/image\\\/\"},\"sameAs\":[\"https:\\\/\\\/www.facebook.com\\\/profile.php?id=100064848424606\"]}]}<\/script>\n<!-- \/ Yoast SEO plugin. -->","yoast_head_json":{"title":"Konfirmandus t\u00e1bor - 2025. m\u00e1jus 30.- j\u00fanius 1. EKCP-KP-1-2025\/2-000197 - Gy\u0151ri Evang\u00e9likus Egyh\u00e1zk\u00f6zs\u00e9g","robots":{"index":"index","follow":"follow","max-snippet":"max-snippet:-1","max-image-preview":"max-image-preview:large","max-video-preview":"max-video-preview:-1"},"canonical":"https:\/\/gyor.lutheran.hu\/?page_id=891","og_locale":"hu_HU","og_type":"article","og_title":"Konfirmandus t\u00e1bor - 2025. m\u00e1jus 30.- j\u00fanius 1. EKCP-KP-1-2025\/2-000197 - Gy\u0151ri Evang\u00e9likus Egyh\u00e1zk\u00f6zs\u00e9g","og_url":"https:\/\/gyor.lutheran.hu\/?page_id=891","og_site_name":"Gy\u0151ri Evang\u00e9likus Egyh\u00e1zk\u00f6zs\u00e9g","article_publisher":"https:\/\/www.facebook.com\/profile.php?id=100064848424606","article_modified_time":"2026-02-27T11:35:17+00:00","twitter_card":"summary_large_image","schema":{"@context":"https:\/\/schema.org","@graph":[{"@type":"WebPage","@id":"https:\/\/gyor.lutheran.hu\/?page_id=891","url":"https:\/\/gyor.lutheran.hu\/?page_id=891","name":"Konfirmandus t\u00e1bor - 2025. m\u00e1jus 30.- j\u00fanius 1. EKCP-KP-1-2025\/2-000197 - Gy\u0151ri Evang\u00e9likus Egyh\u00e1zk\u00f6zs\u00e9g","isPartOf":{"@id":"https:\/\/gyor.lutheran.hu\/#website"},"datePublished":"2026-02-27T11:32:13+00:00","dateModified":"2026-02-27T11:35:17+00:00","breadcrumb":{"@id":"https:\/\/gyor.lutheran.hu\/?page_id=891#breadcrumb"},"inLanguage":"hu","potentialAction":[{"@type":"ReadAction","target":["https:\/\/gyor.lutheran.hu\/?page_id=891"]}]},{"@type":"BreadcrumbList","@id":"https:\/\/gyor.lutheran.hu\/?page_id=891#breadcrumb","itemListElement":[{"@type":"ListItem","position":1,"name":"Home","item":"https:\/\/gyor.lutheran.hu\/"},{"@type":"ListItem","position":2,"name":"P\u00e1ly\u00e1zatok","item":"https:\/\/gyor.lutheran.hu\/?page_id=147"},{"@type":"ListItem","position":3,"name":"Konfirmandus t\u00e1bor &#8211; 2025. m\u00e1jus 30.- j\u00fanius 1. EKCP-KP-1-2025\/2-000197"}]},{"@type":"WebSite","@id":"https:\/\/gyor.lutheran.hu\/#website","url":"https:\/\/gyor.lutheran.hu\/","name":"Gy\u0151ri Evang\u00e9likus Egyh\u00e1zk\u00f6zs\u00e9g","description":"","publisher":{"@id":"https:\/\/gyor.lutheran.hu\/#organization"},"potentialAction":[{"@type":"SearchAction","target":{"@type":"EntryPoint","urlTemplate":"https:\/\/gyor.lutheran.hu\/?s={search_term_string}"},"query-input":{"@type":"PropertyValueSpecification","valueRequired":true,"valueName":"search_term_string"}}],"inLanguage":"hu"},{"@type":"Organization","@id":"https:\/\/gyor.lutheran.hu\/#organization","name":"Gy\u0151ri Evang\u00e9likus Egyh\u00e1zk\u00f6zs\u00e9g","url":"https:\/\/gyor.lutheran.hu\/","logo":{"@type":"ImageObject","inLanguage":"hu","@id":"https:\/\/gyor.lutheran.hu\/#\/schema\/logo\/image\/","url":"https:\/\/gyor.lutheran.hu\/wp-content\/uploads\/2025\/02\/logo.jpg","contentUrl":"https:\/\/gyor.lutheran.hu\/wp-content\/uploads\/2025\/02\/logo.jpg","width":160,"height":160,"caption":"Gy\u0151ri Evang\u00e9likus Egyh\u00e1zk\u00f6zs\u00e9g"},"image":{"@id":"https:\/\/gyor.lutheran.hu\/#\/schema\/logo\/image\/"},"sameAs":["https:\/\/www.facebook.com\/profile.php?id=100064848424606"]}]}},"_links":{"self":[{"href":"https:\/\/gyor.lutheran.hu\/index.php?rest_route=\/wp\/v2\/pages\/891","targetHints":{"allow":["GET"]}}],"collection":[{"href":"https:\/\/gyor.lutheran.hu\/index.php?rest_route=\/wp\/v2\/pages"}],"about":[{"href":"https:\/\/gyor.lutheran.hu\/index.php?rest_route=\/wp\/v2\/types\/page"}],"author":[{"embeddable":true,"href":"https:\/\/gyor.lutheran.hu\/index.php?rest_route=\/wp\/v2\/users\/2"}],"replies":[{"embeddable":true,"href":"https:\/\/gyor.lutheran.hu\/index.php?rest_route=%2Fwp%2Fv2%2Fcomments&post=891"}],"version-history":[{"count":2,"href":"https:\/\/gyor.lutheran.hu\/index.php?rest_route=\/wp\/v2\/pages\/891\/revisions"}],"predecessor-version":[{"id":893,"href":"https:\/\/gyor.lutheran.hu\/index.php?rest_route=\/wp\/v2\/pages\/891\/revisions\/893"}],"up":[{"embeddable":true,"href":"https:\/\/gyor.lutheran.hu\/index.php?rest_route=\/wp\/v2\/pages\/147"}],"wp:attachment":[{"href":"https:\/\/gyor.lutheran.hu\/index.php?rest_route=%2Fwp%2Fv2%2Fmedia&parent=891"}],"curies":[{"name":"wp","href":"https:\/\/api.w.org\/{rel}","templated":true}]}}